{"id":1057,"date":"2024-04-02T15:07:21","date_gmt":"2024-04-02T13:07:21","guid":{"rendered":"https:\/\/www.edfeurope.com\/contatti\/"},"modified":"2024-05-14T18:45:32","modified_gmt":"2024-05-14T16:45:32","slug":"kontakte","status":"publish","type":"page","link":"https:\/\/www.edfeurope.com\/de\/kontakte\/","title":{"rendered":"Kontakte"},"content":{"rendered":"<div id=\"contact_us\">\n<div class=\"section\">\n<div class=\"row row-map\" id=\"map\">\n\t\t\t<!-- include maps -->\n\t\t<\/div>\n<\/p><\/div>\n<div class=\"section\">\n<div class=\"row\">\n<div class=\"row--header grid-3\">\n<div class=\"pad-left pad-top\">\n<h1>GERNE STEHEN WIR F\u00dcR INFORMATIONEN UND ANFRAGEN ZUR VERF\u00dcGUNG<\/h1>\n<\/div>\n<div><\/div>\n<div class=\"bg-blue\"><\/div>\n<\/p><\/div>\n<div class=\"row--content grid-3\">\n<div class=\"pad-left pad-top-10 pad-bottom\">\n\t\t\t\t\t<span>Um Informationen zu erhalten oder irgendeine Anfrage zu stellen, k\u00f6nnen Sie uns jederzeit &#8211; auch sofort &#8211; kontaktieren: F\u00fcllen Sie das Formular mit den erforderlichen Daten aus und senden Sie es an uns. Wir werden Ihnen schnellstm\u00f6glich antworten.<\/span>\n\t\t\t\t<\/div>\n<div class=\"company-info-main company-info pad-top-10 pad-bottom\">\n\t\t\t\t\t<span><br \/>\n\t\t\t\t\t\t<b>EDF EUROPE S.r.l. \u2013 Einmanngesellschaft<\/b><br \/>\n\t\t\t\t\t\tRechts- und Betriebssitz:<br \/>\n\t\t\t\t\t\t<a href=\"https:\/\/www.google.com\/maps\/dir\/\/Via+della+Meccanica,+10,+40050+Bologna+BO\/@44.6358644,11.3113445,13z\/data=!4m8!4m7!1m0!1m5!1m1!1s0x477fcc6f0ec6dead:0x8824971c9df1861d!2m2!1d11.3528356!2d44.6357684?entry=ttu\" target=\"_blank\" rel=\"noopener\">Via della Meccanica, 10 &#8211; 40050 Argelato (BO)<\/a><br \/>\n\t\t\t\t\t<\/span><br \/>\n\t\t\t\t\t<span><br \/>\n\t\t\t\t\t\tLoria Branch:<br \/>\n\t\t\t\t\t\t<a href=\"https:\/\/www.google.com\/maps\/dir\/\/Via+Fratelli+Pinarello,+22,+31037+Loria+TV\/@45.7277661,11.8278277,13z\/data=!4m8!4m7!1m0!1m5!1m1!1s0x4778d7e13b9e0bad:0x9edaf21d9d551047!2m2!1d11.8690112!2d45.7277122?entry=ttu\" target=\"_blank\" rel=\"noopener\">Via F.lli Pinarello, 22 &#8211; 31037 Loria (TV)<\/a><br \/>\n\t\t\t\t\t<\/span><br \/>\n\t\t\t\t\t<span><br \/>\n\t\t\t\t\t\tTelefon: <a href=\"tel:+390516631220\">+39 051 663 1220<\/a><br \/>\n\t\t\t\t\t\tFax: +39 051 663 0889<br \/>\n\t\t\t\t\t<\/span><br \/>\n\t\t\t\t\t<span class=\"company-email\"><br \/>\n\t\t\t\t\t\t<a href=\"mailto:info@edfeurope.com\"><br \/>\n\t\t\t\t\t\t\tinfo@edfeurope.com<br \/>\n\t\t\t\t\t\t<\/a><br \/>\n\t\t\t\t\t<\/span><br \/>\n\t\t\t\t\t<span><br \/>\n\t\t\t\t\t\tVolleinbez. Gesellschaftsk.: \u20ac 100.000,00<br \/>\n\t\t\t\t\t\tR.E.A. (= wirtschaftliches administratives Verzeichnis) Handels-, Industrie- und Landwirtschaftskammer Bologna Nr.: 478228<br \/>\n\t\t\t\t\t\tEintragungsnr. im Firmenbuch Bologna, Steuernummer, ID-Nummer, EORI-Nr.: IT 02929961205<br \/>\n\t\t\t\t\t<\/span>\n\t\t\t\t<\/div>\n<div class=\"contact-form form-contact_us bg-blue pad-top-10 pad-left pad-right pad-bottom\">\n\t\t\t\t\t\n<div class=\"wpcf7 no-js\" id=\"wpcf7-f1087-o1\" lang=\"de-DE\" dir=\"ltr\" data-wpcf7-id=\"1087\">\n<div class=\"screen-reader-response\"><p role=\"status\" aria-live=\"polite\" aria-atomic=\"true\"><\/p> <ul><\/ul><\/div>\n<form action=\"\/de\/wp-json\/wp\/v2\/pages\/1057#wpcf7-f1087-o1\" method=\"post\" class=\"wpcf7-form init\" aria-label=\"Kontaktformular\" novalidate=\"novalidate\" data-status=\"init\">\n<fieldset class=\"hidden-fields-container\"><input type=\"hidden\" name=\"_wpcf7\" value=\"1087\" \/><input type=\"hidden\" name=\"_wpcf7_version\" value=\"6.1.5\" \/><input type=\"hidden\" name=\"_wpcf7_locale\" value=\"de_DE\" \/><input type=\"hidden\" name=\"_wpcf7_unit_tag\" value=\"wpcf7-f1087-o1\" \/><input type=\"hidden\" name=\"_wpcf7_container_post\" value=\"0\" \/><input type=\"hidden\" name=\"_wpcf7_posted_data_hash\" value=\"\" \/>\n<\/fieldset>\n<div class=\"form--row\">\n    <span class=\"wpcf7-form-control-wrap\" data-name=\"form-name\"><input size=\"40\" maxlength=\"400\" class=\"wpcf7-form-control wpcf7-text wpcf7-validates-as-required\" aria-required=\"true\" aria-invalid=\"false\" placeholder=\"Name\" value=\"\" type=\"text\" name=\"form-name\" \/><\/span>\n<\/div>\n<div class=\"form--row\">\n    <span class=\"wpcf7-form-control-wrap\" data-name=\"form-surname\"><input size=\"40\" maxlength=\"400\" class=\"wpcf7-form-control wpcf7-text wpcf7-validates-as-required\" aria-required=\"true\" aria-invalid=\"false\" placeholder=\"Nachname\" value=\"\" type=\"text\" name=\"form-surname\" \/><\/span>\n<\/div>\n<div class=\"form--row\">\n    <span class=\"wpcf7-form-control-wrap\" data-name=\"form-email\"><input size=\"40\" maxlength=\"400\" class=\"wpcf7-form-control wpcf7-email wpcf7-validates-as-required wpcf7-text wpcf7-validates-as-email\" aria-required=\"true\" aria-invalid=\"false\" placeholder=\"eMail\" value=\"\" type=\"email\" name=\"form-email\" \/><\/span>\n<\/div>\n<div class=\"form--row\">\n    <span class=\"wpcf7-form-control-wrap\" data-name=\"form-country\"><input size=\"40\" maxlength=\"400\" class=\"wpcf7-form-control wpcf7-text\" aria-invalid=\"false\" placeholder=\"Land\" value=\"\" type=\"text\" name=\"form-country\" \/><\/span>\n<\/div>\n<div class=\"form--row\">\n    <span class=\"wpcf7-form-control-wrap\" data-name=\"form-text\"><textarea cols=\"10\" rows=\"2\" maxlength=\"2000\" class=\"wpcf7-form-control wpcf7-textarea\" aria-invalid=\"false\" placeholder=\"Anfrage\" name=\"form-text\"><\/textarea><\/span>\n<\/div>\n<div class=\"form--row form--checkbox\">\n    <span class=\"wpcf7-form-control-wrap\" data-name=\"form-privacy\"><span class=\"wpcf7-form-control wpcf7-acceptance\"><span class=\"wpcf7-list-item\"><input type=\"checkbox\" name=\"form-privacy\" value=\"1\" aria-invalid=\"false\" \/><\/span><\/span><\/span>\n    <label for=\"form-privacy\">Zustimmung zur Behandlung und Verwendung meinen <a href=\"\/de\/privacy-policy\/\" target=\"_blank\">pers\u00f6nlichen Daten<\/a><\/label>\n<\/div>\n<div class=\"form--row\">\n<span id=\"wpcf7-69e01c27f149d-wrapper\" class=\"wpcf7-form-control-wrap email-required-wrap\" style=\"display:none !important; visibility:hidden !important;\"><label for=\"wpcf7-69e01c27f149d-field\" class=\"hp-message\">Bitte lasse dieses Feld leer.<\/label><input id=\"wpcf7-69e01c27f149d-field\"  class=\"wpcf7-form-control wpcf7-text\" type=\"text\" name=\"email-required\" value=\"\" size=\"40\" tabindex=\"-1\" autocomplete=\"new-password\" \/><\/span>\n<div class=\"send-btn\">\n    <input class=\"wpcf7-form-control wpcf7-submit has-spinner form-btn\" type=\"submit\" value=\"Absenden\" \/>\n<\/div>\n<\/div><div class=\"wpcf7-response-output\" aria-hidden=\"true\"><\/div>\n<\/form>\n<\/div>\n\n\t\t\t\t<\/div>\n<\/p><\/div>\n<\/p><\/div>\n<\/p><\/div>\n<\/div>\n<p><script>\n  \/\/ Initialize and add the map\n  let map;<\/p>\n<p>  async function initMap() {\n    const initialPosition = { lat: 45.4065566, lng: 11.8500462 };<\/p>\n<p>    const { Map } = await google.maps.importLibrary(\"maps\");\n    const { AdvancedMarkerElement } = await google.maps.importLibrary(\"marker\");<\/p>\n<p>    map = new Map(document.getElementById(\"map\"), {\n      zoom: 7,\n      center: initialPosition,\n      styles: [{\"featureType\":\"water\",\"elementType\":\"geometry.fill\",\"stylers\":[{\"color\":\"#d3d3d3\"}]},{\"featureType\":\"transit\",\"stylers\":[{\"color\":\"#808080\"},{\"visibility\":\"off\"}]},{\"featureType\":\"road.highway\",\"elementType\":\"geometry.stroke\",\"stylers\":[{\"visibility\":\"on\"},{\"color\":\"#b3b3b3\"}]},{\"featureType\":\"road.highway\",\"elementType\":\"geometry.fill\",\"stylers\":[{\"color\":\"#ffffff\"}]},{\"featureType\":\"road.local\",\"elementType\":\"geometry.fill\",\"stylers\":[{\"visibility\":\"on\"},{\"color\":\"#ffffff\"},{\"weight\":1.8}]},{\"featureType\":\"road.local\",\"elementType\":\"geometry.stroke\",\"stylers\":[{\"color\":\"#d7d7d7\"}]},{\"featureType\":\"poi\",\"elementType\":\"geometry.fill\",\"stylers\":[{\"visibility\":\"on\"},{\"color\":\"#ebebeb\"}]},{\"featureType\":\"administrative\",\"elementType\":\"geometry\",\"stylers\":[{\"color\":\"#a7a7a7\"}]},{\"featureType\":\"road.arterial\",\"elementType\":\"geometry.fill\",\"stylers\":[{\"color\":\"#ffffff\"}]},{\"featureType\":\"road.arterial\",\"elementType\":\"geometry.fill\",\"stylers\":[{\"color\":\"#ffffff\"}]},{\"featureType\":\"landscape\",\"elementType\":\"geometry.fill\",\"stylers\":[{\"visibility\":\"on\"},{\"color\":\"#efefef\"}]},{\"featureType\":\"road\",\"elementType\":\"labels.text.fill\",\"stylers\":[{\"color\":\"#696969\"}]},{\"featureType\":\"administrative\",\"elementType\":\"labels.text.fill\",\"stylers\":[{\"visibility\":\"on\"},{\"color\":\"#737373\"}]},{\"featureType\":\"poi\",\"elementType\":\"labels.icon\",\"stylers\":[{\"visibility\":\"off\"}]},{\"featureType\":\"poi\",\"elementType\":\"labels\",\"stylers\":[{\"visibility\":\"off\"}]},{\"featureType\":\"road.arterial\",\"elementType\":\"geometry.stroke\",\"stylers\":[{\"color\":\"#d6d6d6\"}]},{\"featureType\":\"road\",\"elementType\":\"labels.icon\",\"stylers\":[{\"visibility\":\"off\"}]},{},{\"featureType\":\"poi\",\"elementType\":\"geometry.fill\",\"stylers\":[{\"color\":\"#dadada\"}]}]\n    });<\/p>\n<p>    const markers = [\n      { position: { lat: 44.6358108, lng: 11.3526296 }, title: \"EDF EUROPE S.r.l. \u2013 Societ\u00e0 a socio unico\", \n      content: `<b style=\"line-height: 20px;\">Sede legale e operativa<\/b><br \/>\n      <a href='#' style=\"line-height: 25px;\">Via della Meccanica, 10 - 40050 Argelato (BO)<\/a>` },\n      { position: { lat: 45.7277136, lng: 11.8691128 }, title: \"EDF EUROPE S.r.l. \u2013 Societ\u00e0 a socio unico\", \n      content: `<b style=\"line-height: 20px;\">Loria Branch<\/b><br \/>\n      <a href='#' style=\"line-height: 25px;\">Via F.lli Pinarello, 22 - 31037 Loria (TV)<\/a>` },\n      ];<\/p>\n<p>    const infoWindow = new google.maps.InfoWindow();<\/p>\n<p>    const markerIcon = {\n\t\t  url: 'data:image\/svg+xml;charset=UTF-8,' + encodeURIComponent('<svg xmlns=\"http:\/\/www.w3.org\/2000\/svg\" width=\"41.125\" height=\"52.341\" viewBox=\"0 0 41.125 52.341\"><path id=\"map-pin\" d=\"M60.563,27.216a9.347,9.347,0,1,0,9.347,9.347,9.347,9.347,0,0,0-9.347-9.347Zm0,14.955a5.608,5.608,0,1,1,5.608-5.608A5.608,5.608,0,0,1,60.563,42.171Zm0-26.171A20.586,20.586,0,0,0,40,36.563c0,7.337,3.391,15.114,9.814,22.491A59.4,59.4,0,0,0,59.5,68a1.869,1.869,0,0,0,2.145,0,59.4,59.4,0,0,0,9.667-8.949c6.414-7.377,9.814-15.153,9.814-22.49A20.586,20.586,0,0,0,60.563,16Zm0,48.136C56.7,61.1,43.739,49.94,43.739,36.563a16.824,16.824,0,1,1,33.648,0C77.387,49.936,64.425,61.1,60.563,64.136Z\" transform=\"translate(-40 -16)\" fill=\"#2856a3\"\/><\/svg>'),\n\t\t  size: new google.maps.Size(41.125, 52.341), \/\/ Set the size of the icon\n\t\t  scaledSize: new google.maps.Size(41.125, 52.341), \/\/ Set the scaled size of the icon\n\t\t  origin: new google.maps.Point(0, 0), \/\/ Set the origin point of the icon\n\t\t  anchor: new google.maps.Point(20.5625, 52.341) \/\/ Set the anchor point of the icon\n\t\t};<\/p>\n<p>    markers.forEach(markerData => {\n      const marker = new google.maps.Marker({\n        map: map,\n        position: markerData.position,\n        title: markerData.title,\n        icon: markerIcon\n      });<\/p>\n<p>      marker.addListener(\"click\", () => {\n        infoWindow.setContent(`<\/p>\n<div>${markerData.content}<\/div>\n<p>`);\n        infoWindow.open(map, marker);\n      });\n    });\n  }<\/p>\n<p>  jQuery(document).ready(function($) {\n    initMap();<\/p>\n<p>\/\/ Change Map zoom level based on screen size\n    window.addEventListener(\"resize\", function () {\n      const newZoom = window.innerWidth < 1400 ? 5 : 7;\n      map.setZoom(newZoom);\n    });\n  });\n<\/script><\/p>\n","protected":false},"excerpt":{"rendered":"<p>GERNE STEHEN WIR F\u00dcR INFORMATIONEN UND ANFRAGEN ZUR VERF\u00dcGUNG Um Informationen zu erhalten oder irgendeine Anfrage zu stellen, k\u00f6nnen Sie uns jederzeit &#8211; auch sofort &#8211; kontaktieren: F\u00fcllen Sie das Formular mit den erforderlichen Daten aus und senden Sie es an uns. Wir werden Ihnen schnellstm\u00f6glich antworten. EDF EUROPE S.r.l. \u2013 Einmanngesellschaft Rechts- und Betriebssitz: [&hellip;]<\/p>\n","protected":false},"author":1,"featured_media":0,"parent":0,"menu_order":0,"comment_status":"closed","ping_status":"closed","template":"","meta":{"_acf_changed":false,"inline_featured_image":false,"footnotes":""},"class_list":["post-1057","page","type-page","status-publish","hentry"],"acf":[],"yoast_head":"<!-- This site is optimized with the Yoast SEO plugin v27.4 - https:\/\/yoast.com\/product\/yoast-seo-wordpress\/ -->\n<title>Kontakte - EDF Europe<\/title>\n<meta name=\"description\" content=\"GERNE STEHEN WIR F\u00dcR INFORMATIONEN UND ANFRAGEN ZUR VERF\u00dcGUNG Um Informationen zu erhalten oder irgendeine Anfrage zu stellen, k\u00f6nnen Sie uns jederzeit -\" \/>\n<meta name=\"robots\" content=\"index, follow, max-snippet:-1, max-image-preview:large, max-video-preview:-1\" \/>\n<link rel=\"canonical\" href=\"https:\/\/www.edfeurope.com\/de\/kontakte\/\" \/>\n<meta property=\"og:locale\" content=\"de_DE\" \/>\n<meta property=\"og:type\" content=\"article\" \/>\n<meta property=\"og:title\" content=\"Kontakte - EDF Europe\" \/>\n<meta property=\"og:description\" content=\"GERNE STEHEN WIR F\u00dcR INFORMATIONEN UND ANFRAGEN ZUR VERF\u00dcGUNG Um Informationen zu erhalten oder irgendeine Anfrage zu stellen, k\u00f6nnen Sie uns jederzeit -\" \/>\n<meta property=\"og:url\" content=\"https:\/\/www.edfeurope.com\/de\/kontakte\/\" \/>\n<meta property=\"og:site_name\" content=\"EDF Europe\" \/>\n<meta property=\"article:modified_time\" content=\"2024-05-14T16:45:32+00:00\" \/>\n<meta name=\"twitter:card\" content=\"summary_large_image\" \/>\n<meta name=\"twitter:label1\" content=\"Gesch\u00e4tzte Lesezeit\" \/>\n\t<meta name=\"twitter:data1\" content=\"1\u00a0Minute\" \/>\n<script type=\"application\/ld+json\" class=\"yoast-schema-graph\">{\"@context\":\"https:\\\/\\\/schema.org\",\"@graph\":[{\"@type\":\"WebPage\",\"@id\":\"https:\\\/\\\/www.edfeurope.com\\\/de\\\/kontakte\\\/\",\"url\":\"https:\\\/\\\/www.edfeurope.com\\\/de\\\/kontakte\\\/\",\"name\":\"Kontakte - EDF Europe\",\"isPartOf\":{\"@id\":\"https:\\\/\\\/www.edfeurope.com\\\/de\\\/#website\"},\"datePublished\":\"2024-04-02T13:07:21+00:00\",\"dateModified\":\"2024-05-14T16:45:32+00:00\",\"description\":\"GERNE STEHEN WIR F\u00dcR INFORMATIONEN UND ANFRAGEN ZUR VERF\u00dcGUNG Um Informationen zu erhalten oder irgendeine Anfrage zu stellen, k\u00f6nnen Sie uns jederzeit -\",\"breadcrumb\":{\"@id\":\"https:\\\/\\\/www.edfeurope.com\\\/de\\\/kontakte\\\/#breadcrumb\"},\"inLanguage\":\"de\",\"potentialAction\":[{\"@type\":\"ReadAction\",\"target\":[\"https:\\\/\\\/www.edfeurope.com\\\/de\\\/kontakte\\\/\"]}]},{\"@type\":\"BreadcrumbList\",\"@id\":\"https:\\\/\\\/www.edfeurope.com\\\/de\\\/kontakte\\\/#breadcrumb\",\"itemListElement\":[{\"@type\":\"ListItem\",\"position\":1,\"name\":\"Home\",\"item\":\"https:\\\/\\\/www.edfeurope.com\\\/de\\\/\"},{\"@type\":\"ListItem\",\"position\":2,\"name\":\"Kontakte\"}]},{\"@type\":\"WebSite\",\"@id\":\"https:\\\/\\\/www.edfeurope.com\\\/de\\\/#website\",\"url\":\"https:\\\/\\\/www.edfeurope.com\\\/de\\\/\",\"name\":\"EDF Europe\",\"description\":\"Corrugated cardboard converting machines\",\"publisher\":{\"@id\":\"https:\\\/\\\/www.edfeurope.com\\\/de\\\/#organization\"},\"potentialAction\":[{\"@type\":\"SearchAction\",\"target\":{\"@type\":\"EntryPoint\",\"urlTemplate\":\"https:\\\/\\\/www.edfeurope.com\\\/de\\\/?s={search_term_string}\"},\"query-input\":{\"@type\":\"PropertyValueSpecification\",\"valueRequired\":true,\"valueName\":\"search_term_string\"}}],\"inLanguage\":\"de\"},{\"@type\":\"Organization\",\"@id\":\"https:\\\/\\\/www.edfeurope.com\\\/de\\\/#organization\",\"name\":\"EDF Europe\",\"url\":\"https:\\\/\\\/www.edfeurope.com\\\/de\\\/\",\"logo\":{\"@type\":\"ImageObject\",\"inLanguage\":\"de\",\"@id\":\"https:\\\/\\\/www.edfeurope.com\\\/de\\\/#\\\/schema\\\/logo\\\/image\\\/\",\"url\":\"https:\\\/\\\/www.edfeurope.com\\\/edf-new\\\/wp-content\\\/uploads\\\/2024\\\/04\\\/edf-logo.svg\",\"contentUrl\":\"https:\\\/\\\/www.edfeurope.com\\\/edf-new\\\/wp-content\\\/uploads\\\/2024\\\/04\\\/edf-logo.svg\",\"width\":\"1024\",\"height\":\"1024\",\"caption\":\"EDF Europe\"},\"image\":{\"@id\":\"https:\\\/\\\/www.edfeurope.com\\\/de\\\/#\\\/schema\\\/logo\\\/image\\\/\"}}]}<\/script>\n<!-- \/ Yoast SEO plugin. -->","yoast_head_json":{"title":"Kontakte - EDF Europe","description":"GERNE STEHEN WIR F\u00dcR INFORMATIONEN UND ANFRAGEN ZUR VERF\u00dcGUNG Um Informationen zu erhalten oder irgendeine Anfrage zu stellen, k\u00f6nnen Sie uns jederzeit -","robots":{"index":"index","follow":"follow","max-snippet":"max-snippet:-1","max-image-preview":"max-image-preview:large","max-video-preview":"max-video-preview:-1"},"canonical":"https:\/\/www.edfeurope.com\/de\/kontakte\/","og_locale":"de_DE","og_type":"article","og_title":"Kontakte - EDF Europe","og_description":"GERNE STEHEN WIR F\u00dcR INFORMATIONEN UND ANFRAGEN ZUR VERF\u00dcGUNG Um Informationen zu erhalten oder irgendeine Anfrage zu stellen, k\u00f6nnen Sie uns jederzeit -","og_url":"https:\/\/www.edfeurope.com\/de\/kontakte\/","og_site_name":"EDF Europe","article_modified_time":"2024-05-14T16:45:32+00:00","twitter_card":"summary_large_image","twitter_misc":{"Gesch\u00e4tzte Lesezeit":"1\u00a0Minute"},"schema":{"@context":"https:\/\/schema.org","@graph":[{"@type":"WebPage","@id":"https:\/\/www.edfeurope.com\/de\/kontakte\/","url":"https:\/\/www.edfeurope.com\/de\/kontakte\/","name":"Kontakte - EDF Europe","isPartOf":{"@id":"https:\/\/www.edfeurope.com\/de\/#website"},"datePublished":"2024-04-02T13:07:21+00:00","dateModified":"2024-05-14T16:45:32+00:00","description":"GERNE STEHEN WIR F\u00dcR INFORMATIONEN UND ANFRAGEN ZUR VERF\u00dcGUNG Um Informationen zu erhalten oder irgendeine Anfrage zu stellen, k\u00f6nnen Sie uns jederzeit -","breadcrumb":{"@id":"https:\/\/www.edfeurope.com\/de\/kontakte\/#breadcrumb"},"inLanguage":"de","potentialAction":[{"@type":"ReadAction","target":["https:\/\/www.edfeurope.com\/de\/kontakte\/"]}]},{"@type":"BreadcrumbList","@id":"https:\/\/www.edfeurope.com\/de\/kontakte\/#breadcrumb","itemListElement":[{"@type":"ListItem","position":1,"name":"Home","item":"https:\/\/www.edfeurope.com\/de\/"},{"@type":"ListItem","position":2,"name":"Kontakte"}]},{"@type":"WebSite","@id":"https:\/\/www.edfeurope.com\/de\/#website","url":"https:\/\/www.edfeurope.com\/de\/","name":"EDF Europe","description":"Corrugated cardboard converting machines","publisher":{"@id":"https:\/\/www.edfeurope.com\/de\/#organization"},"potentialAction":[{"@type":"SearchAction","target":{"@type":"EntryPoint","urlTemplate":"https:\/\/www.edfeurope.com\/de\/?s={search_term_string}"},"query-input":{"@type":"PropertyValueSpecification","valueRequired":true,"valueName":"search_term_string"}}],"inLanguage":"de"},{"@type":"Organization","@id":"https:\/\/www.edfeurope.com\/de\/#organization","name":"EDF Europe","url":"https:\/\/www.edfeurope.com\/de\/","logo":{"@type":"ImageObject","inLanguage":"de","@id":"https:\/\/www.edfeurope.com\/de\/#\/schema\/logo\/image\/","url":"https:\/\/www.edfeurope.com\/edf-new\/wp-content\/uploads\/2024\/04\/edf-logo.svg","contentUrl":"https:\/\/www.edfeurope.com\/edf-new\/wp-content\/uploads\/2024\/04\/edf-logo.svg","width":"1024","height":"1024","caption":"EDF Europe"},"image":{"@id":"https:\/\/www.edfeurope.com\/de\/#\/schema\/logo\/image\/"}}]}},"_links":{"self":[{"href":"https:\/\/www.edfeurope.com\/de\/wp-json\/wp\/v2\/pages\/1057","targetHints":{"allow":["GET"]}}],"collection":[{"href":"https:\/\/www.edfeurope.com\/de\/wp-json\/wp\/v2\/pages"}],"about":[{"href":"https:\/\/www.edfeurope.com\/de\/wp-json\/wp\/v2\/types\/page"}],"author":[{"embeddable":true,"href":"https:\/\/www.edfeurope.com\/de\/wp-json\/wp\/v2\/users\/1"}],"replies":[{"embeddable":true,"href":"https:\/\/www.edfeurope.com\/de\/wp-json\/wp\/v2\/comments?post=1057"}],"version-history":[{"count":3,"href":"https:\/\/www.edfeurope.com\/de\/wp-json\/wp\/v2\/pages\/1057\/revisions"}],"predecessor-version":[{"id":1313,"href":"https:\/\/www.edfeurope.com\/de\/wp-json\/wp\/v2\/pages\/1057\/revisions\/1313"}],"wp:attachment":[{"href":"https:\/\/www.edfeurope.com\/de\/wp-json\/wp\/v2\/media?parent=1057"}],"curies":[{"name":"wp","href":"https:\/\/api.w.org\/{rel}","templated":true}]}}