{"id":1066,"date":"2024-03-29T15:51:18","date_gmt":"2024-03-29T14:51:18","guid":{"rendered":"https:\/\/www.edfeurope.com\/homepage\/"},"modified":"2024-05-14T18:40:18","modified_gmt":"2024-05-14T16:40:18","slug":"homepage","status":"publish","type":"page","link":"https:\/\/www.edfeurope.com\/de\/","title":{"rendered":"Homepage"},"content":{"rendered":"<div id=\"home\">\n<div class=\"section\">\n<div class=\"row row-grid\">\n<div class=\"box box-text box-grey\">\n<div class=\"box--content\">\n<h1>Erfahrung und Innovation im Dienste der Verpackung mit Wellpappe<\/h1>\n<p>\t\t\t\t\t<span>Wir bieten L\u00f6sungen an, die die von den Branchenstandards geforderten Garantien mit der bestm\u00f6glichen Umsetzung der spezifischen sowohl an die betriebliche Flexibilit\u00e4t als auch an die Anpassungsf\u00e4higkeit an die Eigenschaften der Produktionsbereiche gestellten Anforderungen verbinden.<\/span><br \/>\n\t\t\t\t\t<a href=\"https:\/\/www.edfeurope.com\/de\/wer-wir-sind\/\" class=\"btn\">entdecken Sie mehr<svg xmlns=\"http:\/\/www.w3.org\/2000\/svg\" data-name=\"Raggruppa 7\" viewBox=\"0 0 6.846 11.652\"><defs><clipPath id=\"a\"><path fill=\"#797f89\" d=\"M0 0h6.846v11.652H0z\" data-name=\"Rettangolo 44\"\/><\/clipPath><\/defs><g clip-path=\"url(#a)\" data-name=\"Raggruppa 6\"><path fill=\"#797f89\" d=\"M6.66 5.371 1.474.186a.639.639 0 0 0-.9 0L.191.568a.638.638 0 0 0 0 .9l4.354 4.356-4.359 4.359a.639.639 0 0 0 0 .9l.382.382a.639.639 0 0 0 .9 0l5.19-5.19a.643.643 0 0 0 0-.9\" data-name=\"Tracciato 45\"\/><\/g><\/svg><\/a>\n\t\t\t\t<\/div>\n<\/p><\/div>\n<div class=\"box box-img\">\n\t\t\t\t<img decoding=\"async\" src=\"\/edf-new\/wp-content\/uploads\/2024\/04\/edf-header-01.jpg\" alt=\"EDF Europe - Erfahrung und Innovation im Dienste der Verpackung mit Wellpappe\">\n\t\t\t<\/div>\n<\/p><\/div>\n<\/p><\/div>\n<div class=\"section\">\n<div class=\"row row-grid\">\n<div class=\"box box-text pad-md-20\">\n<div class=\"box--content\">\n<h2>Die Gew\u00e4hrleistung eines kompletten Systems<\/h2>\n<\/p><\/div>\n<\/p><\/div>\n<div class=\"box box-text no-pad-left j-start\">\n\t\t\t\t<span>Wir stellen den Herstellern von Verpackungen aus Wellpappe eine <b>gro\u00dfe Auswahl an Verarbeitungsmaschinen<\/b> und eine <b>au\u00dferordentlich umfangreiche Palette an Peripherieger\u00e4ten bereit<\/b>. Unser Angebot ist so breit gef\u00e4chert, vielf\u00e4ltig und fortschrittlich, dass es alle Anforderungen an eine komplette Produktionsanlage zu erf\u00fcllen wei\u00df.<\/span>\n\t\t\t<\/div>\n<\/p><\/div>\n<\/p><\/div>\n<div class=\"section\">\n<div class=\"row row-grid grid-even pad no-pad-top\">\n<div class=\"box box-cat\">\n<div class=\"box-cat--img\">\n\t\t\t\t\t<img decoding=\"async\" src=\"\/edf-new\/wp-content\/uploads\/2024\/04\/edf-prodotti-periferici.jpg\" alt=\"EDF Europe | Peripherieger\u00e4te\">\n\t\t\t\t<\/div>\n<div class=\"box-cat--content\">\n<div class=\"col\">\n<h2>Peripherieger\u00e4te<\/h2>\n<ul>\n<li><a href=\"\/de\/produkte\/beschicken\/\">Beschicken<svg xmlns=\"http:\/\/www.w3.org\/2000\/svg\" data-name=\"Raggruppa 7\" viewBox=\"0 0 6.846 11.652\"><defs><clipPath id=\"a\"><path fill=\"#797f89\" d=\"M0 0h6.846v11.652H0z\" data-name=\"Rettangolo 44\"\/><\/clipPath><\/defs><g clip-path=\"url(#a)\" data-name=\"Raggruppa 6\"><path fill=\"#797f89\" d=\"M6.66 5.371 1.474.186a.639.639 0 0 0-.9 0L.191.568a.638.638 0 0 0 0 .9l4.354 4.356-4.359 4.359a.639.639 0 0 0 0 .9l.382.382a.639.639 0 0 0 .9 0l5.19-5.19a.643.643 0 0 0 0-.9\" data-name=\"Tracciato 45\"\/><\/g><\/svg><\/a><\/li>\n<li><a href=\"\/de\/produkte\/stapeln-und-sammeln\/\">Stapeln und Sammeln<svg xmlns=\"http:\/\/www.w3.org\/2000\/svg\" data-name=\"Raggruppa 7\" viewBox=\"0 0 6.846 11.652\"><defs><clipPath id=\"a\"><path fill=\"#797f89\" d=\"M0 0h6.846v11.652H0z\" data-name=\"Rettangolo 44\"\/><\/clipPath><\/defs><g clip-path=\"url(#a)\" data-name=\"Raggruppa 6\"><path fill=\"#797f89\" d=\"M6.66 5.371 1.474.186a.639.639 0 0 0-.9 0L.191.568a.638.638 0 0 0 0 .9l4.354 4.356-4.359 4.359a.639.639 0 0 0 0 .9l.382.382a.639.639 0 0 0 .9 0l5.19-5.19a.643.643 0 0 0 0-.9\" data-name=\"Tracciato 45\"\/><\/g><\/svg><\/a><\/li>\n<li><a href=\"\/de\/produkte\/vereinzelung\/\">Vereinzelung<svg xmlns=\"http:\/\/www.w3.org\/2000\/svg\" data-name=\"Raggruppa 7\" viewBox=\"0 0 6.846 11.652\"><defs><clipPath id=\"a\"><path fill=\"#797f89\" d=\"M0 0h6.846v11.652H0z\" data-name=\"Rettangolo 44\"\/><\/clipPath><\/defs><g clip-path=\"url(#a)\" data-name=\"Raggruppa 6\"><path fill=\"#797f89\" d=\"M6.66 5.371 1.474.186a.639.639 0 0 0-.9 0L.191.568a.638.638 0 0 0 0 .9l4.354 4.356-4.359 4.359a.639.639 0 0 0 0 .9l.382.382a.639.639 0 0 0 .9 0l5.19-5.19a.643.643 0 0 0 0-.9\" data-name=\"Tracciato 45\"\/><\/g><\/svg><\/a><\/li>\n<li><a href=\"\/de\/produkte\/palettierung\/\">Palettierung<svg xmlns=\"http:\/\/www.w3.org\/2000\/svg\" data-name=\"Raggruppa 7\" viewBox=\"0 0 6.846 11.652\"><defs><clipPath id=\"a\"><path fill=\"#797f89\" d=\"M0 0h6.846v11.652H0z\" data-name=\"Rettangolo 44\"\/><\/clipPath><\/defs><g clip-path=\"url(#a)\" data-name=\"Raggruppa 6\"><path fill=\"#797f89\" d=\"M6.66 5.371 1.474.186a.639.639 0 0 0-.9 0L.191.568a.638.638 0 0 0 0 .9l4.354 4.356-4.359 4.359a.639.639 0 0 0 0 .9l.382.382a.639.639 0 0 0 .9 0l5.19-5.19a.643.643 0 0 0 0-.9\" data-name=\"Tracciato 45\"\/><\/g><\/svg><\/a><\/li>\n<\/ul><\/div>\n<div class=\"col\">\n\t\t\t\t\t\t<span>Peripherieger\u00e4te zum Beschicken, Stapeln und Sammeln, Vereinzeln und Palettieren, die mit Maschinen anderer Hersteller kompatibel sind und in jede Produktionsanlage eingebunden werden k\u00f6nnen. <\/span><br \/>\n\t\t\t\t\t\t<a href=\"\/de\/produkte\/peripheriegeraete\/\" class=\"btn white\">Erkunden Sie das Angebot<svg xmlns=\"http:\/\/www.w3.org\/2000\/svg\" data-name=\"Raggruppa 7\" viewBox=\"0 0 6.846 11.652\"><defs><clipPath id=\"a\"><path fill=\"#797f89\" d=\"M0 0h6.846v11.652H0z\" data-name=\"Rettangolo 44\"\/><\/clipPath><\/defs><g clip-path=\"url(#a)\" data-name=\"Raggruppa 6\"><path fill=\"#797f89\" d=\"M6.66 5.371 1.474.186a.639.639 0 0 0-.9 0L.191.568a.638.638 0 0 0 0 .9l4.354 4.356-4.359 4.359a.639.639 0 0 0 0 .9l.382.382a.639.639 0 0 0 .9 0l5.19-5.19a.643.643 0 0 0 0-.9\" data-name=\"Tracciato 45\"\/><\/g><\/svg><\/a>\n\t\t\t\t\t<\/div>\n<\/p><\/div>\n<\/p><\/div>\n<div class=\"box box-cat\">\n<div class=\"box-cat--img\">\n\t\t\t\t\t<img decoding=\"async\" src=\"\/edf-new\/wp-content\/uploads\/2024\/04\/edf-prodotti-converting.jpg\" alt=\"EDF Europe | Converting\">\n\t\t\t\t<\/div>\n<div class=\"box-cat--content\">\n<div class=\"col\">\n<h2>Verarbeitung<\/h2>\n<ul>\n<li><a href=\"\/de\/produkte\/open-close\/\">Open \/ close<svg xmlns=\"http:\/\/www.w3.org\/2000\/svg\" data-name=\"Raggruppa 7\" viewBox=\"0 0 6.846 11.652\"><defs><clipPath id=\"a\"><path fill=\"#797f89\" d=\"M0 0h6.846v11.652H0z\" data-name=\"Rettangolo 44\"\/><\/clipPath><\/defs><g clip-path=\"url(#a)\" data-name=\"Raggruppa 6\"><path fill=\"#797f89\" d=\"M6.66 5.371 1.474.186a.639.639 0 0 0-.9 0L.191.568a.638.638 0 0 0 0 .9l4.354 4.356-4.359 4.359a.639.639 0 0 0 0 .9l.382.382a.639.639 0 0 0 .9 0l5.19-5.19a.643.643 0 0 0 0-.9\" data-name=\"Tracciato 45\"\/><\/g><\/svg><\/a><\/li>\n<li><a href=\"\/de\/produkte\/fix-group\/\">Fix group<svg xmlns=\"http:\/\/www.w3.org\/2000\/svg\" data-name=\"Raggruppa 7\" viewBox=\"0 0 6.846 11.652\"><defs><clipPath id=\"a\"><path fill=\"#797f89\" d=\"M0 0h6.846v11.652H0z\" data-name=\"Rettangolo 44\"\/><\/clipPath><\/defs><g clip-path=\"url(#a)\" data-name=\"Raggruppa 6\"><path fill=\"#797f89\" d=\"M6.66 5.371 1.474.186a.639.639 0 0 0-.9 0L.191.568a.638.638 0 0 0 0 .9l4.354 4.356-4.359 4.359a.639.639 0 0 0 0 .9l.382.382a.639.639 0 0 0 .9 0l5.19-5.19a.643.643 0 0 0 0-.9\" data-name=\"Tracciato 45\"\/><\/g><\/svg><\/a><\/li>\n<\/ul><\/div>\n<div class=\"col\">\n\t\t\t\t\t\t<span>Hochleistungsf\u00e4hige Verarbeitungsmaschinen, die f\u00fcr das Bedienpersonal sicher sind und nach den modernsten Steuerungs-, Regelungs- und Diagnosekriterien betrieben werden k\u00f6nnen.<\/span><br \/>\n\t\t\t\t\t\t<a href=\"\/de\/produkte\/verarbeitung\/\" class=\"btn white\">Erkunden Sie das Angebot<svg xmlns=\"http:\/\/www.w3.org\/2000\/svg\" data-name=\"Raggruppa 7\" viewBox=\"0 0 6.846 11.652\"><defs><clipPath id=\"a\"><path fill=\"#797f89\" d=\"M0 0h6.846v11.652H0z\" data-name=\"Rettangolo 44\"\/><\/clipPath><\/defs><g clip-path=\"url(#a)\" data-name=\"Raggruppa 6\"><path fill=\"#797f89\" d=\"M6.66 5.371 1.474.186a.639.639 0 0 0-.9 0L.191.568a.638.638 0 0 0 0 .9l4.354 4.356-4.359 4.359a.639.639 0 0 0 0 .9l.382.382a.639.639 0 0 0 .9 0l5.19-5.19a.643.643 0 0 0 0-.9\" data-name=\"Tracciato 45\"\/><\/g><\/svg><\/a>\n\t\t\t\t\t<\/div>\n<\/p><\/div>\n<\/p><\/div>\n<\/p><\/div>\n<\/p><\/div>\n<div class=\"section\">\n<div class=\"row row-grid inverted\">\n<div class=\"box box-img\">\n\t\t\t\t<img decoding=\"async\" src=\"\/edf-new\/wp-content\/uploads\/2024\/04\/edf-consulenza.jpg\" alt=\"EDF Europe - Consulenza e assistenza come punti di forza\">\n\t\t\t<\/div>\n<div class=\"box box-text box-grey\">\n<div class=\"box--content\">\n<h1>Beratung und Service: echte Pluspunkte<\/h1>\n<p>\t\t\t\t\t<span>Unser Service ist mehr als einzigartig. Diese allumfassende T\u00e4tigkeit macht uns in dieser Branche zu einem einzigartigen Unternehmen. Ein wertvoller Beratungsbeitrag sowie unsere F\u00e4higkeit, den Kunden auch nach dem Verkauf bestm\u00f6glich zur Seite zu stehen, macht unsere St\u00e4rke aus.<\/span><br \/>\n\t\t\t\t\t<a href=\"https:\/\/www.edfeurope.com\/de\/service\/\" class=\"btn\">entdecken Sie die Dienstleistungen<svg xmlns=\"http:\/\/www.w3.org\/2000\/svg\" data-name=\"Raggruppa 7\" viewBox=\"0 0 6.846 11.652\"><defs><clipPath id=\"a\"><path fill=\"#797f89\" d=\"M0 0h6.846v11.652H0z\" data-name=\"Rettangolo 44\"\/><\/clipPath><\/defs><g clip-path=\"url(#a)\" data-name=\"Raggruppa 6\"><path fill=\"#797f89\" d=\"M6.66 5.371 1.474.186a.639.639 0 0 0-.9 0L.191.568a.638.638 0 0 0 0 .9l4.354 4.356-4.359 4.359a.639.639 0 0 0 0 .9l.382.382a.639.639 0 0 0 .9 0l5.19-5.19a.643.643 0 0 0 0-.9\" data-name=\"Tracciato 45\"\/><\/g><\/svg><\/a>\n\t\t\t\t<\/div>\n<\/p><\/div>\n<\/p><\/div>\n<\/p><\/div>\n<p>\t<!--\n\t\n\n<div class=\"section case-history\">\n\t\t\n\n<div class=\"row row-grid pad-top\">\n\t\t\t\n\n<div class=\"box box-text\">\n\t\t\t\t\n\n<div class=\"box--content\">\n\t\t\t\t\t\n\n<h1>Case history: <br \/>die angenommenen und gewonnenen Herausforderungen<\/h1>\n\n\n\t\t\t\t\t<span>Wir haben uns entschlossen, Ihnen einige unserer Projekte zu vorzustellen, da wir der Meinung sind, dass sie auf die beste Weise zeigen, wie wir auf die Bed\u00fcrfnisse der Kunden eingehen, die sich an uns wenden.<\/span>\n\t\t\t\t\t<a href=\"https:\/\/www.edfeurope.com\/de\/case-history\/\" class=\"btn white\">case history<svg xmlns=\"http:\/\/www.w3.org\/2000\/svg\" data-name=\"Raggruppa 7\" viewBox=\"0 0 6.846 11.652\"><defs><clipPath id=\"a\"><path fill=\"#797f89\" d=\"M0 0h6.846v11.652H0z\" data-name=\"Rettangolo 44\"\/><\/clipPath><\/defs><g clip-path=\"url(#a)\" data-name=\"Raggruppa 6\"><path fill=\"#797f89\" d=\"M6.66 5.371 1.474.186a.639.639 0 0 0-.9 0L.191.568a.638.638 0 0 0 0 .9l4.354 4.356-4.359 4.359a.639.639 0 0 0 0 .9l.382.382a.639.639 0 0 0 .9 0l5.19-5.19a.643.643 0 0 0 0-.9\" data-name=\"Tracciato 45\"\/><\/g><\/svg><\/a>\n\t\t\t\t<\/div>\n\n\n\t\t\t<\/div>\n\n\n\t\t\t\n\n<div class=\"box box-img pad-right \">\n\t\t\t\t\n\n<div class=\"slider slider-home\">\n\t\t\t\t\t\n\n<div class=\"slider--inner\">\n\t\t\t\t\t\t\n\n<section class=\"splide\" aria-label=\"EDF case history\">\n\t\t\t\t\t\t\t\n\n<div class=\"splide__track\">\n\t\t\t\t\t\t\t\t\n\n<ul class=\"splide__list\">\n\t\t\t\t\t\t\t\t\t\n\n<li class=\"splide__slide\">\n\t\t\t\t\t\t\t\t\t\t\n\n<div class=\"case-history-img\"><img\n\t\t\t\t\t\t\t\t\t\t\t\tsrc=\"\/edf-new\/wp-content\/uploads\/2024\/04\/edf-case_history.jpg\"><\/div>\n\n\n\t\t\t\t\t\t\t\t\t\t\n\n<div class=\"case-history-txt\">Der Factory Acceptance Test des Werks von International Paper in Espaly wurde bestanden<\/div>\n\n\n\t\t\t\t\t\t\t\t\t<\/li>\n\n\n\t\t\t\t\t\t\t\t\t\n\n<li class=\"splide__slide\">\n\t\t\t\t\t\t\t\t\t\t\n\n<div class=\"case-history-img\"><img\n\t\t\t\t\t\t\t\t\t\t\t\tsrc=\"\/edf-new\/wp-content\/uploads\/2024\/04\/edf-case_history.jpg\"><\/div>\n\n\n\t\t\t\t\t\t\t\t\t\t\n\n<div class=\"case-history-txt\">Installation einer kompletten HGL 924 Anlage im Werk von International Paper in Catania <\/div>\n\n\n\t\t\t\t\t\t\t\t\t<\/li>\n\n\n\t\t\t\t\t\t\t\t<\/ul>\n\n\n\t\t\t\t\t\t\t<\/div>\n\n\n\t\t\t\t\t\t<\/section>\n\n\n\t\t\t\t\t<\/div>\n\n\n\t\t\t\t\t\n\n<div class=\"slider--controls\">\n\t\t\t\t\t\t\n\n<div class=\"control control--left\">\n\t\t\t\t\t\t\t<svg xmlns=\"http:\/\/www.w3.org\/2000\/svg\" class=\"icon\" viewBox=\"0 0 1024 1024\">\n\t\t\t\t\t\t\t\t<path d=\"M903.232 256 960 306.432 512 768 64 306.432 120.768 256 512 659.072z\" \/>\n\t\t\t\t\t\t\t<\/svg>\n\t\t\t\t\t\t<\/div>\n\n\n\t\t\t\t\t\t\n\n<div class=\"control control--right\">\n\t\t\t\t\t\t\t<svg xmlns=\"http:\/\/www.w3.org\/2000\/svg\" class=\"icon\" viewBox=\"0 0 1024 1024\">\n\t\t\t\t\t\t\t\t<path d=\"M903.232 256 960 306.432 512 768 64 306.432 120.768 256 512 659.072z\" \/>\n\t\t\t\t\t\t\t<\/svg>\n\t\t\t\t\t\t<\/div>\n\n\n\t\t\t\t\t<\/div>\n\n\n\t\t\t\t<\/div>\n\n\n\t\t\t<\/div>\n\n\n\t\t<\/div>\n\n\n\t<\/div>\n\n\n\t--><\/p>\n<div class=\"section\">\n<div class=\"row row-grid pad-top\">\n<div class=\"box box-text box-green\">\n<div class=\"box--content\">\n<h1>Ein konkretes Engagement f\u00fcr eine bessere Zukunft<\/h1>\n<p>\t\t\t\t\t<span>Eine nachhaltige Entwicklung ist einer der Eckpfeiler unserer Unternehmensphilosophie.<\/span><br \/>\n\t\t\t\t\t<a href=\"https:\/\/www.edfeurope.com\/de\/nachhaltigkeit\/\" class=\"btn\">entdecken Sie mehr<svg xmlns=\"http:\/\/www.w3.org\/2000\/svg\" data-name=\"Raggruppa 7\" viewBox=\"0 0 6.846 11.652\"><defs><clipPath id=\"a\"><path fill=\"#797f89\" d=\"M0 0h6.846v11.652H0z\" data-name=\"Rettangolo 44\"\/><\/clipPath><\/defs><g clip-path=\"url(#a)\" data-name=\"Raggruppa 6\"><path fill=\"#797f89\" d=\"M6.66 5.371 1.474.186a.639.639 0 0 0-.9 0L.191.568a.638.638 0 0 0 0 .9l4.354 4.356-4.359 4.359a.639.639 0 0 0 0 .9l.382.382a.639.639 0 0 0 .9 0l5.19-5.19a.643.643 0 0 0 0-.9\" data-name=\"Tracciato 45\"\/><\/g><\/svg><\/a>\n\t\t\t\t<\/div>\n<\/p><\/div>\n<div class=\"box box-img\">\n\t\t\t\t<img decoding=\"async\" src=\"\/edf-new\/wp-content\/uploads\/2024\/04\/edf-quality.jpg\" alt=\"EDF Europe - Ein konkretes Engagement f\u00fcr eine bessere Zukunft\">\n\t\t\t<\/div>\n<\/p><\/div>\n<\/p><\/div>\n<p>\t<!--\n\n<div class=\"section\" id=\"section-news\">\n\t\t\n\n<div class=\"row row-grid\">\n\t\t\t\n\n<div class=\"box box-text box-news-intro\">\n\t\t\t\t\n\n<div class=\"box--content\">\n\t\t\t\t\t\n\n<h2>News & Eventi<br \/> da EDF Europe<\/h2>\n\n\n\t\t\t\t\t<span>Novit\u00e0 sulla nostra gamma, sulle partecipazioni fieristiche, sulle nostre iniziative: mantenere gli utenti aggiornati su tutto quello che facciamo fa parte del nostro approccio alle esigenze del settore al quale ci rivolgiamo. Seguendoci avrai il piacere di restare sempre informato. <\/span>\n\t\t\t\t\t<a href=\"https:\/\/www.edfeurope.com\/news\/\" class=\"btn border\">leggi tutte<svg xmlns=\"http:\/\/www.w3.org\/2000\/svg\" data-name=\"Raggruppa 7\" viewBox=\"0 0 6.846 11.652\"><defs><clipPath id=\"a\"><path fill=\"#797f89\" d=\"M0 0h6.846v11.652H0z\" data-name=\"Rettangolo 44\"\/><\/clipPath><\/defs><g clip-path=\"url(#a)\" data-name=\"Raggruppa 6\"><path fill=\"#797f89\" d=\"M6.66 5.371 1.474.186a.639.639 0 0 0-.9 0L.191.568a.638.638 0 0 0 0 .9l4.354 4.356-4.359 4.359a.639.639 0 0 0 0 .9l.382.382a.639.639 0 0 0 .9 0l5.19-5.19a.643.643 0 0 0 0-.9\" data-name=\"Tracciato 45\"\/><\/g><\/svg><\/a>\n\t\t\t\t<\/div>\n\n\n\t\t\t<\/div>\n\n\n\t\t\t\n\n<div class=\"box box-news\">\n\t\t\t\t[news_hp]\n\t\t\t<\/div>\n\n\n\t\t<\/div>\n\n\n\t<\/div>\n\n-->\n<\/div>\n","protected":false},"excerpt":{"rendered":"<p>Erfahrung und Innovation im Dienste der Verpackung mit Wellpappe Wir bieten L\u00f6sungen an, die die von den Branchenstandards geforderten Garantien mit der bestm\u00f6glichen Umsetzung der spezifischen sowohl an die betriebliche Flexibilit\u00e4t als auch an die Anpassungsf\u00e4higkeit an die Eigenschaften der Produktionsbereiche gestellten Anforderungen verbinden. entdecken Sie mehr Die Gew\u00e4hrleistung eines kompletten Systems Wir stellen den [&hellip;]<\/p>\n","protected":false},"author":1,"featured_media":0,"parent":0,"menu_order":0,"comment_status":"closed","ping_status":"closed","template":"","meta":{"_acf_changed":false,"inline_featured_image":false,"footnotes":""},"class_list":["post-1066","page","type-page","status-publish","hentry"],"acf":[],"yoast_head":"<!-- This site is optimized with the Yoast SEO plugin v27.6 - https:\/\/yoast.com\/product\/yoast-seo-wordpress\/ -->\n<title>EDF Europe - Corrugated cardboard converting machines<\/title>\n<meta name=\"description\" content=\"Edf Europe - Erfahrung und Innovation im Dienste der Verpackung mit Wellpappe\" \/>\n<meta name=\"robots\" content=\"index, follow, max-snippet:-1, max-image-preview:large, max-video-preview:-1\" \/>\n<link rel=\"canonical\" href=\"https:\/\/www.edfeurope.com\/de\/\" \/>\n<meta property=\"og:locale\" content=\"de_DE\" \/>\n<meta property=\"og:type\" content=\"article\" \/>\n<meta property=\"og:title\" content=\"EDF Europe - Corrugated cardboard converting machines\" \/>\n<meta property=\"og:description\" content=\"Edf Europe - Erfahrung und Innovation im Dienste der Verpackung mit Wellpappe\" \/>\n<meta property=\"og:url\" content=\"https:\/\/www.edfeurope.com\/de\/\" \/>\n<meta property=\"og:site_name\" content=\"EDF Europe\" \/>\n<meta property=\"article:modified_time\" content=\"2024-05-14T16:40:18+00:00\" \/>\n<meta name=\"twitter:card\" content=\"summary_large_image\" \/>\n<meta name=\"twitter:label1\" content=\"Gesch\u00e4tzte Lesezeit\" \/>\n\t<meta name=\"twitter:data1\" content=\"3\u00a0Minuten\" \/>\n<script type=\"application\/ld+json\" class=\"yoast-schema-graph\">{\"@context\":\"https:\\\/\\\/schema.org\",\"@graph\":[{\"@type\":\"WebPage\",\"@id\":\"https:\\\/\\\/www.edfeurope.com\\\/de\\\/\",\"url\":\"https:\\\/\\\/www.edfeurope.com\\\/de\\\/\",\"name\":\"EDF Europe - Corrugated cardboard converting machines\",\"isPartOf\":{\"@id\":\"https:\\\/\\\/www.edfeurope.com\\\/de\\\/#website\"},\"datePublished\":\"2024-03-29T14:51:18+00:00\",\"dateModified\":\"2024-05-14T16:40:18+00:00\",\"description\":\"Edf Europe - Erfahrung und Innovation im Dienste der Verpackung mit Wellpappe\",\"breadcrumb\":{\"@id\":\"https:\\\/\\\/www.edfeurope.com\\\/de\\\/#breadcrumb\"},\"inLanguage\":\"de\",\"potentialAction\":[{\"@type\":\"ReadAction\",\"target\":[\"https:\\\/\\\/www.edfeurope.com\\\/de\\\/\"]}]},{\"@type\":\"BreadcrumbList\",\"@id\":\"https:\\\/\\\/www.edfeurope.com\\\/de\\\/#breadcrumb\",\"itemListElement\":[{\"@type\":\"ListItem\",\"position\":1,\"name\":\"Home\",\"item\":\"https:\\\/\\\/www.edfeurope.com\\\/de\\\/\"},{\"@type\":\"ListItem\",\"position\":2,\"name\":\"Homepage\"}]},{\"@type\":\"WebSite\",\"@id\":\"https:\\\/\\\/www.edfeurope.com\\\/de\\\/#website\",\"url\":\"https:\\\/\\\/www.edfeurope.com\\\/de\\\/\",\"name\":\"EDF Europe\",\"description\":\"Corrugated cardboard converting machines\",\"publisher\":{\"@id\":\"https:\\\/\\\/www.edfeurope.com\\\/de\\\/#organization\"},\"potentialAction\":[{\"@type\":\"SearchAction\",\"target\":{\"@type\":\"EntryPoint\",\"urlTemplate\":\"https:\\\/\\\/www.edfeurope.com\\\/de\\\/?s={search_term_string}\"},\"query-input\":{\"@type\":\"PropertyValueSpecification\",\"valueRequired\":true,\"valueName\":\"search_term_string\"}}],\"inLanguage\":\"de\"},{\"@type\":\"Organization\",\"@id\":\"https:\\\/\\\/www.edfeurope.com\\\/de\\\/#organization\",\"name\":\"EDF Europe\",\"url\":\"https:\\\/\\\/www.edfeurope.com\\\/de\\\/\",\"logo\":{\"@type\":\"ImageObject\",\"inLanguage\":\"de\",\"@id\":\"https:\\\/\\\/www.edfeurope.com\\\/de\\\/#\\\/schema\\\/logo\\\/image\\\/\",\"url\":\"https:\\\/\\\/www.edfeurope.com\\\/edf-new\\\/wp-content\\\/uploads\\\/2024\\\/04\\\/edf-logo.svg\",\"contentUrl\":\"https:\\\/\\\/www.edfeurope.com\\\/edf-new\\\/wp-content\\\/uploads\\\/2024\\\/04\\\/edf-logo.svg\",\"width\":\"1024\",\"height\":\"1024\",\"caption\":\"EDF Europe\"},\"image\":{\"@id\":\"https:\\\/\\\/www.edfeurope.com\\\/de\\\/#\\\/schema\\\/logo\\\/image\\\/\"}}]}<\/script>\n<!-- \/ Yoast SEO plugin. -->","yoast_head_json":{"title":"EDF Europe - Corrugated cardboard converting machines","description":"Edf Europe - Erfahrung und Innovation im Dienste der Verpackung mit Wellpappe","robots":{"index":"index","follow":"follow","max-snippet":"max-snippet:-1","max-image-preview":"max-image-preview:large","max-video-preview":"max-video-preview:-1"},"canonical":"https:\/\/www.edfeurope.com\/de\/","og_locale":"de_DE","og_type":"article","og_title":"EDF Europe - Corrugated cardboard converting machines","og_description":"Edf Europe - Erfahrung und Innovation im Dienste der Verpackung mit Wellpappe","og_url":"https:\/\/www.edfeurope.com\/de\/","og_site_name":"EDF Europe","article_modified_time":"2024-05-14T16:40:18+00:00","twitter_card":"summary_large_image","twitter_misc":{"Gesch\u00e4tzte Lesezeit":"3\u00a0Minuten"},"schema":{"@context":"https:\/\/schema.org","@graph":[{"@type":"WebPage","@id":"https:\/\/www.edfeurope.com\/de\/","url":"https:\/\/www.edfeurope.com\/de\/","name":"EDF Europe - Corrugated cardboard converting machines","isPartOf":{"@id":"https:\/\/www.edfeurope.com\/de\/#website"},"datePublished":"2024-03-29T14:51:18+00:00","dateModified":"2024-05-14T16:40:18+00:00","description":"Edf Europe - Erfahrung und Innovation im Dienste der Verpackung mit Wellpappe","breadcrumb":{"@id":"https:\/\/www.edfeurope.com\/de\/#breadcrumb"},"inLanguage":"de","potentialAction":[{"@type":"ReadAction","target":["https:\/\/www.edfeurope.com\/de\/"]}]},{"@type":"BreadcrumbList","@id":"https:\/\/www.edfeurope.com\/de\/#breadcrumb","itemListElement":[{"@type":"ListItem","position":1,"name":"Home","item":"https:\/\/www.edfeurope.com\/de\/"},{"@type":"ListItem","position":2,"name":"Homepage"}]},{"@type":"WebSite","@id":"https:\/\/www.edfeurope.com\/de\/#website","url":"https:\/\/www.edfeurope.com\/de\/","name":"EDF Europe","description":"Corrugated cardboard converting machines","publisher":{"@id":"https:\/\/www.edfeurope.com\/de\/#organization"},"potentialAction":[{"@type":"SearchAction","target":{"@type":"EntryPoint","urlTemplate":"https:\/\/www.edfeurope.com\/de\/?s={search_term_string}"},"query-input":{"@type":"PropertyValueSpecification","valueRequired":true,"valueName":"search_term_string"}}],"inLanguage":"de"},{"@type":"Organization","@id":"https:\/\/www.edfeurope.com\/de\/#organization","name":"EDF Europe","url":"https:\/\/www.edfeurope.com\/de\/","logo":{"@type":"ImageObject","inLanguage":"de","@id":"https:\/\/www.edfeurope.com\/de\/#\/schema\/logo\/image\/","url":"https:\/\/www.edfeurope.com\/edf-new\/wp-content\/uploads\/2024\/04\/edf-logo.svg","contentUrl":"https:\/\/www.edfeurope.com\/edf-new\/wp-content\/uploads\/2024\/04\/edf-logo.svg","width":"1024","height":"1024","caption":"EDF Europe"},"image":{"@id":"https:\/\/www.edfeurope.com\/de\/#\/schema\/logo\/image\/"}}]}},"_links":{"self":[{"href":"https:\/\/www.edfeurope.com\/de\/wp-json\/wp\/v2\/pages\/1066","targetHints":{"allow":["GET"]}}],"collection":[{"href":"https:\/\/www.edfeurope.com\/de\/wp-json\/wp\/v2\/pages"}],"about":[{"href":"https:\/\/www.edfeurope.com\/de\/wp-json\/wp\/v2\/types\/page"}],"author":[{"embeddable":true,"href":"https:\/\/www.edfeurope.com\/de\/wp-json\/wp\/v2\/users\/1"}],"replies":[{"embeddable":true,"href":"https:\/\/www.edfeurope.com\/de\/wp-json\/wp\/v2\/comments?post=1066"}],"version-history":[{"count":5,"href":"https:\/\/www.edfeurope.com\/de\/wp-json\/wp\/v2\/pages\/1066\/revisions"}],"predecessor-version":[{"id":1307,"href":"https:\/\/www.edfeurope.com\/de\/wp-json\/wp\/v2\/pages\/1066\/revisions\/1307"}],"wp:attachment":[{"href":"https:\/\/www.edfeurope.com\/de\/wp-json\/wp\/v2\/media?parent=1066"}],"curies":[{"name":"wp","href":"https:\/\/api.w.org\/{rel}","templated":true}]}}