{"id":6037,"date":"2025-05-21T18:03:47","date_gmt":"2025-05-21T16:03:47","guid":{"rendered":"https:\/\/www.edfeurope.com\/cookie-policy\/"},"modified":"2025-06-18T14:36:21","modified_gmt":"2025-06-18T12:36:21","slug":"cookie-policy","status":"publish","type":"page","link":"https:\/\/www.edfeurope.com\/de\/cookie-policy\/","title":{"rendered":"cookie policy"},"content":{"rendered":"<style>\n\u00a0 \u00a0 a.cky-banner-element {\n\u00a0 \u00a0 \u00a0 \u00a0 padding: 8px 30px;\n\u00a0 \u00a0 \u00a0 \u00a0 background: #F8F9FA;\n\u00a0 \u00a0 \u00a0 \u00a0 color: #858A8F;\n\u00a0 \u00a0 \u00a0 \u00a0 border: 1px solid #DEE2E6;\n\u00a0 \u00a0 \u00a0 \u00a0 box-sizing: border-box;\n\u00a0 \u00a0 \u00a0 \u00a0 border-radius: 2px;\n\u00a0 \u00a0 \u00a0 \u00a0 cursor: pointer;\n}\n<\/style>\n<div class=\"privacy-container\">\n<div class=\"privacy-detail\">\n<h1>EDF Europe srl Cookie-Richtlinie<\/h1>\n<p><em>Wirksamkeitsdatum: 7. Mai 2025<\/em><\/p>\n<p>Wir verwenden Cookies, um Ihre Erfahrung mit unserer Website <a href=\"https:\/\/www.edfeurope.com\/de\/\">https:\/\/www.edfeurope.com<\/a> zu verbessern. Diese Cookie-Richtlinie ist Teil der Datenschutzrichtlinie von EDF Europe srl. Sie betrifft die Verwendung von Cookies zwischen Ihrem Ger\u00e4t und unserer Webseite.<\/p>\n<p>Wir stellen auch grundlegende Informationen \u00fcber die von uns genutzten Dienste Dritter zur Verf\u00fcgung, die ebenfalls Cookies als Teil ihres Dienstes verwenden k\u00f6nnen. Diese Richtlinie gilt nicht f\u00fcr deren Cookies.<\/p>\n<p>Wenn Sie keine Cookies von uns akzeptieren m\u00f6chten, sollten Sie Ihren Browser anweisen, Cookies von <a href=\"https:\/\/www.edfeurope.com\/de\/\">https:\/\/www.edfeurope.com<\/a> abzulehnen. In einem solchen Fall k\u00f6nnen wir Ihnen m\u00f6glicherweise einige der von Ihnen gew\u00fcnschten Inhalte und Dienste nicht zur Verf\u00fcgung stellen.<\/p>\n<h2>Was ist ein Cookie?<\/h2>\n<p>Ein Cookie ist eine kleine Datei, die eine Website auf Ihrem Ger\u00e4t speichert, wenn Sie diese besuchen. Es enth\u00e4lt in der Regel Informationen \u00fcber die Website selbst, eine eindeutige Kennung, die es der Website erm\u00f6glicht, Ihren Webbrowser zu erkennen, wenn Sie wiederkommen, zus\u00e4tzliche Daten, die dem Zweck des Cookies dienen, und die Lebensdauer des Cookies selbst.<\/p>\n<p>Cookies werden verwendet, um bestimmte Funktionen zu aktivieren (z. B. das Einloggen), die Nutzung der Website zu verfolgen (z. B. Analysen), Ihre Benutzereinstellungen zu speichern (z. B. Zeitzone, Benachrichtigungspr\u00e4ferenzen) und Ihre Inhalte zu personalisieren (z. B. Werbung, Sprache).<\/p>\n<p>Cookies, die von der von Ihnen besuchten Webseite gesetzt werden, werden gew\u00f6hnlich als Erstanbieter-Cookies bezeichnet. Sie verfolgen in der Regel nur Ihre Aktivit\u00e4ten auf dieser bestimmten Website.<\/p>\n<p>Cookies, die von anderen Webseiten und Unternehmen (d. h. Dritten) gesetzt werden, werden als Drittanbieter-Cookies bezeichnet. Sie k\u00f6nnen dazu verwendet werden, Sie auf anderen Webseiten zu tracken, die denselben Drittanbieter-Dienst nutzen.<\/p>\n<h2>Arten von Cookies und wie wir sie verwenden<\/h2>\n<h2>Funktionalit\u00e4ts-Cookies<\/h2>\n<p>Funktionalit\u00e4ts-Cookies werden verwendet, um Informationen \u00fcber Ihr Ger\u00e4t und alle Einstellungen zu sammeln, die Sie auf der von Ihnen besuchten Webseite vornehmen (z. B. Sprach- und Zeitzoneneinstellungen). Mit diesen Informationen k\u00f6nnen Webseiten Ihnen angepasste, erweiterte oder optimierte Inhalte und Dienste anbieten. Diese Cookies k\u00f6nnen von der Webseite, die Sie besuchen (Erstanbieter), oder von Diensten Dritter gesetzt werden.<\/p>\n<p>Wir verwenden Funktionalit\u00e4ts-Cookies f\u00fcr ausgew\u00e4hlte Funktionen auf unserer Webseite.<\/p>\n<h2>Targeting-\/Werbe-Cookies<\/h2>\n<p>Targeting-\/Werbe-Cookies helfen dabei zu ermitteln, welche Werbeinhalte f\u00fcr Sie und Ihre Interessen am relevantesten und geeignetsten sind. Webseiten k\u00f6nnen sie verwenden, um gezielte Werbung zu liefern oder die Anzahl der Anzeigen zu begrenzen, die Sie sehen. Dies hilft den Unternehmen, die Effektivit\u00e4t ihrer Kampagnen und die Qualit\u00e4t der ihnen pr\u00e4sentierten Inhalte zu verbessern. Diese Cookies k\u00f6nnen von der Website, die Sie besuchen (Erstanbieter), oder von Diensten Dritter gesetzt werden. Von Drittanbietern gesetzte Targeting-\/Werbe-Cookies k\u00f6nnen verwendet werden, um Ihnen auf andere Webseiten zu folgen, die denselben Drittanbieterdienst nutzen.<\/p>\n<p>Wir verwenden targeting-\/Werbe-Cookies auf unserer Webseite.<\/p>\n<h2>Wie k\u00f6nnen Sie die Verwendung von Cookies auf unserer Website steuern?<\/h2>\n<p>Sie haben das Recht zu entscheiden, ob Sie Cookies auf unserer Website akzeptieren oder ablehnen. Sie k\u00f6nnen Ihre Cookie- Pr\u00e4ferenzen in unserem Cookie Consent Manager verwalten. Der Cookie Consent Manager erm\u00f6glicht es Ihnen, auszuw\u00e4hlen, welche Kategorien von Cookies Sie akzeptieren oder ablehnen. Essenzielle Cookies k\u00f6nnen nicht abgelehnt werden, da sie unbedingt erforderlich sind, um Ihnen die Dienste auf unserer Website bereitzustellen.<\/p>\n<p>Sie k\u00f6nnen m\u00f6glicherweise auch Ihre Cookie-Einstellungen festlegen oder \u00e4ndern, indem Sie die Einstellungen Ihres Webbrowsers verwalten. Da jeder Webbrowser unterschiedlich ist, konsultieren Sie bitte die Anweisungen Ihres Webbrowsers (in der Regel im Abschnitt \u201eHilfe\u201c). Wenn Sie sich entscheiden, Cookies abzulehnen oder zu deaktivieren, k\u00f6nnen Sie die Website dennoch nutzen, allerdings steht Ihnen m\u00f6glicherweise nicht die gesamte Funktionalit\u00e4t der Website zur Verf\u00fcgung.<\/p>\n<h2>Wie oft werden wir diese Cookie-Richtlinie aktualisieren?<\/h2>\n<p>Wir k\u00f6nnen diese Cookie-Richtlinie von Zeit zu Zeit aktualisieren, um \u00c4nderungen an den von uns verwendeten Cookies und verwandten Technologien oder aus anderen betrieblichen, rechtlichen oder regulatorischen Gr\u00fcnden widerzuspiegeln.<\/p>\n<p>Jedes Mal, wenn Sie unsere Website nutzen, gilt die aktuelle Version der Cookie-Richtlinie. Wenn Sie unsere Website nutzen, sollten Sie das Datum dieser Cookie-Richtlinie (das oben in diesem Dokument erscheint) \u00fcberpr\u00fcfen und alle \u00c4nderungen seit der letzten Version durchsehen.<\/p>\n<h2>Wo k\u00f6nnen Sie weitere Informationen erhalten?<\/h2>\n<p>F\u00fcr alle Fragen oder Bedenken bez\u00fcglich unserer Cookie-Richtlinie k\u00f6nnen Sie uns \u00fcber die folgenden Kontaktdaten erreichen: <a href=\"mailto:info@edfeurope.com\">info@edfeurope.com<\/a><\/p>\n<h2>Liste der verwendeten Cookies:<\/h2>\n<div class=\"cky-audit-table-element\"><\/div>\n<p>\t\t<a class=\"cky-banner-element\">Cookie-Einstellungen \u00e4ndern<\/a>\n\t<\/div>\n<\/div>\n","protected":false},"excerpt":{"rendered":"<p>EDF Europe srl Cookie-Richtlinie Wirksamkeitsdatum: 7. Mai 2025 Wir verwenden Cookies, um Ihre Erfahrung mit unserer Website https:\/\/www.edfeurope.com zu verbessern. Diese Cookie-Richtlinie ist Teil der Datenschutzrichtlinie von EDF Europe srl. Sie betrifft die Verwendung von Cookies zwischen Ihrem Ger\u00e4t und unserer Webseite. Wir stellen auch grundlegende Informationen \u00fcber die von uns genutzten Dienste Dritter zur [&hellip;]<\/p>\n","protected":false},"author":1,"featured_media":0,"parent":0,"menu_order":0,"comment_status":"closed","ping_status":"closed","template":"","meta":{"_acf_changed":false,"inline_featured_image":false,"footnotes":""},"class_list":["post-6037","page","type-page","status-publish","hentry"],"acf":[],"yoast_head":"<!-- This site is optimized with the Yoast SEO plugin v27.4 - https:\/\/yoast.com\/product\/yoast-seo-wordpress\/ -->\n<title>cookie policy - EDF Europe<\/title>\n<meta name=\"description\" content=\"EDF Europe srl Cookie-Richtlinie Wirksamkeitsdatum: 7. Mai 2025 Wir verwenden Cookies, um Ihre Erfahrung mit unserer Website https:\/\/www.edfeurope.com zu\" \/>\n<meta name=\"robots\" content=\"index, follow, max-snippet:-1, max-image-preview:large, max-video-preview:-1\" \/>\n<link rel=\"canonical\" href=\"https:\/\/www.edfeurope.com\/de\/cookie-policy\/\" \/>\n<meta property=\"og:locale\" content=\"de_DE\" \/>\n<meta property=\"og:type\" content=\"article\" \/>\n<meta property=\"og:title\" content=\"cookie policy - EDF Europe\" \/>\n<meta property=\"og:description\" content=\"EDF Europe srl Cookie-Richtlinie Wirksamkeitsdatum: 7. Mai 2025 Wir verwenden Cookies, um Ihre Erfahrung mit unserer Website https:\/\/www.edfeurope.com zu\" \/>\n<meta property=\"og:url\" content=\"https:\/\/www.edfeurope.com\/de\/cookie-policy\/\" \/>\n<meta property=\"og:site_name\" content=\"EDF Europe\" \/>\n<meta property=\"article:modified_time\" content=\"2025-06-18T12:36:21+00:00\" \/>\n<meta name=\"twitter:card\" content=\"summary_large_image\" \/>\n<meta name=\"twitter:label1\" content=\"Gesch\u00e4tzte Lesezeit\" \/>\n\t<meta name=\"twitter:data1\" content=\"4\u00a0Minuten\" \/>\n<script type=\"application\/ld+json\" class=\"yoast-schema-graph\">{\"@context\":\"https:\\\/\\\/schema.org\",\"@graph\":[{\"@type\":\"WebPage\",\"@id\":\"https:\\\/\\\/www.edfeurope.com\\\/de\\\/cookie-policy\\\/\",\"url\":\"https:\\\/\\\/www.edfeurope.com\\\/de\\\/cookie-policy\\\/\",\"name\":\"cookie policy - EDF Europe\",\"isPartOf\":{\"@id\":\"https:\\\/\\\/www.edfeurope.com\\\/de\\\/#website\"},\"datePublished\":\"2025-05-21T16:03:47+00:00\",\"dateModified\":\"2025-06-18T12:36:21+00:00\",\"description\":\"EDF Europe srl Cookie-Richtlinie Wirksamkeitsdatum: 7. Mai 2025 Wir verwenden Cookies, um Ihre Erfahrung mit unserer Website https:\\\/\\\/www.edfeurope.com zu\",\"breadcrumb\":{\"@id\":\"https:\\\/\\\/www.edfeurope.com\\\/de\\\/cookie-policy\\\/#breadcrumb\"},\"inLanguage\":\"de\",\"potentialAction\":[{\"@type\":\"ReadAction\",\"target\":[\"https:\\\/\\\/www.edfeurope.com\\\/de\\\/cookie-policy\\\/\"]}]},{\"@type\":\"BreadcrumbList\",\"@id\":\"https:\\\/\\\/www.edfeurope.com\\\/de\\\/cookie-policy\\\/#breadcrumb\",\"itemListElement\":[{\"@type\":\"ListItem\",\"position\":1,\"name\":\"Home\",\"item\":\"https:\\\/\\\/www.edfeurope.com\\\/de\\\/\"},{\"@type\":\"ListItem\",\"position\":2,\"name\":\"cookie policy\"}]},{\"@type\":\"WebSite\",\"@id\":\"https:\\\/\\\/www.edfeurope.com\\\/de\\\/#website\",\"url\":\"https:\\\/\\\/www.edfeurope.com\\\/de\\\/\",\"name\":\"EDF Europe\",\"description\":\"Corrugated cardboard converting machines\",\"publisher\":{\"@id\":\"https:\\\/\\\/www.edfeurope.com\\\/de\\\/#organization\"},\"potentialAction\":[{\"@type\":\"SearchAction\",\"target\":{\"@type\":\"EntryPoint\",\"urlTemplate\":\"https:\\\/\\\/www.edfeurope.com\\\/de\\\/?s={search_term_string}\"},\"query-input\":{\"@type\":\"PropertyValueSpecification\",\"valueRequired\":true,\"valueName\":\"search_term_string\"}}],\"inLanguage\":\"de\"},{\"@type\":\"Organization\",\"@id\":\"https:\\\/\\\/www.edfeurope.com\\\/de\\\/#organization\",\"name\":\"EDF Europe\",\"url\":\"https:\\\/\\\/www.edfeurope.com\\\/de\\\/\",\"logo\":{\"@type\":\"ImageObject\",\"inLanguage\":\"de\",\"@id\":\"https:\\\/\\\/www.edfeurope.com\\\/de\\\/#\\\/schema\\\/logo\\\/image\\\/\",\"url\":\"https:\\\/\\\/www.edfeurope.com\\\/edf-new\\\/wp-content\\\/uploads\\\/2024\\\/04\\\/edf-logo.svg\",\"contentUrl\":\"https:\\\/\\\/www.edfeurope.com\\\/edf-new\\\/wp-content\\\/uploads\\\/2024\\\/04\\\/edf-logo.svg\",\"width\":\"1024\",\"height\":\"1024\",\"caption\":\"EDF Europe\"},\"image\":{\"@id\":\"https:\\\/\\\/www.edfeurope.com\\\/de\\\/#\\\/schema\\\/logo\\\/image\\\/\"}}]}<\/script>\n<!-- \/ Yoast SEO plugin. -->","yoast_head_json":{"title":"cookie policy - EDF Europe","description":"EDF Europe srl Cookie-Richtlinie Wirksamkeitsdatum: 7. Mai 2025 Wir verwenden Cookies, um Ihre Erfahrung mit unserer Website https:\/\/www.edfeurope.com zu","robots":{"index":"index","follow":"follow","max-snippet":"max-snippet:-1","max-image-preview":"max-image-preview:large","max-video-preview":"max-video-preview:-1"},"canonical":"https:\/\/www.edfeurope.com\/de\/cookie-policy\/","og_locale":"de_DE","og_type":"article","og_title":"cookie policy - EDF Europe","og_description":"EDF Europe srl Cookie-Richtlinie Wirksamkeitsdatum: 7. Mai 2025 Wir verwenden Cookies, um Ihre Erfahrung mit unserer Website https:\/\/www.edfeurope.com zu","og_url":"https:\/\/www.edfeurope.com\/de\/cookie-policy\/","og_site_name":"EDF Europe","article_modified_time":"2025-06-18T12:36:21+00:00","twitter_card":"summary_large_image","twitter_misc":{"Gesch\u00e4tzte Lesezeit":"4\u00a0Minuten"},"schema":{"@context":"https:\/\/schema.org","@graph":[{"@type":"WebPage","@id":"https:\/\/www.edfeurope.com\/de\/cookie-policy\/","url":"https:\/\/www.edfeurope.com\/de\/cookie-policy\/","name":"cookie policy - EDF Europe","isPartOf":{"@id":"https:\/\/www.edfeurope.com\/de\/#website"},"datePublished":"2025-05-21T16:03:47+00:00","dateModified":"2025-06-18T12:36:21+00:00","description":"EDF Europe srl Cookie-Richtlinie Wirksamkeitsdatum: 7. Mai 2025 Wir verwenden Cookies, um Ihre Erfahrung mit unserer Website https:\/\/www.edfeurope.com zu","breadcrumb":{"@id":"https:\/\/www.edfeurope.com\/de\/cookie-policy\/#breadcrumb"},"inLanguage":"de","potentialAction":[{"@type":"ReadAction","target":["https:\/\/www.edfeurope.com\/de\/cookie-policy\/"]}]},{"@type":"BreadcrumbList","@id":"https:\/\/www.edfeurope.com\/de\/cookie-policy\/#breadcrumb","itemListElement":[{"@type":"ListItem","position":1,"name":"Home","item":"https:\/\/www.edfeurope.com\/de\/"},{"@type":"ListItem","position":2,"name":"cookie policy"}]},{"@type":"WebSite","@id":"https:\/\/www.edfeurope.com\/de\/#website","url":"https:\/\/www.edfeurope.com\/de\/","name":"EDF Europe","description":"Corrugated cardboard converting machines","publisher":{"@id":"https:\/\/www.edfeurope.com\/de\/#organization"},"potentialAction":[{"@type":"SearchAction","target":{"@type":"EntryPoint","urlTemplate":"https:\/\/www.edfeurope.com\/de\/?s={search_term_string}"},"query-input":{"@type":"PropertyValueSpecification","valueRequired":true,"valueName":"search_term_string"}}],"inLanguage":"de"},{"@type":"Organization","@id":"https:\/\/www.edfeurope.com\/de\/#organization","name":"EDF Europe","url":"https:\/\/www.edfeurope.com\/de\/","logo":{"@type":"ImageObject","inLanguage":"de","@id":"https:\/\/www.edfeurope.com\/de\/#\/schema\/logo\/image\/","url":"https:\/\/www.edfeurope.com\/edf-new\/wp-content\/uploads\/2024\/04\/edf-logo.svg","contentUrl":"https:\/\/www.edfeurope.com\/edf-new\/wp-content\/uploads\/2024\/04\/edf-logo.svg","width":"1024","height":"1024","caption":"EDF Europe"},"image":{"@id":"https:\/\/www.edfeurope.com\/de\/#\/schema\/logo\/image\/"}}]}},"_links":{"self":[{"href":"https:\/\/www.edfeurope.com\/de\/wp-json\/wp\/v2\/pages\/6037","targetHints":{"allow":["GET"]}}],"collection":[{"href":"https:\/\/www.edfeurope.com\/de\/wp-json\/wp\/v2\/pages"}],"about":[{"href":"https:\/\/www.edfeurope.com\/de\/wp-json\/wp\/v2\/types\/page"}],"author":[{"embeddable":true,"href":"https:\/\/www.edfeurope.com\/de\/wp-json\/wp\/v2\/users\/1"}],"replies":[{"embeddable":true,"href":"https:\/\/www.edfeurope.com\/de\/wp-json\/wp\/v2\/comments?post=6037"}],"version-history":[{"count":1,"href":"https:\/\/www.edfeurope.com\/de\/wp-json\/wp\/v2\/pages\/6037\/revisions"}],"predecessor-version":[{"id":6041,"href":"https:\/\/www.edfeurope.com\/de\/wp-json\/wp\/v2\/pages\/6037\/revisions\/6041"}],"wp:attachment":[{"href":"https:\/\/www.edfeurope.com\/de\/wp-json\/wp\/v2\/media?parent=6037"}],"curies":[{"name":"wp","href":"https:\/\/api.w.org\/{rel}","templated":true}]}}