{"id":862,"date":"2024-04-02T15:06:36","date_gmt":"2024-04-02T13:06:36","guid":{"rendered":"https:\/\/www.edfeurope.com\/chi-siamo\/"},"modified":"2024-04-18T12:37:59","modified_gmt":"2024-04-18T10:37:59","slug":"wer-wir-sind","status":"publish","type":"page","link":"https:\/\/www.edfeurope.com\/de\/wer-wir-sind\/","title":{"rendered":"Wer wir sind"},"content":{"rendered":"<div id=\"home\">\n<div class=\"section\">\n<div class=\"row row-grid\">\n<div class=\"box box-text box-blue\">\n<div class=\"box--content\">\n<h1>Eine gro\u00dfe Auswahl an <span style=\"font-size: inherit; word-break: break-all;\">Verarbeitungsmaschinen<\/span> und eine au\u00dferordentlich umfassende Palette an Peripherieger\u00e4ten<\/h1>\n<p>\t\t\t\t\t<span>Wir bieten der mit Wellpappe arbeitenden Verpackungsindustrie eine gro\u00dfe Auswahl an Verarbeitungsmaschinen und eine au\u00dferordentlich breite Palette an Peripherieger\u00e4ten. Unser Angebot ist so breit gef\u00e4chert, vielf\u00e4ltig und fortschrittlich, dass es alle Anforderungen an eine komplette Produktionsanlage &#8211; von A bis Z &#8211; zu erf\u00fcllen wei\u00df. <\/span>\n\t\t\t\t<\/div>\n<\/p><\/div>\n<div class=\"box box-img\">\n\t\t\t\t<img decoding=\"async\" src=\"\/edf-new\/wp-content\/uploads\/2024\/04\/edf-chi_siamo-01.jpg\" alt=\"EDF Europe - Eine gro\u00dfe Auswahl an Verarbeitungsmaschinen und eine au\u00dferordentlich umfassende Palette an Peripherieger\u00e4ten\">\n\t\t\t<\/div>\n<\/p><\/div>\n<\/p><\/div>\n<div class=\"section\">\n<div class=\"row row-grid\">\n<div class=\"box box-img\">\n\t\t\t\t<img decoding=\"async\" src=\"\/edf-new\/wp-content\/uploads\/2024\/04\/edf-chi_siamo-02.jpg\" alt=\"EDF Europe - Zu unseren Verarbeitungsl\u00f6sungen geh\u00f6ren hochleistungsf\u00e4hige Rotationsstanzmaschinen, Casemaker und Druckmaschinen, die f\u00fcr das Bedienpersonal sicher sind und entsprechend den modernsten Steuerungs\">\n\t\t\t<\/div>\n<div class=\"box box-text\">\n<div class=\"box--content\">\n\t\t\t\t\t<span>Zu unseren Verarbeitungsl\u00f6sungen geh\u00f6ren hochleistungsf\u00e4hige Rotationsstanzmaschinen, Casemaker und Druckmaschinen, die f\u00fcr das Bedienpersonal sicher sind und entsprechend den modernsten Steuerungs-, Regelungs- und Diagnosekriterien betrieben werden k\u00f6nnen.<\/p>\n<p>Wir stellen Peripherieger\u00e4te zum Beschicken, Stapeln und Sammeln, Vereinzeln und Palettieren her, die so konzipiert sind, dass sie perfekt mit Maschinen anderer Hersteller kompatibel sind und einer Systemlogik entsprechend in jede Produktionsanlage eingebunden werden k\u00f6nnen.<\/p>\n<p>Wir bringen Qualit\u00e4t und Innovation, auf einen Nenner. Qualit\u00e4t, die durch hochwertige Materialien und die Pr\u00e4zision der Herstellungsverfahren gew\u00e4hrleistet wird, und Innovation, die sich aus unserer F\u00e4higkeit ergibt, den \u00c4nderungen des Sektors vorzugreifen und technologische L\u00f6sungen zu entwickeln, die den Anforderungen stets gerecht werden.<br \/>\n<\/span>\n\t\t\t\t<\/div>\n<\/p><\/div>\n<\/p><\/div>\n<\/p><\/div>\n<div class=\"section\">\n<div class=\"row row-grid\">\n<div class=\"box box-text\">\n<div class=\"box--content\">\n\t\t\t\t\t<span>Wir erf\u00fcllen die Anforderungen der Kunden mit L\u00f6sungen, die die Gew\u00e4hrleistung der von den Branchen geforderten Standards mit der bestm\u00f6glichen Umsetzung der spezifischen Anforderungen, insbesondere in Bezug auf die betriebliche Flexibilit\u00e4t und die Anpassungsf\u00e4higkeit an die Eigenschaften der Produktionsbereiche verbinden. <\/p>\n<p>Unser Beratungsbeitrag steht den Kunden zur Verf\u00fcgung, die sich an uns wenden, um die beste L\u00f6sung zu ermitteln, mit der ihre Produktionsanlage in Sachen Betriebsmanagement effizienter und rentabler werden kann. <\/p>\n<p>Eine unserer St\u00e4rken ist unser Kundendienst, der so organisiert ist, dass Fachkr\u00e4fte auf alle Anfragen umgehend und unter Einsatz fortschrittlicher Tools reagieren k\u00f6nnen.<\/span>\n\t\t\t\t<\/div>\n<\/p><\/div>\n<div class=\"box box-img\">\n\t\t\t\t<img decoding=\"async\" src=\"\/edf-new\/wp-content\/uploads\/2024\/04\/edf-chi_siamo-03.jpg\" alt=\"EDF Europe - Wir erf\u00fcllen die Anforderungen der Kunden mit L\u00f6sungen\">\n\t\t\t<\/div>\n<\/p><\/div>\n<\/p><\/div>\n<div class=\"section\">\n<div class=\"row row-grid pad-top\">\n<div class=\"box box-text box-blue\">\n<div class=\"box--content\">\n<h2>Der Wert eines Know-hows, das in der italienischen Industriekultur der Castaldini Group verwurzelt ist<\/h2>\n<p>\t\t\t\t\t<span>Unsere Gegenwart basiert auf einer Geschichte, die vor mehr als einem halben Jahrhundert mit der Gr\u00fcndung der <b>Castaldini Group<\/b> begann &#8211; heute ein renommiertes Unternehmen, das f\u00fcr seine Spezialisierung auf die Entwicklung und Herstellung von Peripherieger\u00e4ten bekannt ist &#8211; und die 2009 mit der \u00dcbernahme durch die Gruppe <b>Dongfang Precision<\/b> fortgesetzt wurde. Einer Gruppe, deren internationale F\u00fchrungsposition im Bereich der Rotationsstanzmaschinen und Flexodruckmaschinen f\u00fcr Wellpappe eine weitere Garantie f\u00fcr alle ist, die sich dem italienischen Unternehmen anvertrauen.<\/p>\n<p>Unser Know-how ist in einer italienischen Industriekultur verwurzelt, in der Erfindungsreichtum in Sachen Technologie und Problem Solving mit der Detailpflege einhergeht, die sich auch in der \u00e4sthetischen Ausf\u00fchrung zeigt, wie das elegante, essentielle Design, das die Funktionen unserer Maschinen \u201eeinkleidet\u201c.<br \/>\n            <\/span>\n\t\t\t\t<\/div>\n<\/p><\/div>\n<div class=\"box box-img\">\n\t\t\t\t<img decoding=\"async\" src=\"\/edf-new\/wp-content\/uploads\/2024\/04\/edf-chi_siamo-04.jpg\" alt=\"EDF Europe - Der Wert eines Know-hows, das in der italienischen Industriekultur der Castaldini Group verwurzelt ist\">\n\t\t\t<\/div>\n<\/p><\/div>\n<\/p><\/div>\n<\/div>\n","protected":false},"excerpt":{"rendered":"<p>Eine gro\u00dfe Auswahl an Verarbeitungsmaschinen und eine au\u00dferordentlich umfassende Palette an Peripherieger\u00e4ten Wir bieten der mit Wellpappe arbeitenden Verpackungsindustrie eine gro\u00dfe Auswahl an Verarbeitungsmaschinen und eine au\u00dferordentlich breite Palette an Peripherieger\u00e4ten. Unser Angebot ist so breit gef\u00e4chert, vielf\u00e4ltig und fortschrittlich, dass es alle Anforderungen an eine komplette Produktionsanlage &#8211; von A bis Z &#8211; zu [&hellip;]<\/p>\n","protected":false},"author":1,"featured_media":0,"parent":0,"menu_order":0,"comment_status":"closed","ping_status":"closed","template":"","meta":{"_acf_changed":false,"inline_featured_image":false,"footnotes":""},"class_list":["post-862","page","type-page","status-publish","hentry"],"acf":[],"yoast_head":"<!-- This site is optimized with the Yoast SEO plugin v27.4 - https:\/\/yoast.com\/product\/yoast-seo-wordpress\/ -->\n<title>Wer wir sind - EDF Europe<\/title>\n<meta name=\"description\" content=\"Eine gro\u00dfe Auswahl an Verarbeitungsmaschinen und eine au\u00dferordentlich umfassende Palette an Peripherieger\u00e4ten Wir bieten der mit Wellpappe arbeitenden\" \/>\n<meta name=\"robots\" content=\"index, follow, max-snippet:-1, max-image-preview:large, max-video-preview:-1\" \/>\n<link rel=\"canonical\" href=\"https:\/\/www.edfeurope.com\/de\/wer-wir-sind\/\" \/>\n<meta property=\"og:locale\" content=\"de_DE\" \/>\n<meta property=\"og:type\" content=\"article\" \/>\n<meta property=\"og:title\" content=\"Wer wir sind - EDF Europe\" \/>\n<meta property=\"og:description\" content=\"Eine gro\u00dfe Auswahl an Verarbeitungsmaschinen und eine au\u00dferordentlich umfassende Palette an Peripherieger\u00e4ten Wir bieten der mit Wellpappe arbeitenden\" \/>\n<meta property=\"og:url\" content=\"https:\/\/www.edfeurope.com\/de\/wer-wir-sind\/\" \/>\n<meta property=\"og:site_name\" content=\"EDF Europe\" \/>\n<meta property=\"article:modified_time\" content=\"2024-04-18T10:37:59+00:00\" \/>\n<meta name=\"twitter:card\" content=\"summary_large_image\" \/>\n<meta name=\"twitter:label1\" content=\"Gesch\u00e4tzte Lesezeit\" \/>\n\t<meta name=\"twitter:data1\" content=\"3\u00a0Minuten\" \/>\n<script type=\"application\/ld+json\" class=\"yoast-schema-graph\">{\"@context\":\"https:\\\/\\\/schema.org\",\"@graph\":[{\"@type\":\"WebPage\",\"@id\":\"https:\\\/\\\/www.edfeurope.com\\\/de\\\/wer-wir-sind\\\/\",\"url\":\"https:\\\/\\\/www.edfeurope.com\\\/de\\\/wer-wir-sind\\\/\",\"name\":\"Wer wir sind - EDF Europe\",\"isPartOf\":{\"@id\":\"https:\\\/\\\/www.edfeurope.com\\\/de\\\/#website\"},\"datePublished\":\"2024-04-02T13:06:36+00:00\",\"dateModified\":\"2024-04-18T10:37:59+00:00\",\"description\":\"Eine gro\u00dfe Auswahl an Verarbeitungsmaschinen und eine au\u00dferordentlich umfassende Palette an Peripherieger\u00e4ten Wir bieten der mit Wellpappe arbeitenden\",\"breadcrumb\":{\"@id\":\"https:\\\/\\\/www.edfeurope.com\\\/de\\\/wer-wir-sind\\\/#breadcrumb\"},\"inLanguage\":\"de\",\"potentialAction\":[{\"@type\":\"ReadAction\",\"target\":[\"https:\\\/\\\/www.edfeurope.com\\\/de\\\/wer-wir-sind\\\/\"]}]},{\"@type\":\"BreadcrumbList\",\"@id\":\"https:\\\/\\\/www.edfeurope.com\\\/de\\\/wer-wir-sind\\\/#breadcrumb\",\"itemListElement\":[{\"@type\":\"ListItem\",\"position\":1,\"name\":\"Home\",\"item\":\"https:\\\/\\\/www.edfeurope.com\\\/de\\\/\"},{\"@type\":\"ListItem\",\"position\":2,\"name\":\"Wer wir sind\"}]},{\"@type\":\"WebSite\",\"@id\":\"https:\\\/\\\/www.edfeurope.com\\\/de\\\/#website\",\"url\":\"https:\\\/\\\/www.edfeurope.com\\\/de\\\/\",\"name\":\"EDF Europe\",\"description\":\"Corrugated cardboard converting machines\",\"publisher\":{\"@id\":\"https:\\\/\\\/www.edfeurope.com\\\/de\\\/#organization\"},\"potentialAction\":[{\"@type\":\"SearchAction\",\"target\":{\"@type\":\"EntryPoint\",\"urlTemplate\":\"https:\\\/\\\/www.edfeurope.com\\\/de\\\/?s={search_term_string}\"},\"query-input\":{\"@type\":\"PropertyValueSpecification\",\"valueRequired\":true,\"valueName\":\"search_term_string\"}}],\"inLanguage\":\"de\"},{\"@type\":\"Organization\",\"@id\":\"https:\\\/\\\/www.edfeurope.com\\\/de\\\/#organization\",\"name\":\"EDF Europe\",\"url\":\"https:\\\/\\\/www.edfeurope.com\\\/de\\\/\",\"logo\":{\"@type\":\"ImageObject\",\"inLanguage\":\"de\",\"@id\":\"https:\\\/\\\/www.edfeurope.com\\\/de\\\/#\\\/schema\\\/logo\\\/image\\\/\",\"url\":\"https:\\\/\\\/www.edfeurope.com\\\/edf-new\\\/wp-content\\\/uploads\\\/2024\\\/04\\\/edf-logo.svg\",\"contentUrl\":\"https:\\\/\\\/www.edfeurope.com\\\/edf-new\\\/wp-content\\\/uploads\\\/2024\\\/04\\\/edf-logo.svg\",\"width\":\"1024\",\"height\":\"1024\",\"caption\":\"EDF Europe\"},\"image\":{\"@id\":\"https:\\\/\\\/www.edfeurope.com\\\/de\\\/#\\\/schema\\\/logo\\\/image\\\/\"}}]}<\/script>\n<!-- \/ Yoast SEO plugin. -->","yoast_head_json":{"title":"Wer wir sind - EDF Europe","description":"Eine gro\u00dfe Auswahl an Verarbeitungsmaschinen und eine au\u00dferordentlich umfassende Palette an Peripherieger\u00e4ten Wir bieten der mit Wellpappe arbeitenden","robots":{"index":"index","follow":"follow","max-snippet":"max-snippet:-1","max-image-preview":"max-image-preview:large","max-video-preview":"max-video-preview:-1"},"canonical":"https:\/\/www.edfeurope.com\/de\/wer-wir-sind\/","og_locale":"de_DE","og_type":"article","og_title":"Wer wir sind - EDF Europe","og_description":"Eine gro\u00dfe Auswahl an Verarbeitungsmaschinen und eine au\u00dferordentlich umfassende Palette an Peripherieger\u00e4ten Wir bieten der mit Wellpappe arbeitenden","og_url":"https:\/\/www.edfeurope.com\/de\/wer-wir-sind\/","og_site_name":"EDF Europe","article_modified_time":"2024-04-18T10:37:59+00:00","twitter_card":"summary_large_image","twitter_misc":{"Gesch\u00e4tzte Lesezeit":"3\u00a0Minuten"},"schema":{"@context":"https:\/\/schema.org","@graph":[{"@type":"WebPage","@id":"https:\/\/www.edfeurope.com\/de\/wer-wir-sind\/","url":"https:\/\/www.edfeurope.com\/de\/wer-wir-sind\/","name":"Wer wir sind - EDF Europe","isPartOf":{"@id":"https:\/\/www.edfeurope.com\/de\/#website"},"datePublished":"2024-04-02T13:06:36+00:00","dateModified":"2024-04-18T10:37:59+00:00","description":"Eine gro\u00dfe Auswahl an Verarbeitungsmaschinen und eine au\u00dferordentlich umfassende Palette an Peripherieger\u00e4ten Wir bieten der mit Wellpappe arbeitenden","breadcrumb":{"@id":"https:\/\/www.edfeurope.com\/de\/wer-wir-sind\/#breadcrumb"},"inLanguage":"de","potentialAction":[{"@type":"ReadAction","target":["https:\/\/www.edfeurope.com\/de\/wer-wir-sind\/"]}]},{"@type":"BreadcrumbList","@id":"https:\/\/www.edfeurope.com\/de\/wer-wir-sind\/#breadcrumb","itemListElement":[{"@type":"ListItem","position":1,"name":"Home","item":"https:\/\/www.edfeurope.com\/de\/"},{"@type":"ListItem","position":2,"name":"Wer wir sind"}]},{"@type":"WebSite","@id":"https:\/\/www.edfeurope.com\/de\/#website","url":"https:\/\/www.edfeurope.com\/de\/","name":"EDF Europe","description":"Corrugated cardboard converting machines","publisher":{"@id":"https:\/\/www.edfeurope.com\/de\/#organization"},"potentialAction":[{"@type":"SearchAction","target":{"@type":"EntryPoint","urlTemplate":"https:\/\/www.edfeurope.com\/de\/?s={search_term_string}"},"query-input":{"@type":"PropertyValueSpecification","valueRequired":true,"valueName":"search_term_string"}}],"inLanguage":"de"},{"@type":"Organization","@id":"https:\/\/www.edfeurope.com\/de\/#organization","name":"EDF Europe","url":"https:\/\/www.edfeurope.com\/de\/","logo":{"@type":"ImageObject","inLanguage":"de","@id":"https:\/\/www.edfeurope.com\/de\/#\/schema\/logo\/image\/","url":"https:\/\/www.edfeurope.com\/edf-new\/wp-content\/uploads\/2024\/04\/edf-logo.svg","contentUrl":"https:\/\/www.edfeurope.com\/edf-new\/wp-content\/uploads\/2024\/04\/edf-logo.svg","width":"1024","height":"1024","caption":"EDF Europe"},"image":{"@id":"https:\/\/www.edfeurope.com\/de\/#\/schema\/logo\/image\/"}}]}},"_links":{"self":[{"href":"https:\/\/www.edfeurope.com\/de\/wp-json\/wp\/v2\/pages\/862","targetHints":{"allow":["GET"]}}],"collection":[{"href":"https:\/\/www.edfeurope.com\/de\/wp-json\/wp\/v2\/pages"}],"about":[{"href":"https:\/\/www.edfeurope.com\/de\/wp-json\/wp\/v2\/types\/page"}],"author":[{"embeddable":true,"href":"https:\/\/www.edfeurope.com\/de\/wp-json\/wp\/v2\/users\/1"}],"replies":[{"embeddable":true,"href":"https:\/\/www.edfeurope.com\/de\/wp-json\/wp\/v2\/comments?post=862"}],"version-history":[{"count":3,"href":"https:\/\/www.edfeurope.com\/de\/wp-json\/wp\/v2\/pages\/862\/revisions"}],"predecessor-version":[{"id":1095,"href":"https:\/\/www.edfeurope.com\/de\/wp-json\/wp\/v2\/pages\/862\/revisions\/1095"}],"wp:attachment":[{"href":"https:\/\/www.edfeurope.com\/de\/wp-json\/wp\/v2\/media?parent=862"}],"curies":[{"name":"wp","href":"https:\/\/api.w.org\/{rel}","templated":true}]}}