{"id":1067,"date":"2024-03-29T15:51:18","date_gmt":"2024-03-29T14:51:18","guid":{"rendered":"https:\/\/www.edfeurope.com\/homepage\/"},"modified":"2024-05-14T18:40:41","modified_gmt":"2024-05-14T16:40:41","slug":"homepage","status":"publish","type":"page","link":"https:\/\/www.edfeurope.com\/es\/","title":{"rendered":"Homepage"},"content":{"rendered":"<div id=\"home\">\n<div class=\"section\">\n<div class=\"row row-grid\">\n<div class=\"box box-text box-grey\">\n<div class=\"box--content\">\n<h1>Experiencia e innovaci\u00f3n al servicio de la industria del envasado en cart\u00f3n ondulado<\/h1>\n<p>\t\t\t\t\t<span>Ofrecemos soluciones que unen a las garant\u00edas requeridas por los est\u00e1ndares del sector, la m\u00e1xima conformidad con las exigencias particulares en t\u00e9rminos de flexibilidad operativa y de adaptaci\u00f3n a las caracter\u00edsticas de los espacios de producci\u00f3n.<\/span><br \/>\n\t\t\t\t\t<a href=\"https:\/\/www.edfeurope.com\/es\/quienes-somos\/\" class=\"btn\">descubre m\u00e1s<svg xmlns=\"http:\/\/www.w3.org\/2000\/svg\" data-name=\"Raggruppa 7\" viewBox=\"0 0 6.846 11.652\"><defs><clipPath id=\"a\"><path fill=\"#797f89\" d=\"M0 0h6.846v11.652H0z\" data-name=\"Rettangolo 44\"\/><\/clipPath><\/defs><g clip-path=\"url(#a)\" data-name=\"Raggruppa 6\"><path fill=\"#797f89\" d=\"M6.66 5.371 1.474.186a.639.639 0 0 0-.9 0L.191.568a.638.638 0 0 0 0 .9l4.354 4.356-4.359 4.359a.639.639 0 0 0 0 .9l.382.382a.639.639 0 0 0 .9 0l5.19-5.19a.643.643 0 0 0 0-.9\" data-name=\"Tracciato 45\"\/><\/g><\/svg><\/a>\n\t\t\t\t<\/div>\n<\/p><\/div>\n<div class=\"box box-img\">\n\t\t\t\t<img decoding=\"async\" src=\"\/edf-new\/wp-content\/uploads\/2024\/04\/edf-header-01.jpg\" alt=\"EDF Europe - Experiencia e innovaci\u00f3n al servicio de la industria del envasado en cart\u00f3n ondulado\">\n\t\t\t<\/div>\n<\/p><\/div>\n<\/p><\/div>\n<div class=\"section\">\n<div class=\"row row-grid\">\n<div class=\"box box-text pad-md-20\">\n<div class=\"box--content\">\n<h2>la certeza <br \/>de la integridad<\/h2>\n<\/p><\/div>\n<\/p><\/div>\n<div class=\"box box-text no-pad-left j-start\">\n\t\t\t\t<span>Ponemos a disposici\u00f3n de los productores de envasado en cart\u00f3n ondulado una <b>amplia elecci\u00f3n de m\u00e1quinas para el converting<\/b> y una gama extraordinariamente vasta de perif\u00e9ricas. Nuestra oferta es tan extensa, estructurada y evolucionada que cubre todas las exigencias de una l\u00ednea de producci\u00f3n completa.<\/span>\n\t\t\t<\/div>\n<\/p><\/div>\n<\/p><\/div>\n<div class=\"section\">\n<div class=\"row row-grid grid-even pad no-pad-top\">\n<div class=\"box box-cat\">\n<div class=\"box-cat--img\">\n\t\t\t\t\t<img decoding=\"async\" src=\"\/edf-new\/wp-content\/uploads\/2024\/04\/edf-prodotti-periferici.jpg\" alt=\"EDF Europe | Perif\u00e9ricas\">\n\t\t\t\t<\/div>\n<div class=\"box-cat--content\">\n<div class=\"col\">\n<h2>Perif\u00e9ricas<\/h2>\n<ul>\n<li><a href=\"\/es\/productos\/carga\/\">Carga<svg xmlns=\"http:\/\/www.w3.org\/2000\/svg\" data-name=\"Raggruppa 7\" viewBox=\"0 0 6.846 11.652\"><defs><clipPath id=\"a\"><path fill=\"#797f89\" d=\"M0 0h6.846v11.652H0z\" data-name=\"Rettangolo 44\"\/><\/clipPath><\/defs><g clip-path=\"url(#a)\" data-name=\"Raggruppa 6\"><path fill=\"#797f89\" d=\"M6.66 5.371 1.474.186a.639.639 0 0 0-.9 0L.191.568a.638.638 0 0 0 0 .9l4.354 4.356-4.359 4.359a.639.639 0 0 0 0 .9l.382.382a.639.639 0 0 0 .9 0l5.19-5.19a.643.643 0 0 0 0-.9\" data-name=\"Tracciato 45\"\/><\/g><\/svg><\/a><\/li>\n<li><a href=\"\/es\/productos\/apilado-y-recogida\/\">Apilado y recogida<svg xmlns=\"http:\/\/www.w3.org\/2000\/svg\" data-name=\"Raggruppa 7\" viewBox=\"0 0 6.846 11.652\"><defs><clipPath id=\"a\"><path fill=\"#797f89\" d=\"M0 0h6.846v11.652H0z\" data-name=\"Rettangolo 44\"\/><\/clipPath><\/defs><g clip-path=\"url(#a)\" data-name=\"Raggruppa 6\"><path fill=\"#797f89\" d=\"M6.66 5.371 1.474.186a.639.639 0 0 0-.9 0L.191.568a.638.638 0 0 0 0 .9l4.354 4.356-4.359 4.359a.639.639 0 0 0 0 .9l.382.382a.639.639 0 0 0 .9 0l5.19-5.19a.643.643 0 0 0 0-.9\" data-name=\"Tracciato 45\"\/><\/g><\/svg><\/a><\/li>\n<li><a href=\"\/es\/productos\/separacion\/\">Separaci\u00f3n<svg xmlns=\"http:\/\/www.w3.org\/2000\/svg\" data-name=\"Raggruppa 7\" viewBox=\"0 0 6.846 11.652\"><defs><clipPath id=\"a\"><path fill=\"#797f89\" d=\"M0 0h6.846v11.652H0z\" data-name=\"Rettangolo 44\"\/><\/clipPath><\/defs><g clip-path=\"url(#a)\" data-name=\"Raggruppa 6\"><path fill=\"#797f89\" d=\"M6.66 5.371 1.474.186a.639.639 0 0 0-.9 0L.191.568a.638.638 0 0 0 0 .9l4.354 4.356-4.359 4.359a.639.639 0 0 0 0 .9l.382.382a.639.639 0 0 0 .9 0l5.19-5.19a.643.643 0 0 0 0-.9\" data-name=\"Tracciato 45\"\/><\/g><\/svg><\/a><\/li>\n<li><a href=\"\/es\/productos\/paletizacion\/\">Paletizaci\u00f3n<svg xmlns=\"http:\/\/www.w3.org\/2000\/svg\" data-name=\"Raggruppa 7\" viewBox=\"0 0 6.846 11.652\"><defs><clipPath id=\"a\"><path fill=\"#797f89\" d=\"M0 0h6.846v11.652H0z\" data-name=\"Rettangolo 44\"\/><\/clipPath><\/defs><g clip-path=\"url(#a)\" data-name=\"Raggruppa 6\"><path fill=\"#797f89\" d=\"M6.66 5.371 1.474.186a.639.639 0 0 0-.9 0L.191.568a.638.638 0 0 0 0 .9l4.354 4.356-4.359 4.359a.639.639 0 0 0 0 .9l.382.382a.639.639 0 0 0 .9 0l5.19-5.19a.643.643 0 0 0 0-.9\" data-name=\"Tracciato 45\"\/><\/g><\/svg><\/a><\/li>\n<\/ul><\/div>\n<div class=\"col\">\n\t\t\t\t\t\t<span>M\u00e1quinas perif\u00e9ricas para carga, apilado y recogida, separaci\u00f3n y paletizaci\u00f3n, compatibles con las m\u00e1quinas de otras f\u00e1bricas e integrables en cualquier l\u00ednea de producci\u00f3n. <\/span><br \/>\n\t\t\t\t\t\t<a href=\"\/es\/productos\/perifericas\/\" class=\"btn white\">Explore la gama<svg xmlns=\"http:\/\/www.w3.org\/2000\/svg\" data-name=\"Raggruppa 7\" viewBox=\"0 0 6.846 11.652\"><defs><clipPath id=\"a\"><path fill=\"#797f89\" d=\"M0 0h6.846v11.652H0z\" data-name=\"Rettangolo 44\"\/><\/clipPath><\/defs><g clip-path=\"url(#a)\" data-name=\"Raggruppa 6\"><path fill=\"#797f89\" d=\"M6.66 5.371 1.474.186a.639.639 0 0 0-.9 0L.191.568a.638.638 0 0 0 0 .9l4.354 4.356-4.359 4.359a.639.639 0 0 0 0 .9l.382.382a.639.639 0 0 0 .9 0l5.19-5.19a.643.643 0 0 0 0-.9\" data-name=\"Tracciato 45\"\/><\/g><\/svg><\/a>\n\t\t\t\t\t<\/div>\n<\/p><\/div>\n<\/p><\/div>\n<div class=\"box box-cat\">\n<div class=\"box-cat--img\">\n\t\t\t\t\t<img decoding=\"async\" src=\"\/edf-new\/wp-content\/uploads\/2024\/04\/edf-prodotti-converting.jpg\" alt=\"EDF Europe | Converting\">\n\t\t\t\t<\/div>\n<div class=\"box-cat--content\">\n<div class=\"col\">\n<h2>Converting<\/h2>\n<ul>\n<li><a href=\"\/es\/productos\/open-close\/\">Open \/ close<svg xmlns=\"http:\/\/www.w3.org\/2000\/svg\" data-name=\"Raggruppa 7\" viewBox=\"0 0 6.846 11.652\"><defs><clipPath id=\"a\"><path fill=\"#797f89\" d=\"M0 0h6.846v11.652H0z\" data-name=\"Rettangolo 44\"\/><\/clipPath><\/defs><g clip-path=\"url(#a)\" data-name=\"Raggruppa 6\"><path fill=\"#797f89\" d=\"M6.66 5.371 1.474.186a.639.639 0 0 0-.9 0L.191.568a.638.638 0 0 0 0 .9l4.354 4.356-4.359 4.359a.639.639 0 0 0 0 .9l.382.382a.639.639 0 0 0 .9 0l5.19-5.19a.643.643 0 0 0 0-.9\" data-name=\"Tracciato 45\"\/><\/g><\/svg><\/a><\/li>\n<li><a href=\"\/es\/productos\/fix-group\/\">Fix group<svg xmlns=\"http:\/\/www.w3.org\/2000\/svg\" data-name=\"Raggruppa 7\" viewBox=\"0 0 6.846 11.652\"><defs><clipPath id=\"a\"><path fill=\"#797f89\" d=\"M0 0h6.846v11.652H0z\" data-name=\"Rettangolo 44\"\/><\/clipPath><\/defs><g clip-path=\"url(#a)\" data-name=\"Raggruppa 6\"><path fill=\"#797f89\" d=\"M6.66 5.371 1.474.186a.639.639 0 0 0-.9 0L.191.568a.638.638 0 0 0 0 .9l4.354 4.356-4.359 4.359a.639.639 0 0 0 0 .9l.382.382a.639.639 0 0 0 .9 0l5.19-5.19a.643.643 0 0 0 0-.9\" data-name=\"Tracciato 45\"\/><\/g><\/svg><\/a><\/li>\n<\/ul><\/div>\n<div class=\"col\">\n\t\t\t\t\t\t<span>M\u00e1quinas para el converting de alta productividad, seguras para los operadores y preparadas para su gesti\u00f3n seg\u00fan los criterios m\u00e1s avanzados de control, regulaci\u00f3n y diagn\u00f3stico..<\/span><br \/>\n\t\t\t\t\t\t<a href=\"\/es\/productos\/converting\/\" class=\"btn white\">Explore la gama<svg xmlns=\"http:\/\/www.w3.org\/2000\/svg\" data-name=\"Raggruppa 7\" viewBox=\"0 0 6.846 11.652\"><defs><clipPath id=\"a\"><path fill=\"#797f89\" d=\"M0 0h6.846v11.652H0z\" data-name=\"Rettangolo 44\"\/><\/clipPath><\/defs><g clip-path=\"url(#a)\" data-name=\"Raggruppa 6\"><path fill=\"#797f89\" d=\"M6.66 5.371 1.474.186a.639.639 0 0 0-.9 0L.191.568a.638.638 0 0 0 0 .9l4.354 4.356-4.359 4.359a.639.639 0 0 0 0 .9l.382.382a.639.639 0 0 0 .9 0l5.19-5.19a.643.643 0 0 0 0-.9\" data-name=\"Tracciato 45\"\/><\/g><\/svg><\/a>\n\t\t\t\t\t<\/div>\n<\/p><\/div>\n<\/p><\/div>\n<\/p><\/div>\n<\/p><\/div>\n<div class=\"section\">\n<div class=\"row row-grid inverted\">\n<div class=\"box box-img\">\n\t\t\t\t<img decoding=\"async\" src=\"\/edf-new\/wp-content\/uploads\/2024\/04\/edf-consulenza.jpg\" alt=\"EDF Europe - La ventaja del asesoramiento y la asistencia\">\n\t\t\t<\/div>\n<div class=\"box box-text box-grey\">\n<div class=\"box--content\">\n<h1>La ventaja del asesoramiento y la asistencia<\/h1>\n<p>\t\t\t\t\t<span>Nuestro servicio es mucho m\u00e1s que distintivo. Es una actividad que se desarrolla de forma integral, lo que nos convierte en una realidad casi \u00fanica en el sector. La ventaja de un asesoramiento valioso, al que se a\u00f1ade la capacidad de acompa\u00f1ar al cliente para mejorar los procedimientos incluso despu\u00e9s de la venta.<br \/>\n\t\t\t\t\t\t<\/span><br \/>\n\t\t\t\t\t<a href=\"https:\/\/www.edfeurope.com\/es\/servicio\/\" class=\"btn\">descubra los servicios<svg xmlns=\"http:\/\/www.w3.org\/2000\/svg\" data-name=\"Raggruppa 7\" viewBox=\"0 0 6.846 11.652\"><defs><clipPath id=\"a\"><path fill=\"#797f89\" d=\"M0 0h6.846v11.652H0z\" data-name=\"Rettangolo 44\"\/><\/clipPath><\/defs><g clip-path=\"url(#a)\" data-name=\"Raggruppa 6\"><path fill=\"#797f89\" d=\"M6.66 5.371 1.474.186a.639.639 0 0 0-.9 0L.191.568a.638.638 0 0 0 0 .9l4.354 4.356-4.359 4.359a.639.639 0 0 0 0 .9l.382.382a.639.639 0 0 0 .9 0l5.19-5.19a.643.643 0 0 0 0-.9\" data-name=\"Tracciato 45\"\/><\/g><\/svg><\/a>\n\t\t\t\t<\/div>\n<\/p><\/div>\n<\/p><\/div>\n<\/p><\/div>\n<p>\t<!--\n\t\n\n<div class=\"section case-history\">\n\t\t\n\n<div class=\"row row-grid pad-top\">\n\t\t\t\n\n<div class=\"box box-text\">\n\t\t\t\t\n\n<div class=\"box--content\">\n\t\t\t\t\t\n\n<h1>Case history: <br \/>los desaf\u00edos aceptados y vencidos<\/h1>\n\n\n\t\t\t\t\t<span>Hemos decidido presentar algunos de nuestros proyectos porque consideramos que son la mejor demostraci\u00f3n de nuestro enfoque a las exigencias de quien conf\u00eda en nosotros.<\/span>\n\t\t\t\t\t<a href=\"https:\/\/www.edfeurope.com\/es\/casos-practicos\/\" class=\"btn white\">caso pr\u00e1ctico<svg xmlns=\"http:\/\/www.w3.org\/2000\/svg\" data-name=\"Raggruppa 7\" viewBox=\"0 0 6.846 11.652\"><defs><clipPath id=\"a\"><path fill=\"#797f89\" d=\"M0 0h6.846v11.652H0z\" data-name=\"Rettangolo 44\"\/><\/clipPath><\/defs><g clip-path=\"url(#a)\" data-name=\"Raggruppa 6\"><path fill=\"#797f89\" d=\"M6.66 5.371 1.474.186a.639.639 0 0 0-.9 0L.191.568a.638.638 0 0 0 0 .9l4.354 4.356-4.359 4.359a.639.639 0 0 0 0 .9l.382.382a.639.639 0 0 0 .9 0l5.19-5.19a.643.643 0 0 0 0-.9\" data-name=\"Tracciato 45\"\/><\/g><\/svg><\/a>\n\t\t\t\t<\/div>\n\n\n\t\t\t<\/div>\n\n\n\t\t\t\n\n<div class=\"box box-img pad-right \">\n\t\t\t\t\n\n<div class=\"slider slider-home\">\n\t\t\t\t\t\n\n<div class=\"slider--inner\">\n\t\t\t\t\t\t\n\n<section class=\"splide\" aria-label=\"EDF case history\">\n\t\t\t\t\t\t\t\n\n<div class=\"splide__track\">\n\t\t\t\t\t\t\t\t\n\n<ul class=\"splide__list\">\n\t\t\t\t\t\t\t\t\t\n\n<li class=\"splide__slide\">\n\t\t\t\t\t\t\t\t\t\t\n\n<div class=\"case-history-img\"><img\n\t\t\t\t\t\t\t\t\t\t\t\tsrc=\"\/edf-new\/wp-content\/uploads\/2024\/04\/edf-case_history.jpg\"><\/div>\n\n\n\t\t\t\t\t\t\t\t\t\t\n\n<div class=\"case-history-txt\">Factory Acceptance Test superado para el establecimiento International Paper en Espaly <\/div>\n\n\n\t\t\t\t\t\t\t\t\t<\/li>\n\n\n\t\t\t\t\t\t\t\t\t\n\n<li class=\"splide__slide\">\n\t\t\t\t\t\t\t\t\t\t\n\n<div class=\"case-history-img\"><img\n\t\t\t\t\t\t\t\t\t\t\t\tsrc=\"\/edf-new\/wp-content\/uploads\/2024\/04\/edf-case_history.jpg\"><\/div>\n\n\n\t\t\t\t\t\t\t\t\t\t\n\n<div class=\"case-history-txt\">Instalaci\u00f3n de una l\u00ednea completa HGL 924 en el establecimiento International Paper de Catania <\/div>\n\n\n\t\t\t\t\t\t\t\t\t<\/li>\n\n\n\t\t\t\t\t\t\t\t<\/ul>\n\n\n\t\t\t\t\t\t\t<\/div>\n\n\n\t\t\t\t\t\t<\/section>\n\n\n\t\t\t\t\t<\/div>\n\n\n\t\t\t\t\t\n\n<div class=\"slider--controls\">\n\t\t\t\t\t\t\n\n<div class=\"control control--left\">\n\t\t\t\t\t\t\t<svg xmlns=\"http:\/\/www.w3.org\/2000\/svg\" class=\"icon\" viewBox=\"0 0 1024 1024\">\n\t\t\t\t\t\t\t\t<path d=\"M903.232 256 960 306.432 512 768 64 306.432 120.768 256 512 659.072z\" \/>\n\t\t\t\t\t\t\t<\/svg>\n\t\t\t\t\t\t<\/div>\n\n\n\t\t\t\t\t\t\n\n<div class=\"control control--right\">\n\t\t\t\t\t\t\t<svg xmlns=\"http:\/\/www.w3.org\/2000\/svg\" class=\"icon\" viewBox=\"0 0 1024 1024\">\n\t\t\t\t\t\t\t\t<path d=\"M903.232 256 960 306.432 512 768 64 306.432 120.768 256 512 659.072z\" \/>\n\t\t\t\t\t\t\t<\/svg>\n\t\t\t\t\t\t<\/div>\n\n\n\t\t\t\t\t<\/div>\n\n\n\t\t\t\t<\/div>\n\n\n\t\t\t<\/div>\n\n\n\t\t<\/div>\n\n\n\t<\/div>\n\n\n\t--><\/p>\n<div class=\"section\">\n<div class=\"row row-grid pad-top\">\n<div class=\"box box-text box-green\">\n<div class=\"box--content\">\n<h1>Compromiso concreto <br \/>para un ma\u00f1ana mejor<\/h1>\n<p>\t\t\t\t\t<span>Actuar seg\u00fan un modelo de desarrollo sostenible es uno de los puntos fundamentales de nuestra filosof\u00eda.<\/span><br \/>\n\t\t\t\t\t<a href=\"https:\/\/www.edfeurope.com\/es\/sostenibilidad\/\" class=\"btn\">descubre m\u00e1s<svg xmlns=\"http:\/\/www.w3.org\/2000\/svg\" data-name=\"Raggruppa 7\" viewBox=\"0 0 6.846 11.652\"><defs><clipPath id=\"a\"><path fill=\"#797f89\" d=\"M0 0h6.846v11.652H0z\" data-name=\"Rettangolo 44\"\/><\/clipPath><\/defs><g clip-path=\"url(#a)\" data-name=\"Raggruppa 6\"><path fill=\"#797f89\" d=\"M6.66 5.371 1.474.186a.639.639 0 0 0-.9 0L.191.568a.638.638 0 0 0 0 .9l4.354 4.356-4.359 4.359a.639.639 0 0 0 0 .9l.382.382a.639.639 0 0 0 .9 0l5.19-5.19a.643.643 0 0 0 0-.9\" data-name=\"Tracciato 45\"\/><\/g><\/svg><\/a>\n\t\t\t\t<\/div>\n<\/p><\/div>\n<div class=\"box box-img\">\n\t\t\t\t<img decoding=\"async\" src=\"\/edf-new\/wp-content\/uploads\/2024\/04\/edf-quality.jpg\" alt=\"EDF Europe - Compromiso concreto para un ma\u00f1ana mejor\">\n\t\t\t<\/div>\n<\/p><\/div>\n<\/p><\/div>\n<p>\t<!--\n\n<div class=\"section\" id=\"section-news\">\n\t\t\n\n<div class=\"row row-grid\">\n\t\t\t\n\n<div class=\"box box-text box-news-intro\">\n\t\t\t\t\n\n<div class=\"box--content\">\n\t\t\t\t\t\n\n<h2>News & Eventi<br \/> da EDF Europe<\/h2>\n\n\n\t\t\t\t\t<span>Novit\u00e0 sulla nostra gamma, sulle partecipazioni fieristiche, sulle nostre iniziative: mantenere gli utenti aggiornati su tutto quello che facciamo fa parte del nostro approccio alle esigenze del settore al quale ci rivolgiamo. Seguendoci avrai il piacere di restare sempre informato. <\/span>\n\t\t\t\t\t<a href=\"https:\/\/www.edfeurope.com\/news\/\" class=\"btn border\">leggi tutte<svg xmlns=\"http:\/\/www.w3.org\/2000\/svg\" data-name=\"Raggruppa 7\" viewBox=\"0 0 6.846 11.652\"><defs><clipPath id=\"a\"><path fill=\"#797f89\" d=\"M0 0h6.846v11.652H0z\" data-name=\"Rettangolo 44\"\/><\/clipPath><\/defs><g clip-path=\"url(#a)\" data-name=\"Raggruppa 6\"><path fill=\"#797f89\" d=\"M6.66 5.371 1.474.186a.639.639 0 0 0-.9 0L.191.568a.638.638 0 0 0 0 .9l4.354 4.356-4.359 4.359a.639.639 0 0 0 0 .9l.382.382a.639.639 0 0 0 .9 0l5.19-5.19a.643.643 0 0 0 0-.9\" data-name=\"Tracciato 45\"\/><\/g><\/svg><\/a>\n\t\t\t\t<\/div>\n\n\n\t\t\t<\/div>\n\n\n\t\t\t\n\n<div class=\"box box-news\">\n\t\t\t\t[news_hp]\n\t\t\t<\/div>\n\n\n\t\t<\/div>\n\n\n\t<\/div>\n\n-->\n<\/div>\n","protected":false},"excerpt":{"rendered":"<p>Experiencia e innovaci\u00f3n al servicio de la industria del envasado en cart\u00f3n ondulado Ofrecemos soluciones que unen a las garant\u00edas requeridas por los est\u00e1ndares del sector, la m\u00e1xima conformidad con las exigencias particulares en t\u00e9rminos de flexibilidad operativa y de adaptaci\u00f3n a las caracter\u00edsticas de los espacios de producci\u00f3n. descubre m\u00e1s la certeza de la [&hellip;]<\/p>\n","protected":false},"author":1,"featured_media":0,"parent":0,"menu_order":0,"comment_status":"closed","ping_status":"closed","template":"","meta":{"_acf_changed":false,"inline_featured_image":false,"footnotes":""},"class_list":["post-1067","page","type-page","status-publish","hentry"],"acf":[],"yoast_head":"<!-- This site is optimized with the Yoast SEO plugin v27.6 - https:\/\/yoast.com\/product\/yoast-seo-wordpress\/ -->\n<title>EDF Europe - Corrugated cardboard converting machines<\/title>\n<meta name=\"description\" content=\"Edf Europe - Experiencia e innovaci\u00f3n al servicio de la industria del envasado en cart\u00f3n ondulado\" \/>\n<meta name=\"robots\" content=\"index, follow, max-snippet:-1, max-image-preview:large, max-video-preview:-1\" \/>\n<link rel=\"canonical\" href=\"https:\/\/www.edfeurope.com\/es\/\" \/>\n<meta property=\"og:locale\" content=\"es_ES\" \/>\n<meta property=\"og:type\" content=\"article\" \/>\n<meta property=\"og:title\" content=\"EDF Europe - Corrugated cardboard converting machines\" \/>\n<meta property=\"og:description\" content=\"Edf Europe - Experiencia e innovaci\u00f3n al servicio de la industria del envasado en cart\u00f3n ondulado\" \/>\n<meta property=\"og:url\" content=\"https:\/\/www.edfeurope.com\/es\/\" \/>\n<meta property=\"og:site_name\" content=\"EDF Europe\" \/>\n<meta property=\"article:modified_time\" content=\"2024-05-14T16:40:41+00:00\" \/>\n<meta name=\"twitter:card\" content=\"summary_large_image\" \/>\n<meta name=\"twitter:label1\" content=\"Tiempo de lectura\" \/>\n\t<meta name=\"twitter:data1\" content=\"3 minutos\" \/>\n<script type=\"application\/ld+json\" class=\"yoast-schema-graph\">{\"@context\":\"https:\\\/\\\/schema.org\",\"@graph\":[{\"@type\":\"WebPage\",\"@id\":\"https:\\\/\\\/www.edfeurope.com\\\/es\\\/\",\"url\":\"https:\\\/\\\/www.edfeurope.com\\\/es\\\/\",\"name\":\"EDF Europe - Corrugated cardboard converting machines\",\"isPartOf\":{\"@id\":\"https:\\\/\\\/www.edfeurope.com\\\/es\\\/#website\"},\"datePublished\":\"2024-03-29T14:51:18+00:00\",\"dateModified\":\"2024-05-14T16:40:41+00:00\",\"description\":\"Edf Europe - Experiencia e innovaci\u00f3n al servicio de la industria del envasado en cart\u00f3n ondulado\",\"breadcrumb\":{\"@id\":\"https:\\\/\\\/www.edfeurope.com\\\/es\\\/#breadcrumb\"},\"inLanguage\":\"es\",\"potentialAction\":[{\"@type\":\"ReadAction\",\"target\":[\"https:\\\/\\\/www.edfeurope.com\\\/es\\\/\"]}]},{\"@type\":\"BreadcrumbList\",\"@id\":\"https:\\\/\\\/www.edfeurope.com\\\/es\\\/#breadcrumb\",\"itemListElement\":[{\"@type\":\"ListItem\",\"position\":1,\"name\":\"Home\",\"item\":\"https:\\\/\\\/www.edfeurope.com\\\/es\\\/\"},{\"@type\":\"ListItem\",\"position\":2,\"name\":\"Homepage\"}]},{\"@type\":\"WebSite\",\"@id\":\"https:\\\/\\\/www.edfeurope.com\\\/es\\\/#website\",\"url\":\"https:\\\/\\\/www.edfeurope.com\\\/es\\\/\",\"name\":\"EDF Europe\",\"description\":\"Corrugated cardboard converting machines\",\"publisher\":{\"@id\":\"https:\\\/\\\/www.edfeurope.com\\\/es\\\/#organization\"},\"potentialAction\":[{\"@type\":\"SearchAction\",\"target\":{\"@type\":\"EntryPoint\",\"urlTemplate\":\"https:\\\/\\\/www.edfeurope.com\\\/es\\\/?s={search_term_string}\"},\"query-input\":{\"@type\":\"PropertyValueSpecification\",\"valueRequired\":true,\"valueName\":\"search_term_string\"}}],\"inLanguage\":\"es\"},{\"@type\":\"Organization\",\"@id\":\"https:\\\/\\\/www.edfeurope.com\\\/es\\\/#organization\",\"name\":\"EDF Europe\",\"url\":\"https:\\\/\\\/www.edfeurope.com\\\/es\\\/\",\"logo\":{\"@type\":\"ImageObject\",\"inLanguage\":\"es\",\"@id\":\"https:\\\/\\\/www.edfeurope.com\\\/es\\\/#\\\/schema\\\/logo\\\/image\\\/\",\"url\":\"https:\\\/\\\/www.edfeurope.com\\\/edf-new\\\/wp-content\\\/uploads\\\/2024\\\/04\\\/edf-logo.svg\",\"contentUrl\":\"https:\\\/\\\/www.edfeurope.com\\\/edf-new\\\/wp-content\\\/uploads\\\/2024\\\/04\\\/edf-logo.svg\",\"width\":\"1024\",\"height\":\"1024\",\"caption\":\"EDF Europe\"},\"image\":{\"@id\":\"https:\\\/\\\/www.edfeurope.com\\\/es\\\/#\\\/schema\\\/logo\\\/image\\\/\"}}]}<\/script>\n<!-- \/ Yoast SEO plugin. -->","yoast_head_json":{"title":"EDF Europe - Corrugated cardboard converting machines","description":"Edf Europe - Experiencia e innovaci\u00f3n al servicio de la industria del envasado en cart\u00f3n ondulado","robots":{"index":"index","follow":"follow","max-snippet":"max-snippet:-1","max-image-preview":"max-image-preview:large","max-video-preview":"max-video-preview:-1"},"canonical":"https:\/\/www.edfeurope.com\/es\/","og_locale":"es_ES","og_type":"article","og_title":"EDF Europe - Corrugated cardboard converting machines","og_description":"Edf Europe - Experiencia e innovaci\u00f3n al servicio de la industria del envasado en cart\u00f3n ondulado","og_url":"https:\/\/www.edfeurope.com\/es\/","og_site_name":"EDF Europe","article_modified_time":"2024-05-14T16:40:41+00:00","twitter_card":"summary_large_image","twitter_misc":{"Tiempo de lectura":"3 minutos"},"schema":{"@context":"https:\/\/schema.org","@graph":[{"@type":"WebPage","@id":"https:\/\/www.edfeurope.com\/es\/","url":"https:\/\/www.edfeurope.com\/es\/","name":"EDF Europe - Corrugated cardboard converting machines","isPartOf":{"@id":"https:\/\/www.edfeurope.com\/es\/#website"},"datePublished":"2024-03-29T14:51:18+00:00","dateModified":"2024-05-14T16:40:41+00:00","description":"Edf Europe - Experiencia e innovaci\u00f3n al servicio de la industria del envasado en cart\u00f3n ondulado","breadcrumb":{"@id":"https:\/\/www.edfeurope.com\/es\/#breadcrumb"},"inLanguage":"es","potentialAction":[{"@type":"ReadAction","target":["https:\/\/www.edfeurope.com\/es\/"]}]},{"@type":"BreadcrumbList","@id":"https:\/\/www.edfeurope.com\/es\/#breadcrumb","itemListElement":[{"@type":"ListItem","position":1,"name":"Home","item":"https:\/\/www.edfeurope.com\/es\/"},{"@type":"ListItem","position":2,"name":"Homepage"}]},{"@type":"WebSite","@id":"https:\/\/www.edfeurope.com\/es\/#website","url":"https:\/\/www.edfeurope.com\/es\/","name":"EDF Europe","description":"Corrugated cardboard converting machines","publisher":{"@id":"https:\/\/www.edfeurope.com\/es\/#organization"},"potentialAction":[{"@type":"SearchAction","target":{"@type":"EntryPoint","urlTemplate":"https:\/\/www.edfeurope.com\/es\/?s={search_term_string}"},"query-input":{"@type":"PropertyValueSpecification","valueRequired":true,"valueName":"search_term_string"}}],"inLanguage":"es"},{"@type":"Organization","@id":"https:\/\/www.edfeurope.com\/es\/#organization","name":"EDF Europe","url":"https:\/\/www.edfeurope.com\/es\/","logo":{"@type":"ImageObject","inLanguage":"es","@id":"https:\/\/www.edfeurope.com\/es\/#\/schema\/logo\/image\/","url":"https:\/\/www.edfeurope.com\/edf-new\/wp-content\/uploads\/2024\/04\/edf-logo.svg","contentUrl":"https:\/\/www.edfeurope.com\/edf-new\/wp-content\/uploads\/2024\/04\/edf-logo.svg","width":"1024","height":"1024","caption":"EDF Europe"},"image":{"@id":"https:\/\/www.edfeurope.com\/es\/#\/schema\/logo\/image\/"}}]}},"_links":{"self":[{"href":"https:\/\/www.edfeurope.com\/es\/wp-json\/wp\/v2\/pages\/1067","targetHints":{"allow":["GET"]}}],"collection":[{"href":"https:\/\/www.edfeurope.com\/es\/wp-json\/wp\/v2\/pages"}],"about":[{"href":"https:\/\/www.edfeurope.com\/es\/wp-json\/wp\/v2\/types\/page"}],"author":[{"embeddable":true,"href":"https:\/\/www.edfeurope.com\/es\/wp-json\/wp\/v2\/users\/1"}],"replies":[{"embeddable":true,"href":"https:\/\/www.edfeurope.com\/es\/wp-json\/wp\/v2\/comments?post=1067"}],"version-history":[{"count":4,"href":"https:\/\/www.edfeurope.com\/es\/wp-json\/wp\/v2\/pages\/1067\/revisions"}],"predecessor-version":[{"id":1308,"href":"https:\/\/www.edfeurope.com\/es\/wp-json\/wp\/v2\/pages\/1067\/revisions\/1308"}],"wp:attachment":[{"href":"https:\/\/www.edfeurope.com\/es\/wp-json\/wp\/v2\/media?parent=1067"}],"curies":[{"name":"wp","href":"https:\/\/api.w.org\/{rel}","templated":true}]}}