{"id":6038,"date":"2025-05-21T18:03:47","date_gmt":"2025-05-21T16:03:47","guid":{"rendered":"https:\/\/www.edfeurope.com\/cookie-policy\/"},"modified":"2025-06-18T14:34:54","modified_gmt":"2025-06-18T12:34:54","slug":"cookie-policy","status":"publish","type":"page","link":"https:\/\/www.edfeurope.com\/es\/cookie-policy\/","title":{"rendered":"cookie policy"},"content":{"rendered":"<style>\n\u00a0 \u00a0 a.cky-banner-element {\n\u00a0 \u00a0 \u00a0 \u00a0 padding: 8px 30px;\n\u00a0 \u00a0 \u00a0 \u00a0 background: #F8F9FA;\n\u00a0 \u00a0 \u00a0 \u00a0 color: #858A8F;\n\u00a0 \u00a0 \u00a0 \u00a0 border: 1px solid #DEE2E6;\n\u00a0 \u00a0 \u00a0 \u00a0 box-sizing: border-box;\n\u00a0 \u00a0 \u00a0 \u00a0 border-radius: 2px;\n\u00a0 \u00a0 \u00a0 \u00a0 cursor: pointer;\n}\n<\/style>\n<div class=\"privacy-container\">\n<div class=\"privacy-detail\">\n<h1>Pol\u00edtica de Cookies de EDF Europe srl<\/h1>\n<p><em>Fecha efectiva: 07 de mayo de 2025<\/em><\/p>\n<p>Utilizamos cookies para ayudar a mejorar su experiencia en nuestro sitio web en <a href=\"https:\/\/www.edfeurope.com\/es\/\">https:\/\/www.edfeurope.com<\/a>. Esta pol\u00edtica de cookies es parte de la pol\u00edtica de privacidad de EDF Europe srl. Cubre el uso de cookies entre su dispositivo y nuestro sitio.<\/p>\n<p>Tambi\u00e9n proporcionamos informaci\u00f3n b\u00e1sica sobre los servicios de terceros que podr\u00edamos utilizar, quienes tambi\u00e9n podr\u00edan sar cookies como parte de su servicio. Esta pol\u00edtica no cubre sus cookies.<\/p>\n<p>Si no desea aceptar cookies de nuestra parte, debe instruir a su navegador para que rechace las cookies de <a href=\"https:\/\/www.edfeurope.com\/es\/\">https:\/\/www.edfeurope.com<\/a>. En tal caso, es posible que no podamos proporcionarle algunos de los contenidos y servicios que desea.<\/p>\n<h2>\u00bfQu\u00e9 es una cookie?<\/h2>\n<p>Una cookie es un peque\u00f1o fragmento de datos que un sitio web almacena en tu dispositivo cuando lo visitas. Generalmente contiene informaci\u00f3n sobre el propio sitio web, un identificador \u00fanico que permite al sitio reconocer tu navegador web cuando regresas, datos adicionales que sirven al prop\u00f3sito de la cookie y la duraci\u00f3n de la cookie.<\/p>\n<p>Las cookies se utilizan para habilitar ciertas funciones (por ejemplo, iniciar sesi\u00f3n), rastrear el uso del sitio (por ejemplo, an\u00e1lisis), almacenar tus configuraciones de usuario (por ejemplo, zona horaria, preferencias de notificaci\u00f3n) y personalizar tu contenido (por ejemplo, publicidad, idioma).<\/p>\n<p>Las cookies establecidas por el sitio web que est\u00e1s visitando generalmente se conocen como cookies de primera parte. Por lo general, solo rastrean tu actividad en ese sitio en particular.<\/p>\n<p>Las cookies establecidas por otros sitios y empresas (es decir, terceros) se llaman cookies de terceros. Pueden usarse para rastrearte en otros sitios web que utilizan el mismo servicio de terceros.<\/p>\n<h2>Tipos de cookies y c\u00f3mo las utilizamos<\/h2>\n<h2>Cookies de funcionalidad<\/h2>\n<p>Las cookies de funcionalidad se utilizan para recopilar informaci\u00f3n sobre tu dispositivo y cualquier configuraci\u00f3n que puedas establecer en el sitio web que est\u00e1s visitando (como configuraciones de idioma y zona horaria). Con esta informaci\u00f3n, los sitios web pueden proporcionarte contenido y servicios personalizados, mejorados u optimizados. Estas cookies pueden ser establecidas por el sitio web que est\u00e1s visitando (cookies de primera parte) o por servicios de terceros.<\/p>\n<p>Utilizamos cookies de funcionalidad para caracter\u00edsticas seleccionadas en nuestro sitio.<\/p>\n<h2>Cookies de segmentaci\u00f3n\/publicidad<\/h2>\n<p>Las cookies de segmentaci\u00f3n\/publicidad ayudan a determinar qu\u00e9 contenido promocional es m\u00e1s relevante y apropiado para ti y tus intereses. Los sitios web pueden utilizarlas para entregar publicidad dirigida o limitar la cantidad de veces que ves un anuncio. Esto ayuda a las empresas a mejorar la efectividad de sus campa\u00f1as y la calidad del contenido que te presentan. Estas cookies pueden ser establecidas por el sitio web que est\u00e1s visitando (cookies de primera parte) o por servicios de terceros. Las cookies de segmentaci\u00f3n\/publicidad establecidas por terceros pueden ser utilizadas para rastrearte en otros sitios web que utilicen el mismo servicio de terceros.<\/p>\n<p>Utilizamos cookies de segmentaci\u00f3n\/publicidad en nuestro sitio.<\/p>\n<h2>\u00bfC\u00f3mo puedes controlar el uso de cookies en nuestro sitio web?<\/h2>\n<p>Tienes el derecho de decidir si aceptas o rechazas las cookies en nuestro sitio web. Puedes gestionar tus preferencias de cookies en nuestro Administrador de Consentimiento de Cookies. El Administrador de Consentimiento de Cookies te permite seleccionar qu\u00e9 categor\u00edas de cookies aceptas o rechazas. Las cookies esenciales no pueden ser rechazadas ya que son estrictamente necesarias para proporcionarte los servicios en nuestro sitio web.<\/p>\n<p>Tambi\u00e9n podr\u00edas ser capaz de establecer o modificar tus preferencias de cookies gestionando la configuraci\u00f3n de tu navegador web. Dado que cada navegador web es diferente, consulta las instrucciones proporcionadas por tu navegador web (t\u00edpicamente en la secci\u00f3n de \u00abayuda\u00bb). Si eliges rechazar o deshabilitar las cookies, a\u00fan podr\u00e1s usar el sitio web, aunque algunas de las funcionalidades del sitio web podr\u00edan no estar disponibles para ti.<\/p>\n<h2>\u00bfCon qu\u00e9 frecuencia actualizaremos esta Pol\u00edtica de Cookies?<\/h2>\n<p>Podemos actualizar esta Pol\u00edtica de Cookies de vez en cuando para reflejar cualquier cambio en las cookies y tecnolog\u00edas relacionadas que utilizamos, o por otras razones operativas, legales o regulatorias.<\/p>\n<p>Cada vez que utilices nuestro sitio web, se aplicar\u00e1 la versi\u00f3n actual de la Pol\u00edtica de Cookies. Cuando utilices nuestro sitio web, debes verificar la fecha de esta Pol\u00edtica de Cookies (que aparece en la parte superior de este documento) y revisar cualquier cambio desde la \u00faltima versi\u00f3n.<\/p>\n<h2>\u00bfD\u00f3nde puedes obtener m\u00e1s informaci\u00f3n?<\/h2>\n<p>Para cualquier pregunta o inquietud con respecto a nuestra Pol\u00edtica de Cookies, puedes contactarnos utilizando los siguientes detalles: <a href=\"mailto:info@edfeurope.com\">info@edfeurope.com<\/a><\/p>\n<h2>Lista de cookies utilizadas:<\/h2>\n<div class=\"cky-audit-table-element\"><\/div>\n<p>\t\t<a class=\"cky-banner-element\">Modificar la configuraci\u00f3n de las cookies<\/a>\n\t<\/div>\n<\/div>\n","protected":false},"excerpt":{"rendered":"<p>Pol\u00edtica de Cookies de EDF Europe srl Fecha efectiva: 07 de mayo de 2025 Utilizamos cookies para ayudar a mejorar su experiencia en nuestro sitio web en https:\/\/www.edfeurope.com. Esta pol\u00edtica de cookies es parte de la pol\u00edtica de privacidad de EDF Europe srl. Cubre el uso de cookies entre su dispositivo y nuestro sitio. Tambi\u00e9n [&hellip;]<\/p>\n","protected":false},"author":1,"featured_media":0,"parent":0,"menu_order":0,"comment_status":"closed","ping_status":"closed","template":"","meta":{"_acf_changed":false,"inline_featured_image":false,"footnotes":""},"class_list":["post-6038","page","type-page","status-publish","hentry"],"acf":[],"yoast_head":"<!-- This site is optimized with the Yoast SEO plugin v27.4 - https:\/\/yoast.com\/product\/yoast-seo-wordpress\/ -->\n<title>cookie policy - EDF Europe<\/title>\n<meta name=\"description\" content=\"Pol\u00edtica de Cookies de EDF Europe srl Fecha efectiva: 07 de mayo de 2025 Utilizamos cookies para ayudar a mejorar su experiencia en nuestro sitio web en\" \/>\n<meta name=\"robots\" content=\"index, follow, max-snippet:-1, max-image-preview:large, max-video-preview:-1\" \/>\n<link rel=\"canonical\" href=\"https:\/\/www.edfeurope.com\/es\/cookie-policy\/\" \/>\n<meta property=\"og:locale\" content=\"es_ES\" \/>\n<meta property=\"og:type\" content=\"article\" \/>\n<meta property=\"og:title\" content=\"cookie policy - EDF Europe\" \/>\n<meta property=\"og:description\" content=\"Pol\u00edtica de Cookies de EDF Europe srl Fecha efectiva: 07 de mayo de 2025 Utilizamos cookies para ayudar a mejorar su experiencia en nuestro sitio web en\" \/>\n<meta property=\"og:url\" content=\"https:\/\/www.edfeurope.com\/es\/cookie-policy\/\" \/>\n<meta property=\"og:site_name\" content=\"EDF Europe\" \/>\n<meta property=\"article:modified_time\" content=\"2025-06-18T12:34:54+00:00\" \/>\n<meta name=\"twitter:card\" content=\"summary_large_image\" \/>\n<meta name=\"twitter:label1\" content=\"Tiempo de lectura\" \/>\n\t<meta name=\"twitter:data1\" content=\"4 minutos\" \/>\n<script type=\"application\/ld+json\" class=\"yoast-schema-graph\">{\"@context\":\"https:\\\/\\\/schema.org\",\"@graph\":[{\"@type\":\"WebPage\",\"@id\":\"https:\\\/\\\/www.edfeurope.com\\\/es\\\/cookie-policy\\\/\",\"url\":\"https:\\\/\\\/www.edfeurope.com\\\/es\\\/cookie-policy\\\/\",\"name\":\"cookie policy - EDF Europe\",\"isPartOf\":{\"@id\":\"https:\\\/\\\/www.edfeurope.com\\\/es\\\/#website\"},\"datePublished\":\"2025-05-21T16:03:47+00:00\",\"dateModified\":\"2025-06-18T12:34:54+00:00\",\"description\":\"Pol\u00edtica de Cookies de EDF Europe srl Fecha efectiva: 07 de mayo de 2025 Utilizamos cookies para ayudar a mejorar su experiencia en nuestro sitio web en\",\"breadcrumb\":{\"@id\":\"https:\\\/\\\/www.edfeurope.com\\\/es\\\/cookie-policy\\\/#breadcrumb\"},\"inLanguage\":\"es\",\"potentialAction\":[{\"@type\":\"ReadAction\",\"target\":[\"https:\\\/\\\/www.edfeurope.com\\\/es\\\/cookie-policy\\\/\"]}]},{\"@type\":\"BreadcrumbList\",\"@id\":\"https:\\\/\\\/www.edfeurope.com\\\/es\\\/cookie-policy\\\/#breadcrumb\",\"itemListElement\":[{\"@type\":\"ListItem\",\"position\":1,\"name\":\"Home\",\"item\":\"https:\\\/\\\/www.edfeurope.com\\\/es\\\/\"},{\"@type\":\"ListItem\",\"position\":2,\"name\":\"cookie policy\"}]},{\"@type\":\"WebSite\",\"@id\":\"https:\\\/\\\/www.edfeurope.com\\\/es\\\/#website\",\"url\":\"https:\\\/\\\/www.edfeurope.com\\\/es\\\/\",\"name\":\"EDF Europe\",\"description\":\"Corrugated cardboard converting machines\",\"publisher\":{\"@id\":\"https:\\\/\\\/www.edfeurope.com\\\/es\\\/#organization\"},\"potentialAction\":[{\"@type\":\"SearchAction\",\"target\":{\"@type\":\"EntryPoint\",\"urlTemplate\":\"https:\\\/\\\/www.edfeurope.com\\\/es\\\/?s={search_term_string}\"},\"query-input\":{\"@type\":\"PropertyValueSpecification\",\"valueRequired\":true,\"valueName\":\"search_term_string\"}}],\"inLanguage\":\"es\"},{\"@type\":\"Organization\",\"@id\":\"https:\\\/\\\/www.edfeurope.com\\\/es\\\/#organization\",\"name\":\"EDF Europe\",\"url\":\"https:\\\/\\\/www.edfeurope.com\\\/es\\\/\",\"logo\":{\"@type\":\"ImageObject\",\"inLanguage\":\"es\",\"@id\":\"https:\\\/\\\/www.edfeurope.com\\\/es\\\/#\\\/schema\\\/logo\\\/image\\\/\",\"url\":\"https:\\\/\\\/www.edfeurope.com\\\/edf-new\\\/wp-content\\\/uploads\\\/2024\\\/04\\\/edf-logo.svg\",\"contentUrl\":\"https:\\\/\\\/www.edfeurope.com\\\/edf-new\\\/wp-content\\\/uploads\\\/2024\\\/04\\\/edf-logo.svg\",\"width\":\"1024\",\"height\":\"1024\",\"caption\":\"EDF Europe\"},\"image\":{\"@id\":\"https:\\\/\\\/www.edfeurope.com\\\/es\\\/#\\\/schema\\\/logo\\\/image\\\/\"}}]}<\/script>\n<!-- \/ Yoast SEO plugin. -->","yoast_head_json":{"title":"cookie policy - EDF Europe","description":"Pol\u00edtica de Cookies de EDF Europe srl Fecha efectiva: 07 de mayo de 2025 Utilizamos cookies para ayudar a mejorar su experiencia en nuestro sitio web en","robots":{"index":"index","follow":"follow","max-snippet":"max-snippet:-1","max-image-preview":"max-image-preview:large","max-video-preview":"max-video-preview:-1"},"canonical":"https:\/\/www.edfeurope.com\/es\/cookie-policy\/","og_locale":"es_ES","og_type":"article","og_title":"cookie policy - EDF Europe","og_description":"Pol\u00edtica de Cookies de EDF Europe srl Fecha efectiva: 07 de mayo de 2025 Utilizamos cookies para ayudar a mejorar su experiencia en nuestro sitio web en","og_url":"https:\/\/www.edfeurope.com\/es\/cookie-policy\/","og_site_name":"EDF Europe","article_modified_time":"2025-06-18T12:34:54+00:00","twitter_card":"summary_large_image","twitter_misc":{"Tiempo de lectura":"4 minutos"},"schema":{"@context":"https:\/\/schema.org","@graph":[{"@type":"WebPage","@id":"https:\/\/www.edfeurope.com\/es\/cookie-policy\/","url":"https:\/\/www.edfeurope.com\/es\/cookie-policy\/","name":"cookie policy - EDF Europe","isPartOf":{"@id":"https:\/\/www.edfeurope.com\/es\/#website"},"datePublished":"2025-05-21T16:03:47+00:00","dateModified":"2025-06-18T12:34:54+00:00","description":"Pol\u00edtica de Cookies de EDF Europe srl Fecha efectiva: 07 de mayo de 2025 Utilizamos cookies para ayudar a mejorar su experiencia en nuestro sitio web en","breadcrumb":{"@id":"https:\/\/www.edfeurope.com\/es\/cookie-policy\/#breadcrumb"},"inLanguage":"es","potentialAction":[{"@type":"ReadAction","target":["https:\/\/www.edfeurope.com\/es\/cookie-policy\/"]}]},{"@type":"BreadcrumbList","@id":"https:\/\/www.edfeurope.com\/es\/cookie-policy\/#breadcrumb","itemListElement":[{"@type":"ListItem","position":1,"name":"Home","item":"https:\/\/www.edfeurope.com\/es\/"},{"@type":"ListItem","position":2,"name":"cookie policy"}]},{"@type":"WebSite","@id":"https:\/\/www.edfeurope.com\/es\/#website","url":"https:\/\/www.edfeurope.com\/es\/","name":"EDF Europe","description":"Corrugated cardboard converting machines","publisher":{"@id":"https:\/\/www.edfeurope.com\/es\/#organization"},"potentialAction":[{"@type":"SearchAction","target":{"@type":"EntryPoint","urlTemplate":"https:\/\/www.edfeurope.com\/es\/?s={search_term_string}"},"query-input":{"@type":"PropertyValueSpecification","valueRequired":true,"valueName":"search_term_string"}}],"inLanguage":"es"},{"@type":"Organization","@id":"https:\/\/www.edfeurope.com\/es\/#organization","name":"EDF Europe","url":"https:\/\/www.edfeurope.com\/es\/","logo":{"@type":"ImageObject","inLanguage":"es","@id":"https:\/\/www.edfeurope.com\/es\/#\/schema\/logo\/image\/","url":"https:\/\/www.edfeurope.com\/edf-new\/wp-content\/uploads\/2024\/04\/edf-logo.svg","contentUrl":"https:\/\/www.edfeurope.com\/edf-new\/wp-content\/uploads\/2024\/04\/edf-logo.svg","width":"1024","height":"1024","caption":"EDF Europe"},"image":{"@id":"https:\/\/www.edfeurope.com\/es\/#\/schema\/logo\/image\/"}}]}},"_links":{"self":[{"href":"https:\/\/www.edfeurope.com\/es\/wp-json\/wp\/v2\/pages\/6038","targetHints":{"allow":["GET"]}}],"collection":[{"href":"https:\/\/www.edfeurope.com\/es\/wp-json\/wp\/v2\/pages"}],"about":[{"href":"https:\/\/www.edfeurope.com\/es\/wp-json\/wp\/v2\/types\/page"}],"author":[{"embeddable":true,"href":"https:\/\/www.edfeurope.com\/es\/wp-json\/wp\/v2\/users\/1"}],"replies":[{"embeddable":true,"href":"https:\/\/www.edfeurope.com\/es\/wp-json\/wp\/v2\/comments?post=6038"}],"version-history":[{"count":1,"href":"https:\/\/www.edfeurope.com\/es\/wp-json\/wp\/v2\/pages\/6038\/revisions"}],"predecessor-version":[{"id":6040,"href":"https:\/\/www.edfeurope.com\/es\/wp-json\/wp\/v2\/pages\/6038\/revisions\/6040"}],"wp:attachment":[{"href":"https:\/\/www.edfeurope.com\/es\/wp-json\/wp\/v2\/media?parent=6038"}],"curies":[{"name":"wp","href":"https:\/\/api.w.org\/{rel}","templated":true}]}}