{"id":863,"date":"2024-04-02T15:06:36","date_gmt":"2024-04-02T13:06:36","guid":{"rendered":"https:\/\/www.edfeurope.com\/chi-siamo\/"},"modified":"2024-04-16T17:05:09","modified_gmt":"2024-04-16T15:05:09","slug":"quienes-somos","status":"publish","type":"page","link":"https:\/\/www.edfeurope.com\/es\/quienes-somos\/","title":{"rendered":"Qui\u00e9nes somos"},"content":{"rendered":"<div id=\"home\">\n<div class=\"section\">\n<div class=\"row row-grid\">\n<div class=\"box box-text box-blue\">\n<div class=\"box--content\">\n<h1>Una amplia variedad de m\u00e1quinas para el converting y una gama de perif\u00e9ricas sumamente completa<\/h1>\n<p>\t\t\t\t\t<span>Ofrecemos a la industria del envasado de cart\u00f3n ondulado una elecci\u00f3n particularmente completa de m\u00e1quinas para el converting y una amplia gama de m\u00e1quinas perif\u00e9ricas. Nuestra oferta es tan extensa, estructurada y evolucionada que cubre todas las exigencias de una l\u00ednea de producci\u00f3n completa, desde el comienzo hasta el final del proceso.  <\/span>\n\t\t\t\t<\/div>\n<\/p><\/div>\n<div class=\"box box-img\">\n\t\t\t\t<img decoding=\"async\" src=\"\/edf-new\/wp-content\/uploads\/2024\/04\/edf-chi_siamo-01.jpg\" alt=\"EDF Europe - Una amplia variedad de m\u00e1quinas para el converting y una gama de perif\u00e9ricas sumamente completa\">\n\t\t\t<\/div>\n<\/p><\/div>\n<\/p><\/div>\n<div class=\"section\">\n<div class=\"row row-grid\">\n<div class=\"box box-img\">\n\t\t\t\t<img decoding=\"async\" src=\"\/edf-new\/wp-content\/uploads\/2024\/04\/edf-chi_siamo-02.jpg\" alt=\"EDF Europe - Le nostre soluzioni per il converting comprendono fustellatori rotativi, casemaker e macchine per la stampa\">\n\t\t\t<\/div>\n<div class=\"box box-text\">\n<div class=\"box--content\">\n\t\t\t\t\t<span>Nuestras soluciones para el converting incluyen troqueladoras rotativas, casemakers y m\u00e1quinas impresoras, todos los sistemas de alta productividad, seguros para los operadores y preparados para su gesti\u00f3n seg\u00fan los criterios m\u00e1s avanzados de control, regulaci\u00f3n y diagn\u00f3stico.<\/p>\n<p>Producimos m\u00e1quinas para carga, apilado y recogida, separaci\u00f3n y paletizaci\u00f3n, creadas para ser perfectamente compatibles tambi\u00e9n con m\u00e1quinas de otras f\u00e1bricas, as\u00ed como integrables en cualquier l\u00ednea de producci\u00f3n seg\u00fan una l\u00f3gica de sistema.<\/p>\n<p>A la calidad, asegurada por el empleo de los mejores materiales y la precisi\u00f3n de los procedimientos de fabricaci\u00f3n, integramos la innovaci\u00f3n, resultado de la capacidad de detectar con anticipaci\u00f3n las transformaciones del sector y elaborar respuestas tecnol\u00f3gicas que est\u00e1n a la altura de las necesidades.<\/p>\n<p><\/span>\n\t\t\t\t<\/div>\n<\/p><\/div>\n<\/p><\/div>\n<\/p><\/div>\n<div class=\"section\">\n<div class=\"row row-grid\">\n<div class=\"box box-text\">\n<div class=\"box--content\">\n\t\t\t\t\t<span>Respondemos a las exigencias del cliente con soluciones que unen a las garant\u00edas de los est\u00e1ndares requeridos por el sector la m\u00e1xima conformidad con las exigencias particulares, sobre todo en t\u00e9rminos de flexibilidad operativa y adaptaci\u00f3n a las caracter\u00edsticas de los espacios de producci\u00f3n. <\/p>\n<p>Nuestro asesoramiento ayuda a quien conf\u00eda en nosotros a definir la mejor soluci\u00f3n de composici\u00f3n de la l\u00ednea de producci\u00f3n para que sea m\u00e1s eficiente y ventajosa en t\u00e9rminos de gesti\u00f3n. <\/p>\n<p>Entre nuestras ventajas est\u00e1 el servicio de posventa, organizado para responder con rapidez a todos los pedidos de asistencia a trav\u00e9s de recursos cualificados y herramientas avanzadas.<\/p>\n<p><\/span>\n\t\t\t\t<\/div>\n<\/p><\/div>\n<div class=\"box box-img\">\n\t\t\t\t<img decoding=\"async\" src=\"\/edf-new\/wp-content\/uploads\/2024\/04\/edf-chi_siamo-03.jpg\" alt=\"EDF Europe - Respondemos a las exigencias del cliente\">\n\t\t\t<\/div>\n<\/p><\/div>\n<\/p><\/div>\n<div class=\"section\">\n<div class=\"row row-grid pad-top\">\n<div class=\"box box-text box-blue\">\n<div class=\"box--content\">\n<h2>El valor de un know-how radicado en la cultura industrial italiana de Castaldini Group<\/h2>\n<p>\t\t\t\t\t<span>Nuestro presente es fruto de una historia que comenz\u00f3 hace m\u00e1s de medio siglo con la fundaci\u00f3n de <b>Castaldini Group<\/b>, empresa prestigiosa, conocida por la especializaci\u00f3n en el dise\u00f1o y realizaci\u00f3n de m\u00e1quinas perif\u00e9ricas, y que continu\u00f3 con la adquisici\u00f3n de esta \u00faltima en 2009 por parte del grupo <b>Dongfang Precision<\/b>, cuya envergadura de liderazgo internacional en el campo de las troqueladoras rotativas y de las m\u00e1quinas impresoras flexogr\u00e1ficas en cart\u00f3n ondulado representa una garant\u00eda adicional para quien conf\u00eda en la empresa italiana.<\/p>\n<p>Nuestro know-how radica en una cultura industrial de matriz italiana, en la que la creatividad aplicada a la tecnolog\u00eda y a la resoluci\u00f3n de problemas combina una atenci\u00f3n al detalle que se manifiesta tambi\u00e9n en las elecciones de car\u00e1cter est\u00e9tico, como demuestra el dise\u00f1o, elegantemente esencial, que \u201cviste\u201d la funcionalidad de nuestras m\u00e1quinas.<br \/>\n            <\/span>\n\t\t\t\t<\/div>\n<\/p><\/div>\n<div class=\"box box-img\">\n\t\t\t\t<img decoding=\"async\" src=\"\/edf-new\/wp-content\/uploads\/2024\/04\/edf-chi_siamo-04.jpg\" alt=\"EDF Europe - El valor de un know-how radicado en la cultura industrial italiana de Castaldini Group\">\n\t\t\t<\/div>\n<\/p><\/div>\n<\/p><\/div>\n<\/div>\n","protected":false},"excerpt":{"rendered":"<p>Una amplia variedad de m\u00e1quinas para el converting y una gama de perif\u00e9ricas sumamente completa Ofrecemos a la industria del envasado de cart\u00f3n ondulado una elecci\u00f3n particularmente completa de m\u00e1quinas para el converting y una amplia gama de m\u00e1quinas perif\u00e9ricas. Nuestra oferta es tan extensa, estructurada y evolucionada que cubre todas las exigencias de una [&hellip;]<\/p>\n","protected":false},"author":1,"featured_media":0,"parent":0,"menu_order":0,"comment_status":"closed","ping_status":"closed","template":"","meta":{"_acf_changed":false,"inline_featured_image":false,"footnotes":""},"class_list":["post-863","page","type-page","status-publish","hentry"],"acf":[],"yoast_head":"<!-- This site is optimized with the Yoast SEO plugin v27.4 - https:\/\/yoast.com\/product\/yoast-seo-wordpress\/ -->\n<title>Qui\u00e9nes somos - EDF Europe<\/title>\n<meta name=\"description\" content=\"Una amplia variedad de m\u00e1quinas para el converting y una gama de perif\u00e9ricas sumamente completa Ofrecemos a la industria del envasado de cart\u00f3n ondulado\" \/>\n<meta name=\"robots\" content=\"index, follow, max-snippet:-1, max-image-preview:large, max-video-preview:-1\" \/>\n<link rel=\"canonical\" href=\"https:\/\/www.edfeurope.com\/es\/quienes-somos\/\" \/>\n<meta property=\"og:locale\" content=\"es_ES\" \/>\n<meta property=\"og:type\" content=\"article\" \/>\n<meta property=\"og:title\" content=\"Qui\u00e9nes somos - EDF Europe\" \/>\n<meta property=\"og:description\" content=\"Una amplia variedad de m\u00e1quinas para el converting y una gama de perif\u00e9ricas sumamente completa Ofrecemos a la industria del envasado de cart\u00f3n ondulado\" \/>\n<meta property=\"og:url\" content=\"https:\/\/www.edfeurope.com\/es\/quienes-somos\/\" \/>\n<meta property=\"og:site_name\" content=\"EDF Europe\" \/>\n<meta property=\"article:modified_time\" content=\"2024-04-16T15:05:09+00:00\" \/>\n<meta name=\"twitter:card\" content=\"summary_large_image\" \/>\n<meta name=\"twitter:label1\" content=\"Tiempo de lectura\" \/>\n\t<meta name=\"twitter:data1\" content=\"4 minutos\" \/>\n<script type=\"application\/ld+json\" class=\"yoast-schema-graph\">{\"@context\":\"https:\\\/\\\/schema.org\",\"@graph\":[{\"@type\":\"WebPage\",\"@id\":\"https:\\\/\\\/www.edfeurope.com\\\/es\\\/quienes-somos\\\/\",\"url\":\"https:\\\/\\\/www.edfeurope.com\\\/es\\\/quienes-somos\\\/\",\"name\":\"Qui\u00e9nes somos - EDF Europe\",\"isPartOf\":{\"@id\":\"https:\\\/\\\/www.edfeurope.com\\\/es\\\/#website\"},\"datePublished\":\"2024-04-02T13:06:36+00:00\",\"dateModified\":\"2024-04-16T15:05:09+00:00\",\"description\":\"Una amplia variedad de m\u00e1quinas para el converting y una gama de perif\u00e9ricas sumamente completa Ofrecemos a la industria del envasado de cart\u00f3n ondulado\",\"breadcrumb\":{\"@id\":\"https:\\\/\\\/www.edfeurope.com\\\/es\\\/quienes-somos\\\/#breadcrumb\"},\"inLanguage\":\"es\",\"potentialAction\":[{\"@type\":\"ReadAction\",\"target\":[\"https:\\\/\\\/www.edfeurope.com\\\/es\\\/quienes-somos\\\/\"]}]},{\"@type\":\"BreadcrumbList\",\"@id\":\"https:\\\/\\\/www.edfeurope.com\\\/es\\\/quienes-somos\\\/#breadcrumb\",\"itemListElement\":[{\"@type\":\"ListItem\",\"position\":1,\"name\":\"Home\",\"item\":\"https:\\\/\\\/www.edfeurope.com\\\/es\\\/\"},{\"@type\":\"ListItem\",\"position\":2,\"name\":\"Qui\u00e9nes somos\"}]},{\"@type\":\"WebSite\",\"@id\":\"https:\\\/\\\/www.edfeurope.com\\\/es\\\/#website\",\"url\":\"https:\\\/\\\/www.edfeurope.com\\\/es\\\/\",\"name\":\"EDF Europe\",\"description\":\"Corrugated cardboard converting machines\",\"publisher\":{\"@id\":\"https:\\\/\\\/www.edfeurope.com\\\/es\\\/#organization\"},\"potentialAction\":[{\"@type\":\"SearchAction\",\"target\":{\"@type\":\"EntryPoint\",\"urlTemplate\":\"https:\\\/\\\/www.edfeurope.com\\\/es\\\/?s={search_term_string}\"},\"query-input\":{\"@type\":\"PropertyValueSpecification\",\"valueRequired\":true,\"valueName\":\"search_term_string\"}}],\"inLanguage\":\"es\"},{\"@type\":\"Organization\",\"@id\":\"https:\\\/\\\/www.edfeurope.com\\\/es\\\/#organization\",\"name\":\"EDF Europe\",\"url\":\"https:\\\/\\\/www.edfeurope.com\\\/es\\\/\",\"logo\":{\"@type\":\"ImageObject\",\"inLanguage\":\"es\",\"@id\":\"https:\\\/\\\/www.edfeurope.com\\\/es\\\/#\\\/schema\\\/logo\\\/image\\\/\",\"url\":\"https:\\\/\\\/www.edfeurope.com\\\/edf-new\\\/wp-content\\\/uploads\\\/2024\\\/04\\\/edf-logo.svg\",\"contentUrl\":\"https:\\\/\\\/www.edfeurope.com\\\/edf-new\\\/wp-content\\\/uploads\\\/2024\\\/04\\\/edf-logo.svg\",\"width\":\"1024\",\"height\":\"1024\",\"caption\":\"EDF Europe\"},\"image\":{\"@id\":\"https:\\\/\\\/www.edfeurope.com\\\/es\\\/#\\\/schema\\\/logo\\\/image\\\/\"}}]}<\/script>\n<!-- \/ Yoast SEO plugin. -->","yoast_head_json":{"title":"Qui\u00e9nes somos - EDF Europe","description":"Una amplia variedad de m\u00e1quinas para el converting y una gama de perif\u00e9ricas sumamente completa Ofrecemos a la industria del envasado de cart\u00f3n ondulado","robots":{"index":"index","follow":"follow","max-snippet":"max-snippet:-1","max-image-preview":"max-image-preview:large","max-video-preview":"max-video-preview:-1"},"canonical":"https:\/\/www.edfeurope.com\/es\/quienes-somos\/","og_locale":"es_ES","og_type":"article","og_title":"Qui\u00e9nes somos - EDF Europe","og_description":"Una amplia variedad de m\u00e1quinas para el converting y una gama de perif\u00e9ricas sumamente completa Ofrecemos a la industria del envasado de cart\u00f3n ondulado","og_url":"https:\/\/www.edfeurope.com\/es\/quienes-somos\/","og_site_name":"EDF Europe","article_modified_time":"2024-04-16T15:05:09+00:00","twitter_card":"summary_large_image","twitter_misc":{"Tiempo de lectura":"4 minutos"},"schema":{"@context":"https:\/\/schema.org","@graph":[{"@type":"WebPage","@id":"https:\/\/www.edfeurope.com\/es\/quienes-somos\/","url":"https:\/\/www.edfeurope.com\/es\/quienes-somos\/","name":"Qui\u00e9nes somos - EDF Europe","isPartOf":{"@id":"https:\/\/www.edfeurope.com\/es\/#website"},"datePublished":"2024-04-02T13:06:36+00:00","dateModified":"2024-04-16T15:05:09+00:00","description":"Una amplia variedad de m\u00e1quinas para el converting y una gama de perif\u00e9ricas sumamente completa Ofrecemos a la industria del envasado de cart\u00f3n ondulado","breadcrumb":{"@id":"https:\/\/www.edfeurope.com\/es\/quienes-somos\/#breadcrumb"},"inLanguage":"es","potentialAction":[{"@type":"ReadAction","target":["https:\/\/www.edfeurope.com\/es\/quienes-somos\/"]}]},{"@type":"BreadcrumbList","@id":"https:\/\/www.edfeurope.com\/es\/quienes-somos\/#breadcrumb","itemListElement":[{"@type":"ListItem","position":1,"name":"Home","item":"https:\/\/www.edfeurope.com\/es\/"},{"@type":"ListItem","position":2,"name":"Qui\u00e9nes somos"}]},{"@type":"WebSite","@id":"https:\/\/www.edfeurope.com\/es\/#website","url":"https:\/\/www.edfeurope.com\/es\/","name":"EDF Europe","description":"Corrugated cardboard converting machines","publisher":{"@id":"https:\/\/www.edfeurope.com\/es\/#organization"},"potentialAction":[{"@type":"SearchAction","target":{"@type":"EntryPoint","urlTemplate":"https:\/\/www.edfeurope.com\/es\/?s={search_term_string}"},"query-input":{"@type":"PropertyValueSpecification","valueRequired":true,"valueName":"search_term_string"}}],"inLanguage":"es"},{"@type":"Organization","@id":"https:\/\/www.edfeurope.com\/es\/#organization","name":"EDF Europe","url":"https:\/\/www.edfeurope.com\/es\/","logo":{"@type":"ImageObject","inLanguage":"es","@id":"https:\/\/www.edfeurope.com\/es\/#\/schema\/logo\/image\/","url":"https:\/\/www.edfeurope.com\/edf-new\/wp-content\/uploads\/2024\/04\/edf-logo.svg","contentUrl":"https:\/\/www.edfeurope.com\/edf-new\/wp-content\/uploads\/2024\/04\/edf-logo.svg","width":"1024","height":"1024","caption":"EDF Europe"},"image":{"@id":"https:\/\/www.edfeurope.com\/es\/#\/schema\/logo\/image\/"}}]}},"_links":{"self":[{"href":"https:\/\/www.edfeurope.com\/es\/wp-json\/wp\/v2\/pages\/863","targetHints":{"allow":["GET"]}}],"collection":[{"href":"https:\/\/www.edfeurope.com\/es\/wp-json\/wp\/v2\/pages"}],"about":[{"href":"https:\/\/www.edfeurope.com\/es\/wp-json\/wp\/v2\/types\/page"}],"author":[{"embeddable":true,"href":"https:\/\/www.edfeurope.com\/es\/wp-json\/wp\/v2\/users\/1"}],"replies":[{"embeddable":true,"href":"https:\/\/www.edfeurope.com\/es\/wp-json\/wp\/v2\/comments?post=863"}],"version-history":[{"count":3,"href":"https:\/\/www.edfeurope.com\/es\/wp-json\/wp\/v2\/pages\/863\/revisions"}],"predecessor-version":[{"id":872,"href":"https:\/\/www.edfeurope.com\/es\/wp-json\/wp\/v2\/pages\/863\/revisions\/872"}],"wp:attachment":[{"href":"https:\/\/www.edfeurope.com\/es\/wp-json\/wp\/v2\/media?parent=863"}],"curies":[{"name":"wp","href":"https:\/\/api.w.org\/{rel}","templated":true}]}}