{"id":880,"date":"2024-04-02T15:06:51","date_gmt":"2024-04-02T13:06:51","guid":{"rendered":"https:\/\/www.edfeurope.com\/servizio\/"},"modified":"2024-04-16T17:19:29","modified_gmt":"2024-04-16T15:19:29","slug":"servicio","status":"publish","type":"page","link":"https:\/\/www.edfeurope.com\/es\/servicio\/","title":{"rendered":"Servicio"},"content":{"rendered":"<div id=\"home\">\n<div class=\"section\">\n<div class=\"row row-grid\">\n<div class=\"box box-text box-grey\">\n<div class=\"box--content\">\n<h1>La ventaja del asesoramiento y la asistencia<\/h1>\n<p>\t\t\t\t\t<span>Nuestro servicio es mucho m\u00e1s que distintivo. Se trata de una actividad integral, que nos convierte en una empresa pr\u00e1cticamente \u00fanica en el sector. La ventaja de un asesoramiento valioso sobre la composici\u00f3n de las l\u00edneas de producci\u00f3n que, a partir de un an\u00e1lisis exhaustivo de las exigencias del cliente y de la conformaci\u00f3n de sus espacios productivos, define la mejor disposici\u00f3n en t\u00e9rminos de eficiencia, ergonom\u00eda y economicidad de gesti\u00f3n, en beneficio de flujos de trabajo m\u00e1s eficaces.  <\/span>\n\t\t\t\t<\/div>\n<\/p><\/div>\n<div class=\"box box-img\">\n\t\t\t\t<img decoding=\"async\" src=\"\/edf-new\/wp-content\/uploads\/2024\/04\/edf-servizio-01.jpg\" alt=\"EDF Europe - La ventaja del asesoramiento y la asistencia\">\n\t\t\t<\/div>\n<\/p><\/div>\n<\/p><\/div>\n<div class=\"section\">\n<div class=\"row row-grid\">\n<div class=\"box box-img\">\n\t\t\t\t<img decoding=\"async\" src=\"\/edf-new\/wp-content\/uploads\/2024\/04\/edf-servizio-02.jpg\" alt=\"EDF Europe - mantenimiento y asistencia\">\n\t\t\t<\/div>\n<div class=\"box box-text\">\n<div class=\"box--content\">\n\t\t\t\t\t<span>Acompa\u00f1amos al cliente en todo momento incluso despu\u00e9s de la venta. Ofrecemos mantenimiento y asistencia caracterizados por la rapidez y la exhaustividad, a cargo de personal altamente cualificado, que trabaja con tecnolog\u00eda de \u00faltima generaci\u00f3n. A todo esto se a\u00f1adir\u00e1 muy pronto el mantenimiento predictivo, basado en la capacidad de anticipar las posibles situaciones cr\u00edticas e inactividad de la m\u00e1quina gracias al an\u00e1lisis en tiempo real de los par\u00e1metros de funcionamiento.<\/span><\/p>\n<div class=\"box-actions\">\n\t\t\t\t\t\t<b>Para m\u00e1s informaci\u00f3n, p\u00f3ngase en contacto con nosotros<\/b><br \/>\n\t\t\t\t\t\t<a href=\"#\" class=\"btn blue focusContactForm\">Cont\u00e1ctenos<svg xmlns=\"http:\/\/www.w3.org\/2000\/svg\" data-name=\"Raggruppa 7\" viewBox=\"0 0 6.846 11.652\"><defs><clipPath id=\"a\"><path fill=\"#797f89\" d=\"M0 0h6.846v11.652H0z\" data-name=\"Rettangolo 44\"\/><\/clipPath><\/defs><g clip-path=\"url(#a)\" data-name=\"Raggruppa 6\"><path fill=\"#797f89\" d=\"M6.66 5.371 1.474.186a.639.639 0 0 0-.9 0L.191.568a.638.638 0 0 0 0 .9l4.354 4.356-4.359 4.359a.639.639 0 0 0 0 .9l.382.382a.639.639 0 0 0 .9 0l5.19-5.19a.643.643 0 0 0 0-.9\" data-name=\"Tracciato 45\"\/><\/g><\/svg><\/a>\n\t\t\t\t\t<\/div>\n<\/p><\/div>\n<\/p><\/div>\n<\/p><\/div>\n<\/p><\/div>\n<\/div>\n","protected":false},"excerpt":{"rendered":"<p>La ventaja del asesoramiento y la asistencia Nuestro servicio es mucho m\u00e1s que distintivo. Se trata de una actividad integral, que nos convierte en una empresa pr\u00e1cticamente \u00fanica en el sector. La ventaja de un asesoramiento valioso sobre la composici\u00f3n de las l\u00edneas de producci\u00f3n que, a partir de un an\u00e1lisis exhaustivo de las exigencias [&hellip;]<\/p>\n","protected":false},"author":1,"featured_media":0,"parent":0,"menu_order":0,"comment_status":"closed","ping_status":"closed","template":"","meta":{"_acf_changed":false,"inline_featured_image":false,"footnotes":""},"class_list":["post-880","page","type-page","status-publish","hentry"],"acf":[],"yoast_head":"<!-- This site is optimized with the Yoast SEO plugin v27.5 - https:\/\/yoast.com\/product\/yoast-seo-wordpress\/ -->\n<title>Servicio - EDF Europe<\/title>\n<meta name=\"description\" content=\"La ventaja del asesoramiento y la asistencia Nuestro servicio es mucho m\u00e1s que distintivo. Se trata de una actividad integral, que nos convierte en una\" \/>\n<meta name=\"robots\" content=\"index, follow, max-snippet:-1, max-image-preview:large, max-video-preview:-1\" \/>\n<link rel=\"canonical\" href=\"https:\/\/www.edfeurope.com\/es\/servicio\/\" \/>\n<meta property=\"og:locale\" content=\"es_ES\" \/>\n<meta property=\"og:type\" content=\"article\" \/>\n<meta property=\"og:title\" content=\"Servicio - EDF Europe\" \/>\n<meta property=\"og:description\" content=\"La ventaja del asesoramiento y la asistencia Nuestro servicio es mucho m\u00e1s que distintivo. Se trata de una actividad integral, que nos convierte en una\" \/>\n<meta property=\"og:url\" content=\"https:\/\/www.edfeurope.com\/es\/servicio\/\" \/>\n<meta property=\"og:site_name\" content=\"EDF Europe\" \/>\n<meta property=\"article:modified_time\" content=\"2024-04-16T15:19:29+00:00\" \/>\n<meta name=\"twitter:card\" content=\"summary_large_image\" \/>\n<meta name=\"twitter:label1\" content=\"Tiempo de lectura\" \/>\n\t<meta name=\"twitter:data1\" content=\"2 minutos\" \/>\n<script type=\"application\/ld+json\" class=\"yoast-schema-graph\">{\"@context\":\"https:\\\/\\\/schema.org\",\"@graph\":[{\"@type\":\"WebPage\",\"@id\":\"https:\\\/\\\/www.edfeurope.com\\\/es\\\/servicio\\\/\",\"url\":\"https:\\\/\\\/www.edfeurope.com\\\/es\\\/servicio\\\/\",\"name\":\"Servicio - EDF Europe\",\"isPartOf\":{\"@id\":\"https:\\\/\\\/www.edfeurope.com\\\/es\\\/#website\"},\"datePublished\":\"2024-04-02T13:06:51+00:00\",\"dateModified\":\"2024-04-16T15:19:29+00:00\",\"description\":\"La ventaja del asesoramiento y la asistencia Nuestro servicio es mucho m\u00e1s que distintivo. Se trata de una actividad integral, que nos convierte en una\",\"breadcrumb\":{\"@id\":\"https:\\\/\\\/www.edfeurope.com\\\/es\\\/servicio\\\/#breadcrumb\"},\"inLanguage\":\"es\",\"potentialAction\":[{\"@type\":\"ReadAction\",\"target\":[\"https:\\\/\\\/www.edfeurope.com\\\/es\\\/servicio\\\/\"]}]},{\"@type\":\"BreadcrumbList\",\"@id\":\"https:\\\/\\\/www.edfeurope.com\\\/es\\\/servicio\\\/#breadcrumb\",\"itemListElement\":[{\"@type\":\"ListItem\",\"position\":1,\"name\":\"Home\",\"item\":\"https:\\\/\\\/www.edfeurope.com\\\/es\\\/\"},{\"@type\":\"ListItem\",\"position\":2,\"name\":\"Servicio\"}]},{\"@type\":\"WebSite\",\"@id\":\"https:\\\/\\\/www.edfeurope.com\\\/es\\\/#website\",\"url\":\"https:\\\/\\\/www.edfeurope.com\\\/es\\\/\",\"name\":\"EDF Europe\",\"description\":\"Corrugated cardboard converting machines\",\"publisher\":{\"@id\":\"https:\\\/\\\/www.edfeurope.com\\\/es\\\/#organization\"},\"potentialAction\":[{\"@type\":\"SearchAction\",\"target\":{\"@type\":\"EntryPoint\",\"urlTemplate\":\"https:\\\/\\\/www.edfeurope.com\\\/es\\\/?s={search_term_string}\"},\"query-input\":{\"@type\":\"PropertyValueSpecification\",\"valueRequired\":true,\"valueName\":\"search_term_string\"}}],\"inLanguage\":\"es\"},{\"@type\":\"Organization\",\"@id\":\"https:\\\/\\\/www.edfeurope.com\\\/es\\\/#organization\",\"name\":\"EDF Europe\",\"url\":\"https:\\\/\\\/www.edfeurope.com\\\/es\\\/\",\"logo\":{\"@type\":\"ImageObject\",\"inLanguage\":\"es\",\"@id\":\"https:\\\/\\\/www.edfeurope.com\\\/es\\\/#\\\/schema\\\/logo\\\/image\\\/\",\"url\":\"https:\\\/\\\/www.edfeurope.com\\\/edf-new\\\/wp-content\\\/uploads\\\/2024\\\/04\\\/edf-logo.svg\",\"contentUrl\":\"https:\\\/\\\/www.edfeurope.com\\\/edf-new\\\/wp-content\\\/uploads\\\/2024\\\/04\\\/edf-logo.svg\",\"width\":\"1024\",\"height\":\"1024\",\"caption\":\"EDF Europe\"},\"image\":{\"@id\":\"https:\\\/\\\/www.edfeurope.com\\\/es\\\/#\\\/schema\\\/logo\\\/image\\\/\"}}]}<\/script>\n<!-- \/ Yoast SEO plugin. -->","yoast_head_json":{"title":"Servicio - EDF Europe","description":"La ventaja del asesoramiento y la asistencia Nuestro servicio es mucho m\u00e1s que distintivo. Se trata de una actividad integral, que nos convierte en una","robots":{"index":"index","follow":"follow","max-snippet":"max-snippet:-1","max-image-preview":"max-image-preview:large","max-video-preview":"max-video-preview:-1"},"canonical":"https:\/\/www.edfeurope.com\/es\/servicio\/","og_locale":"es_ES","og_type":"article","og_title":"Servicio - EDF Europe","og_description":"La ventaja del asesoramiento y la asistencia Nuestro servicio es mucho m\u00e1s que distintivo. Se trata de una actividad integral, que nos convierte en una","og_url":"https:\/\/www.edfeurope.com\/es\/servicio\/","og_site_name":"EDF Europe","article_modified_time":"2024-04-16T15:19:29+00:00","twitter_card":"summary_large_image","twitter_misc":{"Tiempo de lectura":"2 minutos"},"schema":{"@context":"https:\/\/schema.org","@graph":[{"@type":"WebPage","@id":"https:\/\/www.edfeurope.com\/es\/servicio\/","url":"https:\/\/www.edfeurope.com\/es\/servicio\/","name":"Servicio - EDF Europe","isPartOf":{"@id":"https:\/\/www.edfeurope.com\/es\/#website"},"datePublished":"2024-04-02T13:06:51+00:00","dateModified":"2024-04-16T15:19:29+00:00","description":"La ventaja del asesoramiento y la asistencia Nuestro servicio es mucho m\u00e1s que distintivo. Se trata de una actividad integral, que nos convierte en una","breadcrumb":{"@id":"https:\/\/www.edfeurope.com\/es\/servicio\/#breadcrumb"},"inLanguage":"es","potentialAction":[{"@type":"ReadAction","target":["https:\/\/www.edfeurope.com\/es\/servicio\/"]}]},{"@type":"BreadcrumbList","@id":"https:\/\/www.edfeurope.com\/es\/servicio\/#breadcrumb","itemListElement":[{"@type":"ListItem","position":1,"name":"Home","item":"https:\/\/www.edfeurope.com\/es\/"},{"@type":"ListItem","position":2,"name":"Servicio"}]},{"@type":"WebSite","@id":"https:\/\/www.edfeurope.com\/es\/#website","url":"https:\/\/www.edfeurope.com\/es\/","name":"EDF Europe","description":"Corrugated cardboard converting machines","publisher":{"@id":"https:\/\/www.edfeurope.com\/es\/#organization"},"potentialAction":[{"@type":"SearchAction","target":{"@type":"EntryPoint","urlTemplate":"https:\/\/www.edfeurope.com\/es\/?s={search_term_string}"},"query-input":{"@type":"PropertyValueSpecification","valueRequired":true,"valueName":"search_term_string"}}],"inLanguage":"es"},{"@type":"Organization","@id":"https:\/\/www.edfeurope.com\/es\/#organization","name":"EDF Europe","url":"https:\/\/www.edfeurope.com\/es\/","logo":{"@type":"ImageObject","inLanguage":"es","@id":"https:\/\/www.edfeurope.com\/es\/#\/schema\/logo\/image\/","url":"https:\/\/www.edfeurope.com\/edf-new\/wp-content\/uploads\/2024\/04\/edf-logo.svg","contentUrl":"https:\/\/www.edfeurope.com\/edf-new\/wp-content\/uploads\/2024\/04\/edf-logo.svg","width":"1024","height":"1024","caption":"EDF Europe"},"image":{"@id":"https:\/\/www.edfeurope.com\/es\/#\/schema\/logo\/image\/"}}]}},"_links":{"self":[{"href":"https:\/\/www.edfeurope.com\/es\/wp-json\/wp\/v2\/pages\/880","targetHints":{"allow":["GET"]}}],"collection":[{"href":"https:\/\/www.edfeurope.com\/es\/wp-json\/wp\/v2\/pages"}],"about":[{"href":"https:\/\/www.edfeurope.com\/es\/wp-json\/wp\/v2\/types\/page"}],"author":[{"embeddable":true,"href":"https:\/\/www.edfeurope.com\/es\/wp-json\/wp\/v2\/users\/1"}],"replies":[{"embeddable":true,"href":"https:\/\/www.edfeurope.com\/es\/wp-json\/wp\/v2\/comments?post=880"}],"version-history":[{"count":2,"href":"https:\/\/www.edfeurope.com\/es\/wp-json\/wp\/v2\/pages\/880\/revisions"}],"predecessor-version":[{"id":887,"href":"https:\/\/www.edfeurope.com\/es\/wp-json\/wp\/v2\/pages\/880\/revisions\/887"}],"wp:attachment":[{"href":"https:\/\/www.edfeurope.com\/es\/wp-json\/wp\/v2\/media?parent=880"}],"curies":[{"name":"wp","href":"https:\/\/api.w.org\/{rel}","templated":true}]}}