{"id":912,"date":"2024-04-02T15:07:07","date_gmt":"2024-04-02T13:07:07","guid":{"rendered":"https:\/\/www.edfeurope.com\/sostenibilita\/"},"modified":"2024-04-16T17:42:04","modified_gmt":"2024-04-16T15:42:04","slug":"sostenibilidad","status":"publish","type":"page","link":"https:\/\/www.edfeurope.com\/es\/sostenibilidad\/","title":{"rendered":"Sostenibilidad"},"content":{"rendered":"<div id=\"sustainability\">\n<div class=\"section\">\n<div class=\"row row-grid min-h\">\n<div class=\"box box-text box-green\">\n<div class=\"box--content\">\n<h1>Un compromiso concreto para un ma\u00f1ana mejor<\/h1>\n<p>\t\t\t\t\t<span>Actuar seg\u00fan un modelo de desarrollo sostenible es uno de los puntos fundamentales de nuestra filosof\u00eda. Lo hacemos respetando el medioambiente donde est\u00e1n situados nuestros establecimientos, gestionando responsable y racionalmente los recursos y las fuentes de energ\u00eda, involucrando y sensibilizando a todos los sujetos que participan en los procesos.<\/span>\n\t\t\t\t<\/div>\n<\/p><\/div>\n<div class=\"box box-img\">\n\t\t\t\t<img decoding=\"async\" src=\"\/edf-new\/wp-content\/uploads\/2024\/04\/edf-sost-01.jpg\" alt=\"EDF Europe - Un compromiso concreto para un ma\u00f1ana mejor\">\n\t\t\t<\/div>\n<\/p><\/div>\n<\/p><\/div>\n<div class=\"section\">\n<div class=\"row row-grid min-h\">\n<div class=\"box box-img\">\n\t\t\t\t<img decoding=\"async\" src=\"\/edf-new\/wp-content\/uploads\/2024\/04\/edf-sost-02.jpg\" alt=\"EDF Europe - Nuestras m\u00e1quinas han sido dise\u00f1adas y realizadas para garantizar la m\u00e1xima eficiencia con el menor consumo posible de energ\u00eda\">\n\t\t\t<\/div>\n<div class=\"box box-text\">\n<div class=\"box--content\">\n\t\t\t\t\t<span>Nuestras m\u00e1quinas han sido dise\u00f1adas y realizadas para garantizar la m\u00e1xima eficiencia con el menor consumo posible de energ\u00eda. Para nosotros, innovaci\u00f3n significa estudiar soluciones evolucionadas desde todo punto de vista y por ello tambi\u00e9n acordes a la necesidad, por parte de la industria del envasado, de aplicar un modelo productivo cada vez m\u00e1s ecol\u00f3gico. <\/span>\n\t\t\t\t<\/div>\n<\/p><\/div>\n<\/p><\/div>\n<\/p><\/div>\n<div class=\"section\">\n<div class=\"row row-grid min-h\">\n<div class=\"box box-text\">\n<div class=\"box--content\">\n\t\t\t\t\t<span>Colaborar con empresas con las cuales compartimos la misma visi\u00f3n sobre los temas de la sostenibilidad representa, para nosotros, un est\u00edmulo adicional para comprometernos concretamente en un ma\u00f1ana mejor. <\/span>\n\t\t\t\t<\/div>\n<\/p><\/div>\n<div class=\"box box-img\">\n\t\t\t\t<img decoding=\"async\" src=\"\/edf-new\/wp-content\/uploads\/2024\/04\/edf-sost-03.jpg\" alt=\"EDF Europe - Colaborar con empresas con las cuales compartimos la misma visi\u00f3n\">\n\t\t\t<\/div>\n<\/p><\/div>\n<\/p><\/div>\n<\/div>\n","protected":false},"excerpt":{"rendered":"<p>Un compromiso concreto para un ma\u00f1ana mejor Actuar seg\u00fan un modelo de desarrollo sostenible es uno de los puntos fundamentales de nuestra filosof\u00eda. Lo hacemos respetando el medioambiente donde est\u00e1n situados nuestros establecimientos, gestionando responsable y racionalmente los recursos y las fuentes de energ\u00eda, involucrando y sensibilizando a todos los sujetos que participan en los [&hellip;]<\/p>\n","protected":false},"author":1,"featured_media":0,"parent":0,"menu_order":0,"comment_status":"closed","ping_status":"closed","template":"","meta":{"_acf_changed":false,"inline_featured_image":false,"footnotes":""},"class_list":["post-912","page","type-page","status-publish","hentry"],"acf":[],"yoast_head":"<!-- This site is optimized with the Yoast SEO plugin v27.5 - https:\/\/yoast.com\/product\/yoast-seo-wordpress\/ -->\n<title>Sostenibilidad - EDF Europe<\/title>\n<meta name=\"description\" content=\"Un compromiso concreto para un ma\u00f1ana mejor Actuar seg\u00fan un modelo de desarrollo sostenible es uno de los puntos fundamentales de nuestra filosof\u00eda. Lo\" \/>\n<meta name=\"robots\" content=\"index, follow, max-snippet:-1, max-image-preview:large, max-video-preview:-1\" \/>\n<link rel=\"canonical\" href=\"https:\/\/www.edfeurope.com\/es\/sostenibilidad\/\" \/>\n<meta property=\"og:locale\" content=\"es_ES\" \/>\n<meta property=\"og:type\" content=\"article\" \/>\n<meta property=\"og:title\" content=\"Sostenibilidad - EDF Europe\" \/>\n<meta property=\"og:description\" content=\"Un compromiso concreto para un ma\u00f1ana mejor Actuar seg\u00fan un modelo de desarrollo sostenible es uno de los puntos fundamentales de nuestra filosof\u00eda. Lo\" \/>\n<meta property=\"og:url\" content=\"https:\/\/www.edfeurope.com\/es\/sostenibilidad\/\" \/>\n<meta property=\"og:site_name\" content=\"EDF Europe\" \/>\n<meta property=\"article:modified_time\" content=\"2024-04-16T15:42:04+00:00\" \/>\n<meta name=\"twitter:card\" content=\"summary_large_image\" \/>\n<meta name=\"twitter:label1\" content=\"Tiempo de lectura\" \/>\n\t<meta name=\"twitter:data1\" content=\"2 minutos\" \/>\n<script type=\"application\/ld+json\" class=\"yoast-schema-graph\">{\"@context\":\"https:\\\/\\\/schema.org\",\"@graph\":[{\"@type\":\"WebPage\",\"@id\":\"https:\\\/\\\/www.edfeurope.com\\\/es\\\/sostenibilidad\\\/\",\"url\":\"https:\\\/\\\/www.edfeurope.com\\\/es\\\/sostenibilidad\\\/\",\"name\":\"Sostenibilidad - EDF Europe\",\"isPartOf\":{\"@id\":\"https:\\\/\\\/www.edfeurope.com\\\/es\\\/#website\"},\"datePublished\":\"2024-04-02T13:07:07+00:00\",\"dateModified\":\"2024-04-16T15:42:04+00:00\",\"description\":\"Un compromiso concreto para un ma\u00f1ana mejor Actuar seg\u00fan un modelo de desarrollo sostenible es uno de los puntos fundamentales de nuestra filosof\u00eda. Lo\",\"breadcrumb\":{\"@id\":\"https:\\\/\\\/www.edfeurope.com\\\/es\\\/sostenibilidad\\\/#breadcrumb\"},\"inLanguage\":\"es\",\"potentialAction\":[{\"@type\":\"ReadAction\",\"target\":[\"https:\\\/\\\/www.edfeurope.com\\\/es\\\/sostenibilidad\\\/\"]}]},{\"@type\":\"BreadcrumbList\",\"@id\":\"https:\\\/\\\/www.edfeurope.com\\\/es\\\/sostenibilidad\\\/#breadcrumb\",\"itemListElement\":[{\"@type\":\"ListItem\",\"position\":1,\"name\":\"Home\",\"item\":\"https:\\\/\\\/www.edfeurope.com\\\/es\\\/\"},{\"@type\":\"ListItem\",\"position\":2,\"name\":\"Sostenibilidad\"}]},{\"@type\":\"WebSite\",\"@id\":\"https:\\\/\\\/www.edfeurope.com\\\/es\\\/#website\",\"url\":\"https:\\\/\\\/www.edfeurope.com\\\/es\\\/\",\"name\":\"EDF Europe\",\"description\":\"Corrugated cardboard converting machines\",\"publisher\":{\"@id\":\"https:\\\/\\\/www.edfeurope.com\\\/es\\\/#organization\"},\"potentialAction\":[{\"@type\":\"SearchAction\",\"target\":{\"@type\":\"EntryPoint\",\"urlTemplate\":\"https:\\\/\\\/www.edfeurope.com\\\/es\\\/?s={search_term_string}\"},\"query-input\":{\"@type\":\"PropertyValueSpecification\",\"valueRequired\":true,\"valueName\":\"search_term_string\"}}],\"inLanguage\":\"es\"},{\"@type\":\"Organization\",\"@id\":\"https:\\\/\\\/www.edfeurope.com\\\/es\\\/#organization\",\"name\":\"EDF Europe\",\"url\":\"https:\\\/\\\/www.edfeurope.com\\\/es\\\/\",\"logo\":{\"@type\":\"ImageObject\",\"inLanguage\":\"es\",\"@id\":\"https:\\\/\\\/www.edfeurope.com\\\/es\\\/#\\\/schema\\\/logo\\\/image\\\/\",\"url\":\"https:\\\/\\\/www.edfeurope.com\\\/edf-new\\\/wp-content\\\/uploads\\\/2024\\\/04\\\/edf-logo.svg\",\"contentUrl\":\"https:\\\/\\\/www.edfeurope.com\\\/edf-new\\\/wp-content\\\/uploads\\\/2024\\\/04\\\/edf-logo.svg\",\"width\":\"1024\",\"height\":\"1024\",\"caption\":\"EDF Europe\"},\"image\":{\"@id\":\"https:\\\/\\\/www.edfeurope.com\\\/es\\\/#\\\/schema\\\/logo\\\/image\\\/\"}}]}<\/script>\n<!-- \/ Yoast SEO plugin. -->","yoast_head_json":{"title":"Sostenibilidad - EDF Europe","description":"Un compromiso concreto para un ma\u00f1ana mejor Actuar seg\u00fan un modelo de desarrollo sostenible es uno de los puntos fundamentales de nuestra filosof\u00eda. Lo","robots":{"index":"index","follow":"follow","max-snippet":"max-snippet:-1","max-image-preview":"max-image-preview:large","max-video-preview":"max-video-preview:-1"},"canonical":"https:\/\/www.edfeurope.com\/es\/sostenibilidad\/","og_locale":"es_ES","og_type":"article","og_title":"Sostenibilidad - EDF Europe","og_description":"Un compromiso concreto para un ma\u00f1ana mejor Actuar seg\u00fan un modelo de desarrollo sostenible es uno de los puntos fundamentales de nuestra filosof\u00eda. Lo","og_url":"https:\/\/www.edfeurope.com\/es\/sostenibilidad\/","og_site_name":"EDF Europe","article_modified_time":"2024-04-16T15:42:04+00:00","twitter_card":"summary_large_image","twitter_misc":{"Tiempo de lectura":"2 minutos"},"schema":{"@context":"https:\/\/schema.org","@graph":[{"@type":"WebPage","@id":"https:\/\/www.edfeurope.com\/es\/sostenibilidad\/","url":"https:\/\/www.edfeurope.com\/es\/sostenibilidad\/","name":"Sostenibilidad - EDF Europe","isPartOf":{"@id":"https:\/\/www.edfeurope.com\/es\/#website"},"datePublished":"2024-04-02T13:07:07+00:00","dateModified":"2024-04-16T15:42:04+00:00","description":"Un compromiso concreto para un ma\u00f1ana mejor Actuar seg\u00fan un modelo de desarrollo sostenible es uno de los puntos fundamentales de nuestra filosof\u00eda. Lo","breadcrumb":{"@id":"https:\/\/www.edfeurope.com\/es\/sostenibilidad\/#breadcrumb"},"inLanguage":"es","potentialAction":[{"@type":"ReadAction","target":["https:\/\/www.edfeurope.com\/es\/sostenibilidad\/"]}]},{"@type":"BreadcrumbList","@id":"https:\/\/www.edfeurope.com\/es\/sostenibilidad\/#breadcrumb","itemListElement":[{"@type":"ListItem","position":1,"name":"Home","item":"https:\/\/www.edfeurope.com\/es\/"},{"@type":"ListItem","position":2,"name":"Sostenibilidad"}]},{"@type":"WebSite","@id":"https:\/\/www.edfeurope.com\/es\/#website","url":"https:\/\/www.edfeurope.com\/es\/","name":"EDF Europe","description":"Corrugated cardboard converting machines","publisher":{"@id":"https:\/\/www.edfeurope.com\/es\/#organization"},"potentialAction":[{"@type":"SearchAction","target":{"@type":"EntryPoint","urlTemplate":"https:\/\/www.edfeurope.com\/es\/?s={search_term_string}"},"query-input":{"@type":"PropertyValueSpecification","valueRequired":true,"valueName":"search_term_string"}}],"inLanguage":"es"},{"@type":"Organization","@id":"https:\/\/www.edfeurope.com\/es\/#organization","name":"EDF Europe","url":"https:\/\/www.edfeurope.com\/es\/","logo":{"@type":"ImageObject","inLanguage":"es","@id":"https:\/\/www.edfeurope.com\/es\/#\/schema\/logo\/image\/","url":"https:\/\/www.edfeurope.com\/edf-new\/wp-content\/uploads\/2024\/04\/edf-logo.svg","contentUrl":"https:\/\/www.edfeurope.com\/edf-new\/wp-content\/uploads\/2024\/04\/edf-logo.svg","width":"1024","height":"1024","caption":"EDF Europe"},"image":{"@id":"https:\/\/www.edfeurope.com\/es\/#\/schema\/logo\/image\/"}}]}},"_links":{"self":[{"href":"https:\/\/www.edfeurope.com\/es\/wp-json\/wp\/v2\/pages\/912","targetHints":{"allow":["GET"]}}],"collection":[{"href":"https:\/\/www.edfeurope.com\/es\/wp-json\/wp\/v2\/pages"}],"about":[{"href":"https:\/\/www.edfeurope.com\/es\/wp-json\/wp\/v2\/types\/page"}],"author":[{"embeddable":true,"href":"https:\/\/www.edfeurope.com\/es\/wp-json\/wp\/v2\/users\/1"}],"replies":[{"embeddable":true,"href":"https:\/\/www.edfeurope.com\/es\/wp-json\/wp\/v2\/comments?post=912"}],"version-history":[{"count":2,"href":"https:\/\/www.edfeurope.com\/es\/wp-json\/wp\/v2\/pages\/912\/revisions"}],"predecessor-version":[{"id":919,"href":"https:\/\/www.edfeurope.com\/es\/wp-json\/wp\/v2\/pages\/912\/revisions\/919"}],"wp:attachment":[{"href":"https:\/\/www.edfeurope.com\/es\/wp-json\/wp\/v2\/media?parent=912"}],"curies":[{"name":"wp","href":"https:\/\/api.w.org\/{rel}","templated":true}]}}