{"id":1065,"date":"2024-03-29T15:51:18","date_gmt":"2024-03-29T14:51:18","guid":{"rendered":"https:\/\/www.edfeurope.com\/homepage\/"},"modified":"2024-05-14T18:37:38","modified_gmt":"2024-05-14T16:37:38","slug":"homepage","status":"publish","type":"page","link":"https:\/\/www.edfeurope.com\/fr\/","title":{"rendered":"Homepage"},"content":{"rendered":"<div id=\"home\">\n<div class=\"section\">\n<div class=\"row row-grid\">\n<div class=\"box box-text box-grey\">\n<div class=\"box--content\">\n<h1>Exp\u00e9rience et innovation au service de l&rsquo;industrie de l&#8217;emballage en carton ondul\u00e9<\/h1>\n<p>\t\t\t\t\t<span>Nous offrons des solutions qui combinent les garanties exig\u00e9es par les normes sectorielles avec le meilleur respect de la sp\u00e9cificit\u00e9 des exigences, tant en termes de flexibilit\u00e9 op\u00e9rationnelle que d&rsquo;adaptabilit\u00e9 aux caract\u00e9ristiques des espaces de production.<\/span><br \/>\n\t\t\t\t\t<a href=\"https:\/\/www.edfeurope.com\/fr\/a-propos-de-nous\/\" class=\"btn\">en savoir plus<svg xmlns=\"http:\/\/www.w3.org\/2000\/svg\" data-name=\"Raggruppa 7\" viewBox=\"0 0 6.846 11.652\"><defs><clipPath id=\"a\"><path fill=\"#797f89\" d=\"M0 0h6.846v11.652H0z\" data-name=\"Rettangolo 44\"\/><\/clipPath><\/defs><g clip-path=\"url(#a)\" data-name=\"Raggruppa 6\"><path fill=\"#797f89\" d=\"M6.66 5.371 1.474.186a.639.639 0 0 0-.9 0L.191.568a.638.638 0 0 0 0 .9l4.354 4.356-4.359 4.359a.639.639 0 0 0 0 .9l.382.382a.639.639 0 0 0 .9 0l5.19-5.19a.643.643 0 0 0 0-.9\" data-name=\"Tracciato 45\"\/><\/g><\/svg><\/a>\n\t\t\t\t<\/div>\n<\/p><\/div>\n<div class=\"box box-img\">\n\t\t\t\t<img decoding=\"async\" src=\"\/edf-new\/wp-content\/uploads\/2024\/04\/edf-header-01.jpg\" alt=\"EDF Europe - Exp\u00e9rience et innovation au service de l'industrie de l'emballage en carton ondul\u00e9\">\n\t\t\t<\/div>\n<\/p><\/div>\n<\/p><\/div>\n<div class=\"section\">\n<div class=\"row row-grid\">\n<div class=\"box box-text pad-md-20\">\n<div class=\"box--content\">\n<h2>La certitude <br \/>de l&rsquo;exhaustivit\u00e9<\/h2>\n<\/p><\/div>\n<\/p><\/div>\n<div class=\"box box-text no-pad-left j-start\">\n\t\t\t\t<span>Nous mettons \u00e0 la disposition des fabricants d&#8217;emballages en carton ondul\u00e9 un <b>riche choix de machines de converting<\/b> et une <b>gamme extraordinairement \u00e9tendue de machines p\u00e9riph\u00e9riques<\/b>. Notre offre est si vaste, articul\u00e9e et \u00e9volutive qu&rsquo;elle couvre tous les besoins d&rsquo;une ligne de production compl\u00e8te.<\/span>\n\t\t\t<\/div>\n<\/p><\/div>\n<\/p><\/div>\n<div class=\"section\">\n<div class=\"row row-grid grid-even pad no-pad-top\">\n<div class=\"box box-cat\">\n<div class=\"box-cat--img\">\n\t\t\t\t\t<img decoding=\"async\" src=\"\/edf-new\/wp-content\/uploads\/2024\/04\/edf-prodotti-periferici.jpg\" alt=\"EDF Europe | Machines p\u00e9riph\u00e9riques\">\n\t\t\t\t<\/div>\n<div class=\"box-cat--content\">\n<div class=\"col\">\n<h2>Machines p\u00e9riph\u00e9riques<\/h2>\n<ul>\n<li><a href=\"\/fr\/produits\/chargement\/\">Chargement<svg xmlns=\"http:\/\/www.w3.org\/2000\/svg\" data-name=\"Raggruppa 7\" viewBox=\"0 0 6.846 11.652\"><defs><clipPath id=\"a\"><path fill=\"#797f89\" d=\"M0 0h6.846v11.652H0z\" data-name=\"Rettangolo 44\"\/><\/clipPath><\/defs><g clip-path=\"url(#a)\" data-name=\"Raggruppa 6\"><path fill=\"#797f89\" d=\"M6.66 5.371 1.474.186a.639.639 0 0 0-.9 0L.191.568a.638.638 0 0 0 0 .9l4.354 4.356-4.359 4.359a.639.639 0 0 0 0 .9l.382.382a.639.639 0 0 0 .9 0l5.19-5.19a.643.643 0 0 0 0-.9\" data-name=\"Tracciato 45\"\/><\/g><\/svg><\/a><\/li>\n<li><a href=\"\/fr\/produits\/empilage-et-collecte\/\">Empilage et collecte<svg xmlns=\"http:\/\/www.w3.org\/2000\/svg\" data-name=\"Raggruppa 7\" viewBox=\"0 0 6.846 11.652\"><defs><clipPath id=\"a\"><path fill=\"#797f89\" d=\"M0 0h6.846v11.652H0z\" data-name=\"Rettangolo 44\"\/><\/clipPath><\/defs><g clip-path=\"url(#a)\" data-name=\"Raggruppa 6\"><path fill=\"#797f89\" d=\"M6.66 5.371 1.474.186a.639.639 0 0 0-.9 0L.191.568a.638.638 0 0 0 0 .9l4.354 4.356-4.359 4.359a.639.639 0 0 0 0 .9l.382.382a.639.639 0 0 0 .9 0l5.19-5.19a.643.643 0 0 0 0-.9\" data-name=\"Tracciato 45\"\/><\/g><\/svg><\/a><\/li>\n<li><a href=\"\/fr\/produits\/separation\/\">S\u00e9paration<svg xmlns=\"http:\/\/www.w3.org\/2000\/svg\" data-name=\"Raggruppa 7\" viewBox=\"0 0 6.846 11.652\"><defs><clipPath id=\"a\"><path fill=\"#797f89\" d=\"M0 0h6.846v11.652H0z\" data-name=\"Rettangolo 44\"\/><\/clipPath><\/defs><g clip-path=\"url(#a)\" data-name=\"Raggruppa 6\"><path fill=\"#797f89\" d=\"M6.66 5.371 1.474.186a.639.639 0 0 0-.9 0L.191.568a.638.638 0 0 0 0 .9l4.354 4.356-4.359 4.359a.639.639 0 0 0 0 .9l.382.382a.639.639 0 0 0 .9 0l5.19-5.19a.643.643 0 0 0 0-.9\" data-name=\"Tracciato 45\"\/><\/g><\/svg><\/a><\/li>\n<li><a href=\"\/fr\/produits\/palettisation\/\">Palettisation<svg xmlns=\"http:\/\/www.w3.org\/2000\/svg\" data-name=\"Raggruppa 7\" viewBox=\"0 0 6.846 11.652\"><defs><clipPath id=\"a\"><path fill=\"#797f89\" d=\"M0 0h6.846v11.652H0z\" data-name=\"Rettangolo 44\"\/><\/clipPath><\/defs><g clip-path=\"url(#a)\" data-name=\"Raggruppa 6\"><path fill=\"#797f89\" d=\"M6.66 5.371 1.474.186a.639.639 0 0 0-.9 0L.191.568a.638.638 0 0 0 0 .9l4.354 4.356-4.359 4.359a.639.639 0 0 0 0 .9l.382.382a.639.639 0 0 0 .9 0l5.19-5.19a.643.643 0 0 0 0-.9\" data-name=\"Tracciato 45\"\/><\/g><\/svg><\/a><\/li>\n<\/ul><\/div>\n<div class=\"col\">\n\t\t\t\t\t\t<span>Machines p\u00e9riph\u00e9riques pour le chargement, l&#8217;empilage et la collecte, la s\u00e9paration et la palettisation, compatibles avec les machines d&rsquo;autres fabricants et int\u00e9grables dans n&rsquo;importe quelle ligne de production.<\/span><br \/>\n\t\t\t\t\t\t<a href=\"\/fr\/produits\/machines-peripheriques\/\" class=\"btn white\">Explorez la gamme<svg xmlns=\"http:\/\/www.w3.org\/2000\/svg\" data-name=\"Raggruppa 7\" viewBox=\"0 0 6.846 11.652\"><defs><clipPath id=\"a\"><path fill=\"#797f89\" d=\"M0 0h6.846v11.652H0z\" data-name=\"Rettangolo 44\"\/><\/clipPath><\/defs><g clip-path=\"url(#a)\" data-name=\"Raggruppa 6\"><path fill=\"#797f89\" d=\"M6.66 5.371 1.474.186a.639.639 0 0 0-.9 0L.191.568a.638.638 0 0 0 0 .9l4.354 4.356-4.359 4.359a.639.639 0 0 0 0 .9l.382.382a.639.639 0 0 0 .9 0l5.19-5.19a.643.643 0 0 0 0-.9\" data-name=\"Tracciato 45\"\/><\/g><\/svg><\/a>\n\t\t\t\t\t<\/div>\n<\/p><\/div>\n<\/p><\/div>\n<div class=\"box box-cat\">\n<div class=\"box-cat--img\">\n\t\t\t\t\t<img decoding=\"async\" src=\"\/edf-new\/wp-content\/uploads\/2024\/04\/edf-prodotti-converting.jpg\" alt=\"EDF Europe | Converting\">\n\t\t\t\t<\/div>\n<div class=\"box-cat--content\">\n<div class=\"col\">\n<h2>Converting<\/h2>\n<ul>\n<li><a href=\"\/fr\/produits\/open-close\/\">Open \/ close<svg xmlns=\"http:\/\/www.w3.org\/2000\/svg\" data-name=\"Raggruppa 7\" viewBox=\"0 0 6.846 11.652\"><defs><clipPath id=\"a\"><path fill=\"#797f89\" d=\"M0 0h6.846v11.652H0z\" data-name=\"Rettangolo 44\"\/><\/clipPath><\/defs><g clip-path=\"url(#a)\" data-name=\"Raggruppa 6\"><path fill=\"#797f89\" d=\"M6.66 5.371 1.474.186a.639.639 0 0 0-.9 0L.191.568a.638.638 0 0 0 0 .9l4.354 4.356-4.359 4.359a.639.639 0 0 0 0 .9l.382.382a.639.639 0 0 0 .9 0l5.19-5.19a.643.643 0 0 0 0-.9\" data-name=\"Tracciato 45\"\/><\/g><\/svg><\/a><\/li>\n<li><a href=\"\/fr\/produits\/fix-group\/\">Fix group<svg xmlns=\"http:\/\/www.w3.org\/2000\/svg\" data-name=\"Raggruppa 7\" viewBox=\"0 0 6.846 11.652\"><defs><clipPath id=\"a\"><path fill=\"#797f89\" d=\"M0 0h6.846v11.652H0z\" data-name=\"Rettangolo 44\"\/><\/clipPath><\/defs><g clip-path=\"url(#a)\" data-name=\"Raggruppa 6\"><path fill=\"#797f89\" d=\"M6.66 5.371 1.474.186a.639.639 0 0 0-.9 0L.191.568a.638.638 0 0 0 0 .9l4.354 4.356-4.359 4.359a.639.639 0 0 0 0 .9l.382.382a.639.639 0 0 0 .9 0l5.19-5.19a.643.643 0 0 0 0-.9\" data-name=\"Tracciato 45\"\/><\/g><\/svg><\/a><\/li>\n<\/ul><\/div>\n<div class=\"col\">\n\t\t\t\t\t\t<span>Machines de converting hautement productives, s\u00fbres pour les op\u00e9rateurs et con\u00e7ues pour \u00eatre utilis\u00e9es selon les crit\u00e8res de contr\u00f4le, de r\u00e9glage et de diagnostic les plus avanc\u00e9s.<\/span><br \/>\n\t\t\t\t\t\t<a href=\"\/fr\/produits\/converting\/\" class=\"btn white\">Explorez la gamme<svg xmlns=\"http:\/\/www.w3.org\/2000\/svg\" data-name=\"Raggruppa 7\" viewBox=\"0 0 6.846 11.652\"><defs><clipPath id=\"a\"><path fill=\"#797f89\" d=\"M0 0h6.846v11.652H0z\" data-name=\"Rettangolo 44\"\/><\/clipPath><\/defs><g clip-path=\"url(#a)\" data-name=\"Raggruppa 6\"><path fill=\"#797f89\" d=\"M6.66 5.371 1.474.186a.639.639 0 0 0-.9 0L.191.568a.638.638 0 0 0 0 .9l4.354 4.356-4.359 4.359a.639.639 0 0 0 0 .9l.382.382a.639.639 0 0 0 .9 0l5.19-5.19a.643.643 0 0 0 0-.9\" data-name=\"Tracciato 45\"\/><\/g><\/svg><\/a>\n\t\t\t\t\t<\/div>\n<\/p><\/div>\n<\/p><\/div>\n<\/p><\/div>\n<\/p><\/div>\n<div class=\"section\">\n<div class=\"row row-grid inverted\">\n<div class=\"box box-img\">\n\t\t\t\t<img decoding=\"async\" src=\"\/edf-new\/wp-content\/uploads\/2024\/04\/edf-consulenza.jpg\" alt=\"EDF Europe - Consulenza e assistenza come punti di forza\">\n\t\t\t<\/div>\n<div class=\"box box-text box-grey\">\n<div class=\"box--content\">\n<h1>Le conseil <br \/>et l&rsquo;assistance <br \/>comme points forts<\/h1>\n<p>\t\t\t\t\t<span>Notre service est bien plus que distinctif. Il s&rsquo;agit d&rsquo;une activit\u00e9 \u00e0 360 degr\u00e9s qui fait de nous une r\u00e9alit\u00e9 presque unique dans le secteur. Notre force r\u00e9side dans un service de conseil de grande valeur, ce \u00e0 quoi s&rsquo;ajoute la capacit\u00e9 de soutenir le client de la meilleure fa\u00e7on possible, m\u00eame apr\u00e8s la vente.<br \/>\n\t\t\t\t\t\t<\/span><br \/>\n\t\t\t\t\t<a href=\"https:\/\/www.edfeurope.com\/fr\/service\/\" class=\"btn\">d\u00e9couvrir les services<svg xmlns=\"http:\/\/www.w3.org\/2000\/svg\" data-name=\"Raggruppa 7\" viewBox=\"0 0 6.846 11.652\"><defs><clipPath id=\"a\"><path fill=\"#797f89\" d=\"M0 0h6.846v11.652H0z\" data-name=\"Rettangolo 44\"\/><\/clipPath><\/defs><g clip-path=\"url(#a)\" data-name=\"Raggruppa 6\"><path fill=\"#797f89\" d=\"M6.66 5.371 1.474.186a.639.639 0 0 0-.9 0L.191.568a.638.638 0 0 0 0 .9l4.354 4.356-4.359 4.359a.639.639 0 0 0 0 .9l.382.382a.639.639 0 0 0 .9 0l5.19-5.19a.643.643 0 0 0 0-.9\" data-name=\"Tracciato 45\"\/><\/g><\/svg><\/a>\n\t\t\t\t<\/div>\n<\/p><\/div>\n<\/p><\/div>\n<\/p><\/div>\n<p>\t<!--\n\t\n\n<div class=\"section case-history\">\n\t\t\n\n<div class=\"row row-grid pad-top\">\n\t\t\t\n\n<div class=\"box box-text\">\n\t\t\t\t\n\n<div class=\"box--content\">\n\t\t\t\t\t\n\n<h1>Aper\u00e7u \u00c9tude de cas: <br \/>Les d\u00e9fis relev\u00e9s <br \/>et gagn\u00e9s<\/h1>\n\n\n\t\t\t\t\t<span>Nous avons choisi de pr\u00e9senter quelques-uns de nos projets qui, \u00e0 notre avis, sont le meilleur t\u00e9moignage de notre approche vis-\u00e0-vis des besoins de ceux qui se tournent vers nous.<\/span>\n\t\t\t\t\t<a href=\"https:\/\/www.edfeurope.com\/fr\/etude-de-cas\/\" class=\"btn white\">aper\u00e7u \u00c9tude de cas<svg xmlns=\"http:\/\/www.w3.org\/2000\/svg\" data-name=\"Raggruppa 7\" viewBox=\"0 0 6.846 11.652\"><defs><clipPath id=\"a\"><path fill=\"#797f89\" d=\"M0 0h6.846v11.652H0z\" data-name=\"Rettangolo 44\"\/><\/clipPath><\/defs><g clip-path=\"url(#a)\" data-name=\"Raggruppa 6\"><path fill=\"#797f89\" d=\"M6.66 5.371 1.474.186a.639.639 0 0 0-.9 0L.191.568a.638.638 0 0 0 0 .9l4.354 4.356-4.359 4.359a.639.639 0 0 0 0 .9l.382.382a.639.639 0 0 0 .9 0l5.19-5.19a.643.643 0 0 0 0-.9\" data-name=\"Tracciato 45\"\/><\/g><\/svg><\/a>\n\t\t\t\t<\/div>\n\n\n\t\t\t<\/div>\n\n\n\t\t\t\n\n<div class=\"box box-img pad-right \">\n\t\t\t\t\n\n<div class=\"slider slider-home\">\n\t\t\t\t\t\n\n<div class=\"slider--inner\">\n\t\t\t\t\t\t\n\n<section class=\"splide\" aria-label=\"EDF case history\">\n\t\t\t\t\t\t\t\n\n<div class=\"splide__track\">\n\t\t\t\t\t\t\t\t\n\n<ul class=\"splide__list\">\n\t\t\t\t\t\t\t\t\t\n\n<li class=\"splide__slide\">\n\t\t\t\t\t\t\t\t\t\t\n\n<div class=\"case-history-img\"><img\n\t\t\t\t\t\t\t\t\t\t\t\tsrc=\"\/edf-new\/wp-content\/uploads\/2024\/04\/edf-case_history.jpg\"><\/div>\n\n\n\t\t\t\t\t\t\t\t\t\t\n\n<div class=\"case-history-txt\">R\u00e9ussite du Factory Acceptance Test pour l'usine d'International Paper \u00e0 Espaly<\/div>\n\n\n\t\t\t\t\t\t\t\t\t<\/li>\n\n\n\t\t\t\t\t\t\t\t\t\n\n<li class=\"splide__slide\">\n\t\t\t\t\t\t\t\t\t\t\n\n<div class=\"case-history-img\"><img\n\t\t\t\t\t\t\t\t\t\t\t\tsrc=\"\/edf-new\/wp-content\/uploads\/2024\/04\/edf-case_history.jpg\"><\/div>\n\n\n\t\t\t\t\t\t\t\t\t\t\n\n<div class=\"case-history-txt\">Installation d'une ligne compl\u00e8te HGL 924 dans l'usine d'International Paper \u00e0 Catane <\/div>\n\n\n\t\t\t\t\t\t\t\t\t<\/li>\n\n\n\t\t\t\t\t\t\t\t<\/ul>\n\n\n\t\t\t\t\t\t\t<\/div>\n\n\n\t\t\t\t\t\t<\/section>\n\n\n\t\t\t\t\t<\/div>\n\n\n\t\t\t\t\t\n\n<div class=\"slider--controls\">\n\t\t\t\t\t\t\n\n<div class=\"control control--left\">\n\t\t\t\t\t\t\t<svg xmlns=\"http:\/\/www.w3.org\/2000\/svg\" class=\"icon\" viewBox=\"0 0 1024 1024\">\n\t\t\t\t\t\t\t\t<path d=\"M903.232 256 960 306.432 512 768 64 306.432 120.768 256 512 659.072z\" \/>\n\t\t\t\t\t\t\t<\/svg>\n\t\t\t\t\t\t<\/div>\n\n\n\t\t\t\t\t\t\n\n<div class=\"control control--right\">\n\t\t\t\t\t\t\t<svg xmlns=\"http:\/\/www.w3.org\/2000\/svg\" class=\"icon\" viewBox=\"0 0 1024 1024\">\n\t\t\t\t\t\t\t\t<path d=\"M903.232 256 960 306.432 512 768 64 306.432 120.768 256 512 659.072z\" \/>\n\t\t\t\t\t\t\t<\/svg>\n\t\t\t\t\t\t<\/div>\n\n\n\t\t\t\t\t<\/div>\n\n\n\t\t\t\t<\/div>\n\n\n\t\t\t<\/div>\n\n\n\t\t<\/div>\n\n\n\t<\/div>\n\n\n\t--><\/p>\n<div class=\"section\">\n<div class=\"row row-grid pad-top\">\n<div class=\"box box-text box-green\">\n<div class=\"box--content\">\n<h1>Un engagement concret <br \/>pour un avenir meilleur<\/h1>\n<p>\t\t\t\t\t<span>Op\u00e9rer selon un mod\u00e8le de d\u00e9veloppement durable est l&rsquo;une des pierres angulaires de notre philosophie.<\/span><br \/>\n\t\t\t\t\t<a href=\"https:\/\/www.edfeurope.com\/fr\/developpement-durable\/\" class=\"btn\">en savoir plus<svg xmlns=\"http:\/\/www.w3.org\/2000\/svg\" data-name=\"Raggruppa 7\" viewBox=\"0 0 6.846 11.652\"><defs><clipPath id=\"a\"><path fill=\"#797f89\" d=\"M0 0h6.846v11.652H0z\" data-name=\"Rettangolo 44\"\/><\/clipPath><\/defs><g clip-path=\"url(#a)\" data-name=\"Raggruppa 6\"><path fill=\"#797f89\" d=\"M6.66 5.371 1.474.186a.639.639 0 0 0-.9 0L.191.568a.638.638 0 0 0 0 .9l4.354 4.356-4.359 4.359a.639.639 0 0 0 0 .9l.382.382a.639.639 0 0 0 .9 0l5.19-5.19a.643.643 0 0 0 0-.9\" data-name=\"Tracciato 45\"\/><\/g><\/svg><\/a>\n\t\t\t\t<\/div>\n<\/p><\/div>\n<div class=\"box box-img\">\n\t\t\t\t<img decoding=\"async\" src=\"\/edf-new\/wp-content\/uploads\/2024\/04\/edf-quality.jpg\" alt=\"EDF Europe - Un engagement concret pour un avenir meilleur\">\n\t\t\t<\/div>\n<\/p><\/div>\n<\/p><\/div>\n<p>\t<!--\n\n<div class=\"section\" id=\"section-news\">\n\t\t\n\n<div class=\"row row-grid\">\n\t\t\t\n\n<div class=\"box box-text box-news-intro\">\n\t\t\t\t\n\n<div class=\"box--content\">\n\t\t\t\t\t\n\n<h2>Actualit\u00e9s et \u00e9v\u00e9nements<br \/>d'EDF Europe<\/h2>\n\n\n\t\t\t\t\t<span>Nouveaut\u00e9s sur notre gamme, nos participations aux salons, nos initiatives : tenir les utilisateurs au courant de toutes nos activit\u00e9s s'inscrit dans notre d\u00e9marche visant \u00e0 r\u00e9pondre aux besoins du secteur que nous servons. En nous suivant, vous aurez le plaisir de rester toujours inform\u00e9.<\/span>\n\t\t\t\t\t<a href=\"https:\/\/www.edfeurope.com\/fr\/news\/\" class=\"btn border\">leggi tutte<svg xmlns=\"http:\/\/www.w3.org\/2000\/svg\" data-name=\"Raggruppa 7\" viewBox=\"0 0 6.846 11.652\"><defs><clipPath id=\"a\"><path fill=\"#797f89\" d=\"M0 0h6.846v11.652H0z\" data-name=\"Rettangolo 44\"\/><\/clipPath><\/defs><g clip-path=\"url(#a)\" data-name=\"Raggruppa 6\"><path fill=\"#797f89\" d=\"M6.66 5.371 1.474.186a.639.639 0 0 0-.9 0L.191.568a.638.638 0 0 0 0 .9l4.354 4.356-4.359 4.359a.639.639 0 0 0 0 .9l.382.382a.639.639 0 0 0 .9 0l5.19-5.19a.643.643 0 0 0 0-.9\" data-name=\"Tracciato 45\"\/><\/g><\/svg><\/a>\n\t\t\t\t<\/div>\n\n\n\t\t\t<\/div>\n\n\n\t\t\t\n\n<div class=\"box box-news\">\n\t\t\t\t[news_hp]\n\t\t\t<\/div>\n\n\n\t\t<\/div>\n\n\n\t<\/div>\n\n-->\n<\/div>\n","protected":false},"excerpt":{"rendered":"<p>Exp\u00e9rience et innovation au service de l&rsquo;industrie de l&#8217;emballage en carton ondul\u00e9 Nous offrons des solutions qui combinent les garanties exig\u00e9es par les normes sectorielles avec le meilleur respect de la sp\u00e9cificit\u00e9 des exigences, tant en termes de flexibilit\u00e9 op\u00e9rationnelle que d&rsquo;adaptabilit\u00e9 aux caract\u00e9ristiques des espaces de production. en savoir plus La certitude de l&rsquo;exhaustivit\u00e9 [&hellip;]<\/p>\n","protected":false},"author":1,"featured_media":0,"parent":0,"menu_order":0,"comment_status":"closed","ping_status":"closed","template":"","meta":{"_acf_changed":false,"inline_featured_image":false,"footnotes":""},"class_list":["post-1065","page","type-page","status-publish","hentry"],"acf":[],"yoast_head":"<!-- This site is optimized with the Yoast SEO plugin v27.5 - https:\/\/yoast.com\/product\/yoast-seo-wordpress\/ -->\n<title>EDF Europe - Corrugated cardboard converting machines<\/title>\n<meta name=\"description\" content=\"Edf Europe - Exp\u00e9rience et innovation au service de l&#039;industrie de l&#039;emballage en carton ondul\u00e9\" \/>\n<meta name=\"robots\" content=\"index, follow, max-snippet:-1, max-image-preview:large, max-video-preview:-1\" \/>\n<link rel=\"canonical\" href=\"https:\/\/www.edfeurope.com\/fr\/\" \/>\n<meta property=\"og:locale\" content=\"fr_FR\" \/>\n<meta property=\"og:type\" content=\"article\" \/>\n<meta property=\"og:title\" content=\"EDF Europe - Corrugated cardboard converting machines\" \/>\n<meta property=\"og:description\" content=\"Edf Europe - Exp\u00e9rience et innovation au service de l&#039;industrie de l&#039;emballage en carton ondul\u00e9\" \/>\n<meta property=\"og:url\" content=\"https:\/\/www.edfeurope.com\/fr\/\" \/>\n<meta property=\"og:site_name\" content=\"EDF Europe\" \/>\n<meta property=\"article:modified_time\" content=\"2024-05-14T16:37:38+00:00\" \/>\n<meta name=\"twitter:card\" content=\"summary_large_image\" \/>\n<meta name=\"twitter:label1\" content=\"Dur\u00e9e de lecture estim\u00e9e\" \/>\n\t<meta name=\"twitter:data1\" content=\"3 minutes\" \/>\n<script type=\"application\/ld+json\" class=\"yoast-schema-graph\">{\"@context\":\"https:\\\/\\\/schema.org\",\"@graph\":[{\"@type\":\"WebPage\",\"@id\":\"https:\\\/\\\/www.edfeurope.com\\\/fr\\\/\",\"url\":\"https:\\\/\\\/www.edfeurope.com\\\/fr\\\/\",\"name\":\"EDF Europe - Corrugated cardboard converting machines\",\"isPartOf\":{\"@id\":\"https:\\\/\\\/www.edfeurope.com\\\/fr\\\/#website\"},\"datePublished\":\"2024-03-29T14:51:18+00:00\",\"dateModified\":\"2024-05-14T16:37:38+00:00\",\"description\":\"Edf Europe - Exp\u00e9rience et innovation au service de l'industrie de l'emballage en carton ondul\u00e9\",\"breadcrumb\":{\"@id\":\"https:\\\/\\\/www.edfeurope.com\\\/fr\\\/#breadcrumb\"},\"inLanguage\":\"fr-FR\",\"potentialAction\":[{\"@type\":\"ReadAction\",\"target\":[\"https:\\\/\\\/www.edfeurope.com\\\/fr\\\/\"]}]},{\"@type\":\"BreadcrumbList\",\"@id\":\"https:\\\/\\\/www.edfeurope.com\\\/fr\\\/#breadcrumb\",\"itemListElement\":[{\"@type\":\"ListItem\",\"position\":1,\"name\":\"Home\",\"item\":\"https:\\\/\\\/www.edfeurope.com\\\/fr\\\/\"},{\"@type\":\"ListItem\",\"position\":2,\"name\":\"Homepage\"}]},{\"@type\":\"WebSite\",\"@id\":\"https:\\\/\\\/www.edfeurope.com\\\/fr\\\/#website\",\"url\":\"https:\\\/\\\/www.edfeurope.com\\\/fr\\\/\",\"name\":\"EDF Europe\",\"description\":\"Corrugated cardboard converting machines\",\"publisher\":{\"@id\":\"https:\\\/\\\/www.edfeurope.com\\\/fr\\\/#organization\"},\"potentialAction\":[{\"@type\":\"SearchAction\",\"target\":{\"@type\":\"EntryPoint\",\"urlTemplate\":\"https:\\\/\\\/www.edfeurope.com\\\/fr\\\/?s={search_term_string}\"},\"query-input\":{\"@type\":\"PropertyValueSpecification\",\"valueRequired\":true,\"valueName\":\"search_term_string\"}}],\"inLanguage\":\"fr-FR\"},{\"@type\":\"Organization\",\"@id\":\"https:\\\/\\\/www.edfeurope.com\\\/fr\\\/#organization\",\"name\":\"EDF Europe\",\"url\":\"https:\\\/\\\/www.edfeurope.com\\\/fr\\\/\",\"logo\":{\"@type\":\"ImageObject\",\"inLanguage\":\"fr-FR\",\"@id\":\"https:\\\/\\\/www.edfeurope.com\\\/fr\\\/#\\\/schema\\\/logo\\\/image\\\/\",\"url\":\"https:\\\/\\\/www.edfeurope.com\\\/edf-new\\\/wp-content\\\/uploads\\\/2024\\\/04\\\/edf-logo.svg\",\"contentUrl\":\"https:\\\/\\\/www.edfeurope.com\\\/edf-new\\\/wp-content\\\/uploads\\\/2024\\\/04\\\/edf-logo.svg\",\"width\":\"1024\",\"height\":\"1024\",\"caption\":\"EDF Europe\"},\"image\":{\"@id\":\"https:\\\/\\\/www.edfeurope.com\\\/fr\\\/#\\\/schema\\\/logo\\\/image\\\/\"}}]}<\/script>\n<!-- \/ Yoast SEO plugin. -->","yoast_head_json":{"title":"EDF Europe - Corrugated cardboard converting machines","description":"Edf Europe - Exp\u00e9rience et innovation au service de l'industrie de l'emballage en carton ondul\u00e9","robots":{"index":"index","follow":"follow","max-snippet":"max-snippet:-1","max-image-preview":"max-image-preview:large","max-video-preview":"max-video-preview:-1"},"canonical":"https:\/\/www.edfeurope.com\/fr\/","og_locale":"fr_FR","og_type":"article","og_title":"EDF Europe - Corrugated cardboard converting machines","og_description":"Edf Europe - Exp\u00e9rience et innovation au service de l'industrie de l'emballage en carton ondul\u00e9","og_url":"https:\/\/www.edfeurope.com\/fr\/","og_site_name":"EDF Europe","article_modified_time":"2024-05-14T16:37:38+00:00","twitter_card":"summary_large_image","twitter_misc":{"Dur\u00e9e de lecture estim\u00e9e":"3 minutes"},"schema":{"@context":"https:\/\/schema.org","@graph":[{"@type":"WebPage","@id":"https:\/\/www.edfeurope.com\/fr\/","url":"https:\/\/www.edfeurope.com\/fr\/","name":"EDF Europe - Corrugated cardboard converting machines","isPartOf":{"@id":"https:\/\/www.edfeurope.com\/fr\/#website"},"datePublished":"2024-03-29T14:51:18+00:00","dateModified":"2024-05-14T16:37:38+00:00","description":"Edf Europe - Exp\u00e9rience et innovation au service de l'industrie de l'emballage en carton ondul\u00e9","breadcrumb":{"@id":"https:\/\/www.edfeurope.com\/fr\/#breadcrumb"},"inLanguage":"fr-FR","potentialAction":[{"@type":"ReadAction","target":["https:\/\/www.edfeurope.com\/fr\/"]}]},{"@type":"BreadcrumbList","@id":"https:\/\/www.edfeurope.com\/fr\/#breadcrumb","itemListElement":[{"@type":"ListItem","position":1,"name":"Home","item":"https:\/\/www.edfeurope.com\/fr\/"},{"@type":"ListItem","position":2,"name":"Homepage"}]},{"@type":"WebSite","@id":"https:\/\/www.edfeurope.com\/fr\/#website","url":"https:\/\/www.edfeurope.com\/fr\/","name":"EDF Europe","description":"Corrugated cardboard converting machines","publisher":{"@id":"https:\/\/www.edfeurope.com\/fr\/#organization"},"potentialAction":[{"@type":"SearchAction","target":{"@type":"EntryPoint","urlTemplate":"https:\/\/www.edfeurope.com\/fr\/?s={search_term_string}"},"query-input":{"@type":"PropertyValueSpecification","valueRequired":true,"valueName":"search_term_string"}}],"inLanguage":"fr-FR"},{"@type":"Organization","@id":"https:\/\/www.edfeurope.com\/fr\/#organization","name":"EDF Europe","url":"https:\/\/www.edfeurope.com\/fr\/","logo":{"@type":"ImageObject","inLanguage":"fr-FR","@id":"https:\/\/www.edfeurope.com\/fr\/#\/schema\/logo\/image\/","url":"https:\/\/www.edfeurope.com\/edf-new\/wp-content\/uploads\/2024\/04\/edf-logo.svg","contentUrl":"https:\/\/www.edfeurope.com\/edf-new\/wp-content\/uploads\/2024\/04\/edf-logo.svg","width":"1024","height":"1024","caption":"EDF Europe"},"image":{"@id":"https:\/\/www.edfeurope.com\/fr\/#\/schema\/logo\/image\/"}}]}},"_links":{"self":[{"href":"https:\/\/www.edfeurope.com\/fr\/wp-json\/wp\/v2\/pages\/1065","targetHints":{"allow":["GET"]}}],"collection":[{"href":"https:\/\/www.edfeurope.com\/fr\/wp-json\/wp\/v2\/pages"}],"about":[{"href":"https:\/\/www.edfeurope.com\/fr\/wp-json\/wp\/v2\/types\/page"}],"author":[{"embeddable":true,"href":"https:\/\/www.edfeurope.com\/fr\/wp-json\/wp\/v2\/users\/1"}],"replies":[{"embeddable":true,"href":"https:\/\/www.edfeurope.com\/fr\/wp-json\/wp\/v2\/comments?post=1065"}],"version-history":[{"count":5,"href":"https:\/\/www.edfeurope.com\/fr\/wp-json\/wp\/v2\/pages\/1065\/revisions"}],"predecessor-version":[{"id":1306,"href":"https:\/\/www.edfeurope.com\/fr\/wp-json\/wp\/v2\/pages\/1065\/revisions\/1306"}],"wp:attachment":[{"href":"https:\/\/www.edfeurope.com\/fr\/wp-json\/wp\/v2\/media?parent=1065"}],"curies":[{"name":"wp","href":"https:\/\/api.w.org\/{rel}","templated":true}]}}