{"id":6036,"date":"2025-05-21T18:03:47","date_gmt":"2025-05-21T16:03:47","guid":{"rendered":"https:\/\/www.edfeurope.com\/cookie-policy\/"},"modified":"2025-06-18T14:33:41","modified_gmt":"2025-06-18T12:33:41","slug":"cookie-policy","status":"publish","type":"page","link":"https:\/\/www.edfeurope.com\/fr\/cookie-policy\/","title":{"rendered":"cookie policy"},"content":{"rendered":"<style>\n\u00a0 \u00a0 a.cky-banner-element {\n\u00a0 \u00a0 \u00a0 \u00a0 padding: 8px 30px;\n\u00a0 \u00a0 \u00a0 \u00a0 background: #F8F9FA;\n\u00a0 \u00a0 \u00a0 \u00a0 color: #858A8F;\n\u00a0 \u00a0 \u00a0 \u00a0 border: 1px solid #DEE2E6;\n\u00a0 \u00a0 \u00a0 \u00a0 box-sizing: border-box;\n\u00a0 \u00a0 \u00a0 \u00a0 border-radius: 2px;\n\u00a0 \u00a0 \u00a0 \u00a0 cursor: pointer;\n}\n<\/style>\n<div class=\"privacy-container\">\n<div class=\"privacy-detail\">\n<h1>Politique de cookies de EDF Europe srl<\/h1>\n<p><em>Date d&rsquo;effet : 07 mai 2025<\/em><\/p>\n<p>Nous utilisons des cookies pour am\u00e9liorer votre exp\u00e9rience sur notre site Web \u00e0 l&rsquo;adresse <a href=\"https:\/\/www.edfeurope.com\/fr\/\">https:\/\/www.edfeurope.com<\/a>. Cette politique de cookies fait partie de la politique de confidentialit\u00e9 de de EDF Europe srl. Elle couvre l&rsquo;utilisation de cookies entre votre appareil et notre site.<\/p>\n<p>Nous fournissons \u00e9galement des informations de base sur les services tiers que nous pouvons utiliser, qui peuvent \u00e9galement utiliser des cookies dans le cadre de leur service. Cette politique ne couvre pas leurs cookies.<\/p>\n<p>Si vous ne souhaitez pas accepter les cookies de notre part, vous devez configurer votre navigateur pour refuser les cookies provenant de <a href=\"https:\/\/www.edfeurope.com\/fr\/\">https:\/\/www.edfeurope.com<\/a>. Dans ce cas, il se peut que nous ne puissions pas vous fournir certains des contenus et services que vous souhaitez.<\/p>\n<h2>Qu&rsquo;est-ce qu&rsquo;un cookie ?<\/h2>\n<p>Un cookie est un petit morceau de donn\u00e9es qu&rsquo;un site web stocke sur votre appareil lorsque vous le visitez. Il contient g\u00e9n\u00e9ralement des informations sur le site web lui-m\u00eame, un identifiant unique qui permet au site de reconna\u00eetre votre navigateur web lorsque vous revenez, des donn\u00e9es suppl\u00e9mentaires qui servent au but du cookie, et la dur\u00e9e de vie du cookie lui-m\u00eame.<\/p>\n<p>Les cookies sont utilis\u00e9s pour activer certaines fonctionnalit\u00e9s (par exemple, la connexion), suivre l&rsquo;utilisation du site (par exemple, les analyses), stocker vos param\u00e8tres d&rsquo;utilisateur (par exemple, le fuseau horaire, les pr\u00e9f\u00e9rences de notification), et pour personnaliser votre contenu (par exemple, la publicit\u00e9, la langue).<\/p>\n<p>Les cookies d\u00e9finis par le site web que vous visitez sont g\u00e9n\u00e9ralement appel\u00e9s cookies de premi\u00e8re partie. Ils ne suivent g\u00e9n\u00e9ralement que votre activit\u00e9 sur ce site en particulier.<\/p>\n<p>Les cookies d\u00e9finis par d&rsquo;autres sites et entreprises (c&rsquo;est-\u00e0-dire les tiers) sont appel\u00e9s cookies tiers. Ils peuvent \u00eatre utilis\u00e9s pour vous suivre sur d&rsquo;autres sites web qui utilisent le m\u00eame service tiers.<\/p>\n<h2>Types de cookies et comment nous les utilisons<\/h2>\n<h2>Cookies de fonctionnalit\u00e9<\/h2>\n<p>Les cookies de fonctionnalit\u00e9 sont utilis\u00e9s pour collecter des informations sur votre appareil et tous les param\u00e8tres que vous pouvez configurer sur le site Web que vous visitez (comme les param\u00e8tres de langue et de fuseau horaire). Avec ces informations, les sites Web peuvent vous fournir un contenu et des services personnalis\u00e9s, am\u00e9lior\u00e9s ou optimis\u00e9s. Ces cookies peuvent \u00eatre d\u00e9finis par le site Web que vous visitez (cookies de premi\u00e8re partie) ou par des services tiers.<\/p>\n<p>Nous utilisons des cookies de fonctionnalit\u00e9 pour certaines fonctionnalit\u00e9s s\u00e9lectionn\u00e9es sur notre site.<\/p>\n<h2>Cookies de ciblage\/publicit\u00e9<\/h2>\n<p>Les cookies de ciblage\/publicit\u00e9 aident \u00e0 d\u00e9terminer quel contenu promotionnel est le plus pertinent et appropri\u00e9 pour vous et vos int\u00e9r\u00eats. Les sites Web peuvent les utiliser pour diffuser de la publicit\u00e9 cibl\u00e9e ou limiter le nombre de fois o\u00f9 vous voyez une publicit\u00e9. Cela aide les entreprises \u00e0 am\u00e9liorer l&rsquo;efficacit\u00e9 de leurs campagnes et la qualit\u00e9 du contenu qui vous est pr\u00e9sent\u00e9. Ces cookies peuvent \u00eatre d\u00e9finis par le site Web que vous visitez (cookies de premi\u00e8re partie) ou par des services tiers. Les cookies de ciblage\/publicit\u00e9 d\u00e9finis par des tiers peuvent \u00eatre utilis\u00e9s pour vous suivre sur d&rsquo;autres sites Web qui utilisent le m\u00eame service tiers.<\/p>\n<p>Nous utilisons des cookies de ciblage\/publicit\u00e9 sur notre site.<\/p>\n<h2>Comment pouvez-vous contr\u00f4ler l&rsquo;utilisation des cookies par notre site Web ?<\/h2>\n<p>Vous avez le droit de d\u00e9cider d&rsquo;accepter ou de refuser les cookies sur notre site Web. Vous pouvez g\u00e9rer vos pr\u00e9f\u00e9rences en mati\u00e8re de cookies dans notre Gestionnaire de consentement aux cookies. Le Gestionnaire de consentement aux cookies vous permet de s\u00e9lectionner les cat\u00e9gories de cookies que vous acceptez ou refusez. Les cookies essentiels ne peuvent pas \u00eatre refus\u00e9s car ils sont strictement n\u00e9cessaires pour vous fournir les services sur notre site Web.<\/p>\n<p>Vous pouvez \u00e9galement \u00eatre en mesure de d\u00e9finir ou de modifier vos pr\u00e9f\u00e9rences en mati\u00e8re de cookies en g\u00e9rant les param\u00e8tres de votre navigateur Web. Comme chaque navigateur Web est diff\u00e9rent, veuillez consulter les instructions fournies par votre navigateur Web (g\u00e9n\u00e9ralement dans la section \u00a0\u00bb aide \u00ab\u00a0). Si vous choisissez de refuser ou de d\u00e9sactiver les cookies, vous pourrez toujours utiliser le site Web, bien que certaines fonctionnalit\u00e9s du site Web puissent ne pas vous \u00eatre disponibles.<\/p>\n<h2>\u00c0 quelle fr\u00e9quence mettrons-nous \u00e0 jour cette politique sur les cookies ?<\/h2>\n<p>Nous pouvons mettre \u00e0 jour cette politique sur les cookies de temps en temps afin de refl\u00e9ter tout changement des cookies et des technologies associ\u00e9es que nous utilisons, ou pour d&rsquo;autres raisons op\u00e9rationnelles, juridiques ou r\u00e9glementaires.<\/p>\n<p>Chaque fois que vous utilisez notre site Web, la version actuelle de la politique sur les cookies s&rsquo;appliquera. Lorsque vous utilisez notre site Web, vous devez v\u00e9rifier la date de cette politique sur les cookies (qui appara\u00eet en haut de ce document) et examiner toute modification depuis la derni\u00e8re version.<\/p>\n<h2>O\u00f9 pouvez-vous obtenir des informations suppl\u00e9mentaires ?<\/h2>\n<p>Pour toute question ou pr\u00e9occupation concernant notre politique sur les cookies, vous pouvez nous contacter en utilisant les coordonn\u00e9es suivantes : <a href=\"mailto:info@edfeurope.com\">info@edfeurope.com<\/a><\/p>\n<h2>Liste des cookies utilis\u00e9s :<\/h2>\n<div class=\"cky-audit-table-element\"><\/div>\n<p>\t\t<a class=\"cky-banner-element\">Modifier les param\u00e8tres des cookies<\/a>\n\t<\/div>\n<\/div>\n","protected":false},"excerpt":{"rendered":"<p>Politique de cookies de EDF Europe srl Date d&rsquo;effet : 07 mai 2025 Nous utilisons des cookies pour am\u00e9liorer votre exp\u00e9rience sur notre site Web \u00e0 l&rsquo;adresse https:\/\/www.edfeurope.com. Cette politique de cookies fait partie de la politique de confidentialit\u00e9 de de EDF Europe srl. Elle couvre l&rsquo;utilisation de cookies entre votre appareil et notre site. [&hellip;]<\/p>\n","protected":false},"author":1,"featured_media":0,"parent":0,"menu_order":0,"comment_status":"closed","ping_status":"closed","template":"","meta":{"_acf_changed":false,"inline_featured_image":false,"footnotes":""},"class_list":["post-6036","page","type-page","status-publish","hentry"],"acf":[],"yoast_head":"<!-- This site is optimized with the Yoast SEO plugin v27.4 - https:\/\/yoast.com\/product\/yoast-seo-wordpress\/ -->\n<title>cookie policy - EDF Europe<\/title>\n<meta name=\"description\" content=\"Politique de cookies de EDF Europe srl Date d&#039;effet : 07 mai 2025 Nous utilisons des cookies pour am\u00e9liorer votre exp\u00e9rience sur notre site Web \u00e0\" \/>\n<meta name=\"robots\" content=\"index, follow, max-snippet:-1, max-image-preview:large, max-video-preview:-1\" \/>\n<link rel=\"canonical\" href=\"https:\/\/www.edfeurope.com\/fr\/cookie-policy\/\" \/>\n<meta property=\"og:locale\" content=\"fr_FR\" \/>\n<meta property=\"og:type\" content=\"article\" \/>\n<meta property=\"og:title\" content=\"cookie policy - EDF Europe\" \/>\n<meta property=\"og:description\" content=\"Politique de cookies de EDF Europe srl Date d&#039;effet : 07 mai 2025 Nous utilisons des cookies pour am\u00e9liorer votre exp\u00e9rience sur notre site Web \u00e0\" \/>\n<meta property=\"og:url\" content=\"https:\/\/www.edfeurope.com\/fr\/cookie-policy\/\" \/>\n<meta property=\"og:site_name\" content=\"EDF Europe\" \/>\n<meta property=\"article:modified_time\" content=\"2025-06-18T12:33:41+00:00\" \/>\n<meta name=\"twitter:card\" content=\"summary_large_image\" \/>\n<meta name=\"twitter:label1\" content=\"Dur\u00e9e de lecture estim\u00e9e\" \/>\n\t<meta name=\"twitter:data1\" content=\"4 minutes\" \/>\n<script type=\"application\/ld+json\" class=\"yoast-schema-graph\">{\"@context\":\"https:\\\/\\\/schema.org\",\"@graph\":[{\"@type\":\"WebPage\",\"@id\":\"https:\\\/\\\/www.edfeurope.com\\\/fr\\\/cookie-policy\\\/\",\"url\":\"https:\\\/\\\/www.edfeurope.com\\\/fr\\\/cookie-policy\\\/\",\"name\":\"cookie policy - EDF Europe\",\"isPartOf\":{\"@id\":\"https:\\\/\\\/www.edfeurope.com\\\/fr\\\/#website\"},\"datePublished\":\"2025-05-21T16:03:47+00:00\",\"dateModified\":\"2025-06-18T12:33:41+00:00\",\"description\":\"Politique de cookies de EDF Europe srl Date d'effet : 07 mai 2025 Nous utilisons des cookies pour am\u00e9liorer votre exp\u00e9rience sur notre site Web \u00e0\",\"breadcrumb\":{\"@id\":\"https:\\\/\\\/www.edfeurope.com\\\/fr\\\/cookie-policy\\\/#breadcrumb\"},\"inLanguage\":\"fr-FR\",\"potentialAction\":[{\"@type\":\"ReadAction\",\"target\":[\"https:\\\/\\\/www.edfeurope.com\\\/fr\\\/cookie-policy\\\/\"]}]},{\"@type\":\"BreadcrumbList\",\"@id\":\"https:\\\/\\\/www.edfeurope.com\\\/fr\\\/cookie-policy\\\/#breadcrumb\",\"itemListElement\":[{\"@type\":\"ListItem\",\"position\":1,\"name\":\"Home\",\"item\":\"https:\\\/\\\/www.edfeurope.com\\\/fr\\\/\"},{\"@type\":\"ListItem\",\"position\":2,\"name\":\"cookie policy\"}]},{\"@type\":\"WebSite\",\"@id\":\"https:\\\/\\\/www.edfeurope.com\\\/fr\\\/#website\",\"url\":\"https:\\\/\\\/www.edfeurope.com\\\/fr\\\/\",\"name\":\"EDF Europe\",\"description\":\"Corrugated cardboard converting machines\",\"publisher\":{\"@id\":\"https:\\\/\\\/www.edfeurope.com\\\/fr\\\/#organization\"},\"potentialAction\":[{\"@type\":\"SearchAction\",\"target\":{\"@type\":\"EntryPoint\",\"urlTemplate\":\"https:\\\/\\\/www.edfeurope.com\\\/fr\\\/?s={search_term_string}\"},\"query-input\":{\"@type\":\"PropertyValueSpecification\",\"valueRequired\":true,\"valueName\":\"search_term_string\"}}],\"inLanguage\":\"fr-FR\"},{\"@type\":\"Organization\",\"@id\":\"https:\\\/\\\/www.edfeurope.com\\\/fr\\\/#organization\",\"name\":\"EDF Europe\",\"url\":\"https:\\\/\\\/www.edfeurope.com\\\/fr\\\/\",\"logo\":{\"@type\":\"ImageObject\",\"inLanguage\":\"fr-FR\",\"@id\":\"https:\\\/\\\/www.edfeurope.com\\\/fr\\\/#\\\/schema\\\/logo\\\/image\\\/\",\"url\":\"https:\\\/\\\/www.edfeurope.com\\\/edf-new\\\/wp-content\\\/uploads\\\/2024\\\/04\\\/edf-logo.svg\",\"contentUrl\":\"https:\\\/\\\/www.edfeurope.com\\\/edf-new\\\/wp-content\\\/uploads\\\/2024\\\/04\\\/edf-logo.svg\",\"width\":\"1024\",\"height\":\"1024\",\"caption\":\"EDF Europe\"},\"image\":{\"@id\":\"https:\\\/\\\/www.edfeurope.com\\\/fr\\\/#\\\/schema\\\/logo\\\/image\\\/\"}}]}<\/script>\n<!-- \/ Yoast SEO plugin. -->","yoast_head_json":{"title":"cookie policy - EDF Europe","description":"Politique de cookies de EDF Europe srl Date d'effet : 07 mai 2025 Nous utilisons des cookies pour am\u00e9liorer votre exp\u00e9rience sur notre site Web \u00e0","robots":{"index":"index","follow":"follow","max-snippet":"max-snippet:-1","max-image-preview":"max-image-preview:large","max-video-preview":"max-video-preview:-1"},"canonical":"https:\/\/www.edfeurope.com\/fr\/cookie-policy\/","og_locale":"fr_FR","og_type":"article","og_title":"cookie policy - EDF Europe","og_description":"Politique de cookies de EDF Europe srl Date d'effet : 07 mai 2025 Nous utilisons des cookies pour am\u00e9liorer votre exp\u00e9rience sur notre site Web \u00e0","og_url":"https:\/\/www.edfeurope.com\/fr\/cookie-policy\/","og_site_name":"EDF Europe","article_modified_time":"2025-06-18T12:33:41+00:00","twitter_card":"summary_large_image","twitter_misc":{"Dur\u00e9e de lecture estim\u00e9e":"4 minutes"},"schema":{"@context":"https:\/\/schema.org","@graph":[{"@type":"WebPage","@id":"https:\/\/www.edfeurope.com\/fr\/cookie-policy\/","url":"https:\/\/www.edfeurope.com\/fr\/cookie-policy\/","name":"cookie policy - EDF Europe","isPartOf":{"@id":"https:\/\/www.edfeurope.com\/fr\/#website"},"datePublished":"2025-05-21T16:03:47+00:00","dateModified":"2025-06-18T12:33:41+00:00","description":"Politique de cookies de EDF Europe srl Date d'effet : 07 mai 2025 Nous utilisons des cookies pour am\u00e9liorer votre exp\u00e9rience sur notre site Web \u00e0","breadcrumb":{"@id":"https:\/\/www.edfeurope.com\/fr\/cookie-policy\/#breadcrumb"},"inLanguage":"fr-FR","potentialAction":[{"@type":"ReadAction","target":["https:\/\/www.edfeurope.com\/fr\/cookie-policy\/"]}]},{"@type":"BreadcrumbList","@id":"https:\/\/www.edfeurope.com\/fr\/cookie-policy\/#breadcrumb","itemListElement":[{"@type":"ListItem","position":1,"name":"Home","item":"https:\/\/www.edfeurope.com\/fr\/"},{"@type":"ListItem","position":2,"name":"cookie policy"}]},{"@type":"WebSite","@id":"https:\/\/www.edfeurope.com\/fr\/#website","url":"https:\/\/www.edfeurope.com\/fr\/","name":"EDF Europe","description":"Corrugated cardboard converting machines","publisher":{"@id":"https:\/\/www.edfeurope.com\/fr\/#organization"},"potentialAction":[{"@type":"SearchAction","target":{"@type":"EntryPoint","urlTemplate":"https:\/\/www.edfeurope.com\/fr\/?s={search_term_string}"},"query-input":{"@type":"PropertyValueSpecification","valueRequired":true,"valueName":"search_term_string"}}],"inLanguage":"fr-FR"},{"@type":"Organization","@id":"https:\/\/www.edfeurope.com\/fr\/#organization","name":"EDF Europe","url":"https:\/\/www.edfeurope.com\/fr\/","logo":{"@type":"ImageObject","inLanguage":"fr-FR","@id":"https:\/\/www.edfeurope.com\/fr\/#\/schema\/logo\/image\/","url":"https:\/\/www.edfeurope.com\/edf-new\/wp-content\/uploads\/2024\/04\/edf-logo.svg","contentUrl":"https:\/\/www.edfeurope.com\/edf-new\/wp-content\/uploads\/2024\/04\/edf-logo.svg","width":"1024","height":"1024","caption":"EDF Europe"},"image":{"@id":"https:\/\/www.edfeurope.com\/fr\/#\/schema\/logo\/image\/"}}]}},"_links":{"self":[{"href":"https:\/\/www.edfeurope.com\/fr\/wp-json\/wp\/v2\/pages\/6036","targetHints":{"allow":["GET"]}}],"collection":[{"href":"https:\/\/www.edfeurope.com\/fr\/wp-json\/wp\/v2\/pages"}],"about":[{"href":"https:\/\/www.edfeurope.com\/fr\/wp-json\/wp\/v2\/types\/page"}],"author":[{"embeddable":true,"href":"https:\/\/www.edfeurope.com\/fr\/wp-json\/wp\/v2\/users\/1"}],"replies":[{"embeddable":true,"href":"https:\/\/www.edfeurope.com\/fr\/wp-json\/wp\/v2\/comments?post=6036"}],"version-history":[{"count":1,"href":"https:\/\/www.edfeurope.com\/fr\/wp-json\/wp\/v2\/pages\/6036\/revisions"}],"predecessor-version":[{"id":6039,"href":"https:\/\/www.edfeurope.com\/fr\/wp-json\/wp\/v2\/pages\/6036\/revisions\/6039"}],"wp:attachment":[{"href":"https:\/\/www.edfeurope.com\/fr\/wp-json\/wp\/v2\/media?parent=6036"}],"curies":[{"name":"wp","href":"https:\/\/api.w.org\/{rel}","templated":true}]}}