{"id":861,"date":"2024-04-02T15:06:36","date_gmt":"2024-04-02T13:06:36","guid":{"rendered":"https:\/\/www.edfeurope.com\/chi-siamo\/"},"modified":"2024-04-16T16:55:11","modified_gmt":"2024-04-16T14:55:11","slug":"a-propos-de-nous","status":"publish","type":"page","link":"https:\/\/www.edfeurope.com\/fr\/a-propos-de-nous\/","title":{"rendered":"\u00c0 propos de nous"},"content":{"rendered":"<div id=\"home\">\n<div class=\"section\">\n<div class=\"row row-grid\">\n<div class=\"box box-text box-blue\">\n<div class=\"box--content\">\n<h1>Un large choix de machines de converting et une gamme exceptionnellement compl\u00e8te de machines p\u00e9riph\u00e9riques<\/h1>\n<p>\t\t\t\t\t<span>Nous fournissons \u00e0 l&rsquo;industrie de l&#8217;emballage en carton ondul\u00e9 un choix particuli\u00e8rement \u00e9tendu de machines de converting et une vaste gamme de machines p\u00e9riph\u00e9riques. Notre offre est si vaste, articul\u00e9e et \u00e9volutive qu&rsquo;elle couvre tous les besoins d&rsquo;une ligne de production compl\u00e8te, du d\u00e9but \u00e0 la fin du processus. <\/span>\n\t\t\t\t<\/div>\n<\/p><\/div>\n<div class=\"box box-img\">\n\t\t\t\t<img decoding=\"async\" src=\"\/edf-new\/wp-content\/uploads\/2024\/04\/edf-chi_siamo-01.jpg\" alt=\"EDF Europe - Un large choix de machines de converting et une gamme exceptionnellement compl\u00e8te de machines p\u00e9riph\u00e9riques\">\n\t\t\t<\/div>\n<\/p><\/div>\n<\/p><\/div>\n<div class=\"section\">\n<div class=\"row row-grid\">\n<div class=\"box box-img\">\n\t\t\t\t<img decoding=\"async\" src=\"\/edf-new\/wp-content\/uploads\/2024\/04\/edf-chi_siamo-02.jpg\" alt=\"EDF Europe - Nos solutions de converting comprennent des d\u00e9coupeurs rotatifs, des casemaker et des machines d'impression\">\n\t\t\t<\/div>\n<div class=\"box box-text\">\n<div class=\"box--content\">\n\t\t\t\t\t<span>Nos solutions de converting comprennent des d\u00e9coupeurs rotatifs, des casemaker et des machines d&rsquo;impression, tous des syst\u00e8mes hautement productifs, s\u00fbrs pour les op\u00e9rateurs et con\u00e7us pour \u00eatre g\u00e9r\u00e9s selon les crit\u00e8res de contr\u00f4le, de r\u00e9glage et de diagnostic les plus avanc\u00e9s.<\/p>\n<p>Nous fabriquons des machines p\u00e9riph\u00e9riques pour le chargement, l&#8217;empilage et la collecte, la s\u00e9paration et la palettisation, destin\u00e9es \u00e0 s&rsquo;int\u00e9grer parfaitement aux machines d&rsquo;autres fabricants, ainsi qu&rsquo;\u00e0 n&rsquo;importe quelle ligne de production selon une logique de syst\u00e8me.<\/p>\n<p>\u00c0 la qualit\u00e9, assur\u00e9e par l&rsquo;utilisation des meilleurs mat\u00e9riaux et la pr\u00e9cision des processus de fabrication, nous associons l&rsquo;innovation, fruit de notre capacit\u00e9 \u00e0 saisir \u00e0 l&rsquo;avance les changements du secteur et \u00e0 d\u00e9velopper des r\u00e9ponses technologiques toujours \u00e0 la hauteur des exigences.<\/span>\n\t\t\t\t<\/div>\n<\/p><\/div>\n<\/p><\/div>\n<\/p><\/div>\n<div class=\"section\">\n<div class=\"row row-grid\">\n<div class=\"box box-text\">\n<div class=\"box--content\">\n\t\t\t\t\t<span>Nous r\u00e9pondons aux requ\u00eates des clients avec des solutions qui combinent les garanties exig\u00e9es par les normes sectorielles avec le meilleur respect possible de la sp\u00e9cificit\u00e9 des exigences, notamment en termes de flexibilit\u00e9 op\u00e9rationnelle et d&rsquo;adaptabilit\u00e9 aux caract\u00e9ristiques des espaces de production. <\/p>\n<p>Notre service de conseil est une aide pr\u00e9cieuse pour ceux qui se tournent vers nous afin de d\u00e9finir la meilleure solution pour composer la ligne de production de mani\u00e8re \u00e0 ce qu&rsquo;elle soit plus efficace et plus rentable en termes de gestion. <\/p>\n<p>L&rsquo;un de nos atouts est notre service apr\u00e8s-vente, organis\u00e9 pour r\u00e9pondre rapidement \u00e0 toute demande d&rsquo;assistance gr\u00e2ce \u00e0 des ressources qualifi\u00e9es et \u00e0 des outils avanc\u00e9s.<\/span>\n\t\t\t\t<\/div>\n<\/p><\/div>\n<div class=\"box box-img\">\n\t\t\t\t<img decoding=\"async\" src=\"\/edf-new\/wp-content\/uploads\/2024\/04\/edf-chi_siamo-03.jpg\" alt=\"EDF Europe - Nous r\u00e9pondons aux requ\u00eates des clients\">\n\t\t\t<\/div>\n<\/p><\/div>\n<\/p><\/div>\n<div class=\"section\">\n<div class=\"row row-grid pad-top\">\n<div class=\"box box-text box-blue\">\n<div class=\"box--content\">\n<h2>La valeur d&rsquo;un savoir-faire enracin\u00e9 dans la culture industrielle italienne de Castaldini Group<\/h2>\n<p>\t\t\t\t\t<span>Notre pr\u00e9sent est l&rsquo;aboutissement d&rsquo;une histoire qui a commenc\u00e9 il y a plus d&rsquo;un demi-si\u00e8cle avec la fondation de <b>Castaldini Group<\/b>, une r\u00e9alit\u00e9 prestigieuse connue pour sa sp\u00e9cialisation dans la conception et la production de machines p\u00e9riph\u00e9riques, et qui s&rsquo;est poursuivie avec l&rsquo;acquisition de l&rsquo;entreprise en 2009 par le groupe <b>Dongfang Precision<\/b>, dont le leadership international dans le domaine des d\u00e9coupeurs rotatifs et des machines d&rsquo;impression flexographique sur carton ondul\u00e9 constitue une garantie suppl\u00e9mentaire pour ceux qui se tournent vers la soci\u00e9t\u00e9 italienne.<\/p>\n<p>Notre savoir-faire est enracin\u00e9 dans une culture industrielle \u00e0 matrice italienne, o\u00f9 l&rsquo;inventivit\u00e9 appliqu\u00e9e \u00e0 la technologie et \u00e0 la r\u00e9solution de probl\u00e8mes se marie \u00e0 un souci du d\u00e9tail qui se manifeste \u00e9galement dans les choix esth\u00e9tiques, comme en t\u00e9moigne le design \u00e9l\u00e9gamment essentiel qui \u00ab habille \u00bb la fonctionnalit\u00e9 de nos machines.<br \/>\n            <\/span>\n\t\t\t\t<\/div>\n<\/p><\/div>\n<div class=\"box box-img\">\n\t\t\t\t<img decoding=\"async\" src=\"\/edf-new\/wp-content\/uploads\/2024\/04\/edf-chi_siamo-04.jpg\" alt=\"EDF Europe - La valeur d'un savoir-faire enracin\u00e9 dans la culture industrielle italienne de Castaldini Group\">\n\t\t\t<\/div>\n<\/p><\/div>\n<\/p><\/div>\n<\/div>\n","protected":false},"excerpt":{"rendered":"<p>Un large choix de machines de converting et une gamme exceptionnellement compl\u00e8te de machines p\u00e9riph\u00e9riques Nous fournissons \u00e0 l&rsquo;industrie de l&#8217;emballage en carton ondul\u00e9 un choix particuli\u00e8rement \u00e9tendu de machines de converting et une vaste gamme de machines p\u00e9riph\u00e9riques. Notre offre est si vaste, articul\u00e9e et \u00e9volutive qu&rsquo;elle couvre tous les besoins d&rsquo;une ligne de [&hellip;]<\/p>\n","protected":false},"author":1,"featured_media":0,"parent":0,"menu_order":0,"comment_status":"closed","ping_status":"closed","template":"","meta":{"_acf_changed":false,"inline_featured_image":false,"footnotes":""},"class_list":["post-861","page","type-page","status-publish","hentry"],"acf":[],"yoast_head":"<!-- This site is optimized with the Yoast SEO plugin v27.5 - https:\/\/yoast.com\/product\/yoast-seo-wordpress\/ -->\n<title>\u00c0 propos de nous - EDF Europe<\/title>\n<meta name=\"description\" content=\"Un large choix de machines de converting et une gamme exceptionnellement compl\u00e8te de machines p\u00e9riph\u00e9riques Nous fournissons \u00e0 l&#039;industrie de l&#039;emballage\" \/>\n<meta name=\"robots\" content=\"index, follow, max-snippet:-1, max-image-preview:large, max-video-preview:-1\" \/>\n<link rel=\"canonical\" href=\"https:\/\/www.edfeurope.com\/fr\/a-propos-de-nous\/\" \/>\n<meta property=\"og:locale\" content=\"fr_FR\" \/>\n<meta property=\"og:type\" content=\"article\" \/>\n<meta property=\"og:title\" content=\"\u00c0 propos de nous - EDF Europe\" \/>\n<meta property=\"og:description\" content=\"Un large choix de machines de converting et une gamme exceptionnellement compl\u00e8te de machines p\u00e9riph\u00e9riques Nous fournissons \u00e0 l&#039;industrie de l&#039;emballage\" \/>\n<meta property=\"og:url\" content=\"https:\/\/www.edfeurope.com\/fr\/a-propos-de-nous\/\" \/>\n<meta property=\"og:site_name\" content=\"EDF Europe\" \/>\n<meta property=\"article:modified_time\" content=\"2024-04-16T14:55:11+00:00\" \/>\n<meta name=\"twitter:card\" content=\"summary_large_image\" \/>\n<meta name=\"twitter:label1\" content=\"Dur\u00e9e de lecture estim\u00e9e\" \/>\n\t<meta name=\"twitter:data1\" content=\"3 minutes\" \/>\n<script type=\"application\/ld+json\" class=\"yoast-schema-graph\">{\"@context\":\"https:\\\/\\\/schema.org\",\"@graph\":[{\"@type\":\"WebPage\",\"@id\":\"https:\\\/\\\/www.edfeurope.com\\\/fr\\\/a-propos-de-nous\\\/\",\"url\":\"https:\\\/\\\/www.edfeurope.com\\\/fr\\\/a-propos-de-nous\\\/\",\"name\":\"\u00c0 propos de nous - EDF Europe\",\"isPartOf\":{\"@id\":\"https:\\\/\\\/www.edfeurope.com\\\/fr\\\/#website\"},\"datePublished\":\"2024-04-02T13:06:36+00:00\",\"dateModified\":\"2024-04-16T14:55:11+00:00\",\"description\":\"Un large choix de machines de converting et une gamme exceptionnellement compl\u00e8te de machines p\u00e9riph\u00e9riques Nous fournissons \u00e0 l'industrie de l'emballage\",\"breadcrumb\":{\"@id\":\"https:\\\/\\\/www.edfeurope.com\\\/fr\\\/a-propos-de-nous\\\/#breadcrumb\"},\"inLanguage\":\"fr-FR\",\"potentialAction\":[{\"@type\":\"ReadAction\",\"target\":[\"https:\\\/\\\/www.edfeurope.com\\\/fr\\\/a-propos-de-nous\\\/\"]}]},{\"@type\":\"BreadcrumbList\",\"@id\":\"https:\\\/\\\/www.edfeurope.com\\\/fr\\\/a-propos-de-nous\\\/#breadcrumb\",\"itemListElement\":[{\"@type\":\"ListItem\",\"position\":1,\"name\":\"Home\",\"item\":\"https:\\\/\\\/www.edfeurope.com\\\/fr\\\/\"},{\"@type\":\"ListItem\",\"position\":2,\"name\":\"\u00c0 propos de nous\"}]},{\"@type\":\"WebSite\",\"@id\":\"https:\\\/\\\/www.edfeurope.com\\\/fr\\\/#website\",\"url\":\"https:\\\/\\\/www.edfeurope.com\\\/fr\\\/\",\"name\":\"EDF Europe\",\"description\":\"Corrugated cardboard converting machines\",\"publisher\":{\"@id\":\"https:\\\/\\\/www.edfeurope.com\\\/fr\\\/#organization\"},\"potentialAction\":[{\"@type\":\"SearchAction\",\"target\":{\"@type\":\"EntryPoint\",\"urlTemplate\":\"https:\\\/\\\/www.edfeurope.com\\\/fr\\\/?s={search_term_string}\"},\"query-input\":{\"@type\":\"PropertyValueSpecification\",\"valueRequired\":true,\"valueName\":\"search_term_string\"}}],\"inLanguage\":\"fr-FR\"},{\"@type\":\"Organization\",\"@id\":\"https:\\\/\\\/www.edfeurope.com\\\/fr\\\/#organization\",\"name\":\"EDF Europe\",\"url\":\"https:\\\/\\\/www.edfeurope.com\\\/fr\\\/\",\"logo\":{\"@type\":\"ImageObject\",\"inLanguage\":\"fr-FR\",\"@id\":\"https:\\\/\\\/www.edfeurope.com\\\/fr\\\/#\\\/schema\\\/logo\\\/image\\\/\",\"url\":\"https:\\\/\\\/www.edfeurope.com\\\/edf-new\\\/wp-content\\\/uploads\\\/2024\\\/04\\\/edf-logo.svg\",\"contentUrl\":\"https:\\\/\\\/www.edfeurope.com\\\/edf-new\\\/wp-content\\\/uploads\\\/2024\\\/04\\\/edf-logo.svg\",\"width\":\"1024\",\"height\":\"1024\",\"caption\":\"EDF Europe\"},\"image\":{\"@id\":\"https:\\\/\\\/www.edfeurope.com\\\/fr\\\/#\\\/schema\\\/logo\\\/image\\\/\"}}]}<\/script>\n<!-- \/ Yoast SEO plugin. -->","yoast_head_json":{"title":"\u00c0 propos de nous - EDF Europe","description":"Un large choix de machines de converting et une gamme exceptionnellement compl\u00e8te de machines p\u00e9riph\u00e9riques Nous fournissons \u00e0 l'industrie de l'emballage","robots":{"index":"index","follow":"follow","max-snippet":"max-snippet:-1","max-image-preview":"max-image-preview:large","max-video-preview":"max-video-preview:-1"},"canonical":"https:\/\/www.edfeurope.com\/fr\/a-propos-de-nous\/","og_locale":"fr_FR","og_type":"article","og_title":"\u00c0 propos de nous - EDF Europe","og_description":"Un large choix de machines de converting et une gamme exceptionnellement compl\u00e8te de machines p\u00e9riph\u00e9riques Nous fournissons \u00e0 l'industrie de l'emballage","og_url":"https:\/\/www.edfeurope.com\/fr\/a-propos-de-nous\/","og_site_name":"EDF Europe","article_modified_time":"2024-04-16T14:55:11+00:00","twitter_card":"summary_large_image","twitter_misc":{"Dur\u00e9e de lecture estim\u00e9e":"3 minutes"},"schema":{"@context":"https:\/\/schema.org","@graph":[{"@type":"WebPage","@id":"https:\/\/www.edfeurope.com\/fr\/a-propos-de-nous\/","url":"https:\/\/www.edfeurope.com\/fr\/a-propos-de-nous\/","name":"\u00c0 propos de nous - EDF Europe","isPartOf":{"@id":"https:\/\/www.edfeurope.com\/fr\/#website"},"datePublished":"2024-04-02T13:06:36+00:00","dateModified":"2024-04-16T14:55:11+00:00","description":"Un large choix de machines de converting et une gamme exceptionnellement compl\u00e8te de machines p\u00e9riph\u00e9riques Nous fournissons \u00e0 l'industrie de l'emballage","breadcrumb":{"@id":"https:\/\/www.edfeurope.com\/fr\/a-propos-de-nous\/#breadcrumb"},"inLanguage":"fr-FR","potentialAction":[{"@type":"ReadAction","target":["https:\/\/www.edfeurope.com\/fr\/a-propos-de-nous\/"]}]},{"@type":"BreadcrumbList","@id":"https:\/\/www.edfeurope.com\/fr\/a-propos-de-nous\/#breadcrumb","itemListElement":[{"@type":"ListItem","position":1,"name":"Home","item":"https:\/\/www.edfeurope.com\/fr\/"},{"@type":"ListItem","position":2,"name":"\u00c0 propos de nous"}]},{"@type":"WebSite","@id":"https:\/\/www.edfeurope.com\/fr\/#website","url":"https:\/\/www.edfeurope.com\/fr\/","name":"EDF Europe","description":"Corrugated cardboard converting machines","publisher":{"@id":"https:\/\/www.edfeurope.com\/fr\/#organization"},"potentialAction":[{"@type":"SearchAction","target":{"@type":"EntryPoint","urlTemplate":"https:\/\/www.edfeurope.com\/fr\/?s={search_term_string}"},"query-input":{"@type":"PropertyValueSpecification","valueRequired":true,"valueName":"search_term_string"}}],"inLanguage":"fr-FR"},{"@type":"Organization","@id":"https:\/\/www.edfeurope.com\/fr\/#organization","name":"EDF Europe","url":"https:\/\/www.edfeurope.com\/fr\/","logo":{"@type":"ImageObject","inLanguage":"fr-FR","@id":"https:\/\/www.edfeurope.com\/fr\/#\/schema\/logo\/image\/","url":"https:\/\/www.edfeurope.com\/edf-new\/wp-content\/uploads\/2024\/04\/edf-logo.svg","contentUrl":"https:\/\/www.edfeurope.com\/edf-new\/wp-content\/uploads\/2024\/04\/edf-logo.svg","width":"1024","height":"1024","caption":"EDF Europe"},"image":{"@id":"https:\/\/www.edfeurope.com\/fr\/#\/schema\/logo\/image\/"}}]}},"_links":{"self":[{"href":"https:\/\/www.edfeurope.com\/fr\/wp-json\/wp\/v2\/pages\/861","targetHints":{"allow":["GET"]}}],"collection":[{"href":"https:\/\/www.edfeurope.com\/fr\/wp-json\/wp\/v2\/pages"}],"about":[{"href":"https:\/\/www.edfeurope.com\/fr\/wp-json\/wp\/v2\/types\/page"}],"author":[{"embeddable":true,"href":"https:\/\/www.edfeurope.com\/fr\/wp-json\/wp\/v2\/users\/1"}],"replies":[{"embeddable":true,"href":"https:\/\/www.edfeurope.com\/fr\/wp-json\/wp\/v2\/comments?post=861"}],"version-history":[{"count":2,"href":"https:\/\/www.edfeurope.com\/fr\/wp-json\/wp\/v2\/pages\/861\/revisions"}],"predecessor-version":[{"id":867,"href":"https:\/\/www.edfeurope.com\/fr\/wp-json\/wp\/v2\/pages\/861\/revisions\/867"}],"wp:attachment":[{"href":"https:\/\/www.edfeurope.com\/fr\/wp-json\/wp\/v2\/media?parent=861"}],"curies":[{"name":"wp","href":"https:\/\/api.w.org\/{rel}","templated":true}]}}